{"id":59509,"date":"2026-03-17T09:08:18","date_gmt":"2026-03-17T08:08:18","guid":{"rendered":"https:\/\/sundar.be\/product\/pedibaehr-tubifoam\/"},"modified":"2026-03-19T08:08:34","modified_gmt":"2026-03-19T07:08:34","slug":"pedibaehr-tubifoam","status":"publish","type":"product","link":"https:\/\/sundar.be\/fr\/produit\/pedibaehr-tubifoam\/","title":{"rendered":"PEDIBAEHR Tubifoam"},"content":{"rendered":"<p>Fabriqu\u00e9 en mousse de polyur\u00e9thane douce et respectueuse de la peau, partiellement superpos\u00e9e et doubl\u00e9e d\u2019un tissu en coton. Protection polyvalente, ajustable et ind\u00e9formable. Peut \u00eatre d\u00e9coup\u00e9 sur mesure, par exemple comme protection pour les orteils. R\u00e9duit la pression et les frottements sur les orteils.   <\/p>\n","protected":false},"excerpt":{"rendered":"<p>Fabriqu\u00e9 en mousse de polyur\u00e9thane douce et respectueuse de la peau, partiellement superpos\u00e9e et doubl\u00e9e d\u2019un tissu en coton. Protection polyvalente, ajustable et ind\u00e9formable. Peut \u00eatre d\u00e9coup\u00e9 sur mesure, par exemple comme protection pour les orteils. R\u00e9duit la pression et les frottements sur les orteils.<\/p>\n","protected":false},"featured_media":59508,"comment_status":"open","ping_status":"closed","template":"","meta":{"_acf_changed":false},"product_brand":[],"product_cat":[5049,5048,5271,4972,6275,6057,6279,4755,4999],"product_tag":[],"class_list":{"0":"post-59509","1":"product","2":"type-product","3":"status-publish","4":"has-post-thumbnail","6":"product_cat-anti-pression","7":"product_cat-antipression-orthese","8":"product_cat-cors-au-pieds","9":"product_cat-nos-marques","10":"product_cat-orteils-en-marteau","11":"product_cat-pedibaehr-fr","12":"product_cat-anti-pression-pedibaehr","13":"product_cat-pedicure","14":"product_cat-soins-specifique-pieds","15":"pa_maat-a-15-mm-simple","16":"pa_maat-ax-15mm-double","17":"pa_maat-b-18mm-simple","18":"pa_maat-bx-18mm-double","19":"pa_maat-c-21-mm-simple","20":"pa_maat-cx-21-mm-double","21":"pa_maat-d-25-mm-simple","22":"pa_maat-dx-25-mm-double","24":"first","25":"instock","26":"taxable","27":"shipping-taxable","28":"product-type-variable"},"acf":[],"_links":{"self":[{"href":"https:\/\/sundar.be\/fr\/wp-json\/wp\/v2\/product\/59509","targetHints":{"allow":["GET"]}}],"collection":[{"href":"https:\/\/sundar.be\/fr\/wp-json\/wp\/v2\/product"}],"about":[{"href":"https:\/\/sundar.be\/fr\/wp-json\/wp\/v2\/types\/product"}],"replies":[{"embeddable":true,"href":"https:\/\/sundar.be\/fr\/wp-json\/wp\/v2\/comments?post=59509"}],"wp:featuredmedia":[{"embeddable":true,"href":"https:\/\/sundar.be\/fr\/wp-json\/wp\/v2\/media\/59508"}],"wp:attachment":[{"href":"https:\/\/sundar.be\/fr\/wp-json\/wp\/v2\/media?parent=59509"}],"wp:term":[{"taxonomy":"product_brand","embeddable":true,"href":"https:\/\/sundar.be\/fr\/wp-json\/wp\/v2\/product_brand?post=59509"},{"taxonomy":"product_cat","embeddable":true,"href":"https:\/\/sundar.be\/fr\/wp-json\/wp\/v2\/product_cat?post=59509"},{"taxonomy":"product_tag","embeddable":true,"href":"https:\/\/sundar.be\/fr\/wp-json\/wp\/v2\/product_tag?post=59509"}],"curies":[{"name":"wp","href":"https:\/\/api.w.org\/{rel}","templated":true}]}}