{"id":59503,"date":"2026-03-17T13:19:03","date_gmt":"2026-03-17T12:19:03","guid":{"rendered":"https:\/\/sundar.be\/product\/unguisan-plaque-dongle-125x125-cm\/"},"modified":"2026-03-17T14:18:47","modified_gmt":"2026-03-17T13:18:47","slug":"unguisan-plaque-dongle-125x125-cm","status":"publish","type":"product","link":"https:\/\/sundar.be\/fr\/produit\/unguisan-plaque-dongle-125x125-cm\/","title":{"rendered":"Unguisan Plaque d&rsquo;Ongle 12,5&#215;12,5 cm"},"content":{"rendered":"<p>Plaque pour la fabrication de proth\u00e8ses ungu\u00e9ales.<\/p>\n<p>Voir ici la <a style=\"color: #557e96;\" href=\"https:\/\/youtu.be\/WtfIPWQHP6k?feature=shared\" target=\"_blank\" rel=\"noopener\">vid\u00e9o d\u2019application<\/a>.<\/p>\n","protected":false},"excerpt":{"rendered":"<p>Plaque pour la fabrication de proth\u00e8ses ungu\u00e9ales. Voir ici la vid\u00e9o d\u2019application.<\/p>\n","protected":false},"featured_media":59500,"comment_status":"open","ping_status":"closed","template":"","meta":{"_acf_changed":false},"product_brand":[],"product_cat":[4755,5059,5061],"product_tag":[],"class_list":{"0":"post-59503","1":"product","2":"type-product","3":"status-publish","4":"has-post-thumbnail","6":"product_cat-pedicure","7":"product_cat-reparation-ongles","8":"product_cat-reparation-unguisan","10":"first","11":"instock","12":"taxable","13":"shipping-taxable","14":"product-type-simple"},"acf":[],"_links":{"self":[{"href":"https:\/\/sundar.be\/fr\/wp-json\/wp\/v2\/product\/59503","targetHints":{"allow":["GET"]}}],"collection":[{"href":"https:\/\/sundar.be\/fr\/wp-json\/wp\/v2\/product"}],"about":[{"href":"https:\/\/sundar.be\/fr\/wp-json\/wp\/v2\/types\/product"}],"replies":[{"embeddable":true,"href":"https:\/\/sundar.be\/fr\/wp-json\/wp\/v2\/comments?post=59503"}],"wp:featuredmedia":[{"embeddable":true,"href":"https:\/\/sundar.be\/fr\/wp-json\/wp\/v2\/media\/59500"}],"wp:attachment":[{"href":"https:\/\/sundar.be\/fr\/wp-json\/wp\/v2\/media?parent=59503"}],"wp:term":[{"taxonomy":"product_brand","embeddable":true,"href":"https:\/\/sundar.be\/fr\/wp-json\/wp\/v2\/product_brand?post=59503"},{"taxonomy":"product_cat","embeddable":true,"href":"https:\/\/sundar.be\/fr\/wp-json\/wp\/v2\/product_cat?post=59503"},{"taxonomy":"product_tag","embeddable":true,"href":"https:\/\/sundar.be\/fr\/wp-json\/wp\/v2\/product_tag?post=59503"}],"curies":[{"name":"wp","href":"https:\/\/api.w.org\/{rel}","templated":true}]}}