{"id":59498,"date":"2026-03-17T13:01:07","date_gmt":"2026-03-17T12:01:07","guid":{"rendered":"https:\/\/sundar.be\/product\/unguisan-classic-starterset\/"},"modified":"2026-03-17T13:12:21","modified_gmt":"2026-03-17T12:12:21","slug":"unguisan-classic-starterset","status":"publish","type":"product","link":"https:\/\/sundar.be\/fr\/produit\/unguisan-classic-starterset\/","title":{"rendered":"Unguisan Classic Starterset"},"content":{"rendered":"<p class=\"isSelectedEnd\"><span style=\"color: #557e96;\"><strong>Unguisan Classic \u2013 Proth\u00e8se ungu\u00e9ale professionnelle pour restauration et esth\u00e9tique<\/strong><\/span><\/p>\n<p>Unguisan Classic est une r\u00e9sine (plastique) de haute qualit\u00e9 sp\u00e9cialement con\u00e7ue pour la r\u00e9alisation de <strong>proth\u00e8ses ungu\u00e9ales<\/strong> sur des ongles ab\u00eem\u00e9s, partiellement absents ou d\u00e9form\u00e9s. Ce syst\u00e8me permet de cr\u00e9er, de mani\u00e8re s\u00fbre et hygi\u00e9nique, <strong>un ongle de remplacement naturel et fonctionnel<\/strong>. Unguisan Classic est facile \u00e0 modeler et durcit chimiquement (sans lampe), ce qui le rend id\u00e9al pour une utilisation professionnelle en p\u00e9dicurie et podologie.  <\/p>\n<p><strong>Contenu:<\/strong><\/p>\n<ul>\n<li>UNGUISAN Fluide de cure<\/li>\n<li>UNGUISAN poudre<\/li>\n<li>Pipette en verre<\/li>\n<li>Cuill\u00e8re \u00e0 mesurer<\/li>\n<li>Plaque de l&rsquo;ongle<\/li>\n<li>Spatule de m\u00e9lange<\/li>\n<li>Bandes de cellophane<\/li>\n<li>R\u00e9cipient de m\u00e9lange<\/li>\n<li>USB-stick<\/li>\n<li>Mode d&#8217;emploi<\/li>\n<\/ul>\n","protected":false},"excerpt":{"rendered":"<p><span style=\"color: #557e96;\"><strong>Unguisan Classic<\/strong><\/span> est la solution fiable pour reconstruire professionnellement les ongles et restaurer \u00e0 la fois leur fonction et leur apparence.<\/p>\n","protected":false},"featured_media":59496,"comment_status":"open","ping_status":"closed","template":"","meta":{"_acf_changed":false},"product_brand":[],"product_cat":[5274,4755,5059,4999,5061],"product_tag":[],"class_list":{"0":"post-59498","1":"product","2":"type-product","3":"status-publish","4":"has-post-thumbnail","6":"product_cat-ongles-incarnes","7":"product_cat-pedicure","8":"product_cat-reparation-ongles","9":"product_cat-soins-specifique-pieds","10":"product_cat-reparation-unguisan","12":"first","13":"instock","14":"taxable","15":"shipping-taxable","16":"product-type-simple"},"acf":[],"_links":{"self":[{"href":"https:\/\/sundar.be\/fr\/wp-json\/wp\/v2\/product\/59498","targetHints":{"allow":["GET"]}}],"collection":[{"href":"https:\/\/sundar.be\/fr\/wp-json\/wp\/v2\/product"}],"about":[{"href":"https:\/\/sundar.be\/fr\/wp-json\/wp\/v2\/types\/product"}],"replies":[{"embeddable":true,"href":"https:\/\/sundar.be\/fr\/wp-json\/wp\/v2\/comments?post=59498"}],"wp:featuredmedia":[{"embeddable":true,"href":"https:\/\/sundar.be\/fr\/wp-json\/wp\/v2\/media\/59496"}],"wp:attachment":[{"href":"https:\/\/sundar.be\/fr\/wp-json\/wp\/v2\/media?parent=59498"}],"wp:term":[{"taxonomy":"product_brand","embeddable":true,"href":"https:\/\/sundar.be\/fr\/wp-json\/wp\/v2\/product_brand?post=59498"},{"taxonomy":"product_cat","embeddable":true,"href":"https:\/\/sundar.be\/fr\/wp-json\/wp\/v2\/product_cat?post=59498"},{"taxonomy":"product_tag","embeddable":true,"href":"https:\/\/sundar.be\/fr\/wp-json\/wp\/v2\/product_tag?post=59498"}],"curies":[{"name":"wp","href":"https:\/\/api.w.org\/{rel}","templated":true}]}}