{"id":59492,"date":"2026-03-17T11:38:48","date_gmt":"2026-03-17T10:38:48","guid":{"rendered":"https:\/\/sundar.be\/product\/unguisan-blue-light-lampe-led\/"},"modified":"2026-03-17T11:52:24","modified_gmt":"2026-03-17T10:52:24","slug":"unguisan-blue-light-lampe-led","status":"publish","type":"product","link":"https:\/\/sundar.be\/fr\/produit\/unguisan-blue-light-lampe-led\/","title":{"rendered":"Unguisan Blue Light Lampe LED"},"content":{"rendered":"<p>Pour le durcissement ultra-rapide du gel Unguisan, utilisez la lampe LED sp\u00e9cialement d\u00e9velopp\u00e9e. Appliquez le gel sous l\u2019ongle, laissez durcir pendant 20 secondes, et c\u2019est pr\u00eat.  <\/p>\n","protected":false},"excerpt":{"rendered":"<p>Pour le durcissement ultra-rapide du gel Unguisan, utilisez la lampe LED sp\u00e9cialement d\u00e9velopp\u00e9e. Appliquez le gel sous l\u2019ongle, laissez durcir pendant 20 secondes, et c\u2019est pr\u00eat.<\/p>\n","protected":false},"featured_media":59489,"comment_status":"open","ping_status":"closed","template":"","meta":{"_acf_changed":false},"product_brand":[],"product_cat":[4755,5059,5061],"product_tag":[],"class_list":{"0":"post-59492","1":"product","2":"type-product","3":"status-publish","4":"has-post-thumbnail","6":"product_cat-pedicure","7":"product_cat-reparation-ongles","8":"product_cat-reparation-unguisan","10":"first","11":"instock","12":"taxable","13":"shipping-taxable","14":"product-type-simple"},"acf":[],"_links":{"self":[{"href":"https:\/\/sundar.be\/fr\/wp-json\/wp\/v2\/product\/59492","targetHints":{"allow":["GET"]}}],"collection":[{"href":"https:\/\/sundar.be\/fr\/wp-json\/wp\/v2\/product"}],"about":[{"href":"https:\/\/sundar.be\/fr\/wp-json\/wp\/v2\/types\/product"}],"replies":[{"embeddable":true,"href":"https:\/\/sundar.be\/fr\/wp-json\/wp\/v2\/comments?post=59492"}],"wp:featuredmedia":[{"embeddable":true,"href":"https:\/\/sundar.be\/fr\/wp-json\/wp\/v2\/media\/59489"}],"wp:attachment":[{"href":"https:\/\/sundar.be\/fr\/wp-json\/wp\/v2\/media?parent=59492"}],"wp:term":[{"taxonomy":"product_brand","embeddable":true,"href":"https:\/\/sundar.be\/fr\/wp-json\/wp\/v2\/product_brand?post=59492"},{"taxonomy":"product_cat","embeddable":true,"href":"https:\/\/sundar.be\/fr\/wp-json\/wp\/v2\/product_cat?post=59492"},{"taxonomy":"product_tag","embeddable":true,"href":"https:\/\/sundar.be\/fr\/wp-json\/wp\/v2\/product_tag?post=59492"}],"curies":[{"name":"wp","href":"https:\/\/api.w.org\/{rel}","templated":true}]}}