{"id":59487,"date":"2026-03-17T11:25:20","date_gmt":"2026-03-17T10:25:20","guid":{"rendered":"https:\/\/sundar.be\/product\/unguisan-blue-light-hard-composite-gel-4g\/"},"modified":"2026-03-19T08:11:03","modified_gmt":"2026-03-19T07:11:03","slug":"unguisan-blue-light-hard-composite-gel-4g","status":"publish","type":"product","link":"https:\/\/sundar.be\/fr\/produit\/unguisan-blue-light-hard-composite-gel-4g\/","title":{"rendered":"Unguisan Blue Light Hard Composite Gel, 4g"},"content":{"rendered":"<p class=\"isSelectedEnd\"><span style=\"color: #557e96;\"><strong>Unguisan Blue Light Hard Composite Gel \u2013 R\u00e9paration ungu\u00e9ale forte et durable pour ongles incarn\u00e9s et ab\u00eem\u00e9s<\/strong><\/span><\/p>\n<p>Unguisan Blue Light Hard Composite Gel est un gel composite puissant \u00e0 polym\u00e9risation sous lumi\u00e8re, sp\u00e9cialement con\u00e7u pour les <strong>r\u00e9parations et corrections structurelles des ongles.<\/strong>. Gr\u00e2ce \u00e0 ses propri\u00e9t\u00e9s dures et stables, ce gel est id\u00e9al pour reconstruire des ongles ab\u00eem\u00e9s, stabiliser les bords de l\u2019ongle et soutenir les techniques d\u2019orthonyxie (agrafes). Il durcit rapidement sous lumi\u00e8re LED et offre une solution durable et r\u00e9sistante \u00e0 l\u2019usure pour les traitements professionnels. <\/p>\n","protected":false},"excerpt":{"rendered":"<p><span style=\"color: #557e96;\"><strong>Unguisan Blue Light Hard Composite Gel <\/strong><\/span>est le choix id\u00e9al pour les professionnels recherchant une solution forte, fiable et durable pour la correction et la r\u00e9paration des ongles.<\/p>\n","protected":false},"featured_media":59485,"comment_status":"open","ping_status":"closed","template":"","meta":{"_acf_changed":false},"product_brand":[],"product_cat":[5274,4755,5059,4999,5061],"product_tag":[],"class_list":{"0":"post-59487","1":"product","2":"type-product","3":"status-publish","4":"has-post-thumbnail","6":"product_cat-ongles-incarnes","7":"product_cat-pedicure","8":"product_cat-reparation-ongles","9":"product_cat-soins-specifique-pieds","10":"product_cat-reparation-unguisan","12":"first","13":"instock","14":"taxable","15":"shipping-taxable","16":"product-type-simple"},"acf":[],"_links":{"self":[{"href":"https:\/\/sundar.be\/fr\/wp-json\/wp\/v2\/product\/59487","targetHints":{"allow":["GET"]}}],"collection":[{"href":"https:\/\/sundar.be\/fr\/wp-json\/wp\/v2\/product"}],"about":[{"href":"https:\/\/sundar.be\/fr\/wp-json\/wp\/v2\/types\/product"}],"replies":[{"embeddable":true,"href":"https:\/\/sundar.be\/fr\/wp-json\/wp\/v2\/comments?post=59487"}],"wp:featuredmedia":[{"embeddable":true,"href":"https:\/\/sundar.be\/fr\/wp-json\/wp\/v2\/media\/59485"}],"wp:attachment":[{"href":"https:\/\/sundar.be\/fr\/wp-json\/wp\/v2\/media?parent=59487"}],"wp:term":[{"taxonomy":"product_brand","embeddable":true,"href":"https:\/\/sundar.be\/fr\/wp-json\/wp\/v2\/product_brand?post=59487"},{"taxonomy":"product_cat","embeddable":true,"href":"https:\/\/sundar.be\/fr\/wp-json\/wp\/v2\/product_cat?post=59487"},{"taxonomy":"product_tag","embeddable":true,"href":"https:\/\/sundar.be\/fr\/wp-json\/wp\/v2\/product_tag?post=59487"}],"curies":[{"name":"wp","href":"https:\/\/api.w.org\/{rel}","templated":true}]}}