{"id":59473,"date":"2026-03-17T10:41:28","date_gmt":"2026-03-17T09:41:28","guid":{"rendered":"https:\/\/sundar.be\/product\/unguisan-blue-light-startset\/"},"modified":"2026-03-17T10:45:38","modified_gmt":"2026-03-17T09:45:38","slug":"unguisan-blue-light-startset","status":"publish","type":"product","link":"https:\/\/sundar.be\/fr\/produit\/unguisan-blue-light-startset\/","title":{"rendered":"Unguisan Blue Light Startset"},"content":{"rendered":"<p class=\"isSelectedEnd\"><span style=\"color: #557e96;\"><strong>Unguisan Blue Light Gel \u2013 Correction professionnelle et protection des ongles incarn\u00e9s<\/strong><\/span><\/p>\n<p>Unguisan Blue Light Gel est un gel innovant \u00e0 polym\u00e9risation sous lumi\u00e8re, sp\u00e9cialement d\u00e9velopp\u00e9 pour le traitement et la correction des ongles incarn\u00e9s. Ce gel professionnel est utilis\u00e9 pour fixer solidement les orthonyxies (agrafes \u00e0 ongles) ou comme tampon protecteur sous le bord de l\u2019ongle, r\u00e9duisant ainsi imm\u00e9diatement la pression et la douleur. Gr\u00e2ce \u00e0 sa polym\u00e9risation rapide sous lumi\u00e8re LED, le produit offre un r\u00e9sultat imm\u00e9diat et un confort durable.  <\/p>\n<p><strong>Contenu<\/strong><\/p>\n<ul>\n<li>1x Unguisan Blue Light Gel, 3ml<\/li>\n<li>1x Unguisan HARD Blue Light Compositiegel, 4g<\/li>\n<li>1x Unguisan HARD Blue Light primer, 4ml<\/li>\n<li>1x Unguisan Blue Light LED Lampe<\/li>\n<li>1x Lunettes de protection<\/li>\n<li>Mode d&#8217;emploi<\/li>\n<\/ul>\n","protected":false},"excerpt":{"rendered":"<p><span style=\"color: #557e96;\"><strong>Unguisan Blue Light Gel<\/strong><\/span> offre une solution efficace et confortable pour traiter et pr\u00e9venir les ongles incarn\u00e9s \u2013 id\u00e9al pour toute pratique professionnelle.<\/p>\n","protected":false},"featured_media":59471,"comment_status":"open","ping_status":"closed","template":"","meta":{"_acf_changed":false},"product_brand":[],"product_cat":[5274,4755,5059,4999,5061],"product_tag":[],"class_list":{"0":"post-59473","1":"product","2":"type-product","3":"status-publish","4":"has-post-thumbnail","6":"product_cat-ongles-incarnes","7":"product_cat-pedicure","8":"product_cat-reparation-ongles","9":"product_cat-soins-specifique-pieds","10":"product_cat-reparation-unguisan","12":"first","13":"instock","14":"taxable","15":"shipping-taxable","16":"product-type-simple"},"acf":[],"_links":{"self":[{"href":"https:\/\/sundar.be\/fr\/wp-json\/wp\/v2\/product\/59473","targetHints":{"allow":["GET"]}}],"collection":[{"href":"https:\/\/sundar.be\/fr\/wp-json\/wp\/v2\/product"}],"about":[{"href":"https:\/\/sundar.be\/fr\/wp-json\/wp\/v2\/types\/product"}],"replies":[{"embeddable":true,"href":"https:\/\/sundar.be\/fr\/wp-json\/wp\/v2\/comments?post=59473"}],"wp:featuredmedia":[{"embeddable":true,"href":"https:\/\/sundar.be\/fr\/wp-json\/wp\/v2\/media\/59471"}],"wp:attachment":[{"href":"https:\/\/sundar.be\/fr\/wp-json\/wp\/v2\/media?parent=59473"}],"wp:term":[{"taxonomy":"product_brand","embeddable":true,"href":"https:\/\/sundar.be\/fr\/wp-json\/wp\/v2\/product_brand?post=59473"},{"taxonomy":"product_cat","embeddable":true,"href":"https:\/\/sundar.be\/fr\/wp-json\/wp\/v2\/product_cat?post=59473"},{"taxonomy":"product_tag","embeddable":true,"href":"https:\/\/sundar.be\/fr\/wp-json\/wp\/v2\/product_tag?post=59473"}],"curies":[{"name":"wp","href":"https:\/\/api.w.org\/{rel}","templated":true}]}}