{"id":59337,"date":"2026-03-10T15:35:55","date_gmt":"2026-03-10T14:35:55","guid":{"rendered":"https:\/\/sundar.be\/product\/monteil-display-elixir-metamorphose\/"},"modified":"2026-03-10T15:41:00","modified_gmt":"2026-03-10T14:41:00","slug":"monteil-display-elixir-metamorphose","status":"publish","type":"product","link":"https:\/\/sundar.be\/fr\/produit\/monteil-display-elixir-metamorphose\/","title":{"rendered":"Monteil Display \u00c9lixir M\u00e9tamorphose"},"content":{"rendered":"<p>Par d\u00e9faut, le pr\u00e9sentoir est livr\u00e9 avec le remplissage suivant :<\/p>\n<ul>\n<li>1x \u00c9lixir M\u00e9tamorphose <span style=\"color: #557e96;\"><a style=\"color: #557e96;\" href=\"https:\/\/sundar.be\/fr\/produit\/elixir-metamorphose-collagen-boost-serum-2\/\"><strong>Collagen Boost Serum<\/strong><\/a><\/span><\/li>\n<li>1x \u00c9lixir M\u00e9tamorphose <a href=\"https:\/\/sundar.be\/fr\/produit\/elixir-metamorphose-4-way-hyaluronic-serum\/\"><span style=\"color: #557e96;\"><strong>4-Way Hyaluronic Serum<\/strong><\/span><\/a><\/li>\n<li>1x \u00c9lixir M\u00e9tamorphose <span style=\"color: #557e96;\"><a style=\"color: #557e96;\" href=\"https:\/\/sundar.be\/fr\/produit\/elixir-metamorphose-vitamine-c\/\"><strong>Vitamin C Serum<\/strong><\/a><\/span><\/li>\n<li>1x \u00c9lixir M\u00e9tamorphose <a href=\"https:\/\/sundar.be\/fr\/produit\/elixir-metamorphose-retinol-drops-30ml\/\"><span style=\"color: #557e96;\"><strong>Retinol Drops<\/strong><\/span><\/a><\/li>\n<\/ul>\n<p>Vous pouvez commander s\u00e9par\u00e9ment des anneaux color\u00e9s pour les remplacer dans le pr\u00e9sentoir :<\/p>\n<ul>\n<li>Anneau vert pour le \u00c9lixir M\u00e9tamorphose <a href=\"https:\/\/sundar.be\/fr\/produit\/monteil-elixir-metamorphose-exosome-serum\/\"><span style=\"color: #557e96;\"><strong>Exosome Serum<\/strong><\/span><\/a><\/li>\n<li>Anneau rose pour le \u00c9lixir M\u00e9tamorphose <a href=\"https:\/\/sundar.be\/fr\/produit\/elixir-metamorphose-ceramide-serum\/\"><span style=\"color: #557e96;\"><strong>Ceramide Serum<\/strong><\/span><\/a><\/li>\n<\/ul>\n","protected":false},"excerpt":{"rendered":"<p>Le pr\u00e9sentoir est livr\u00e9 rempli avec 4 s\u00e9rums (collagen, hyaluronic, vitamin C &amp; retinol)<\/p>\n","protected":false},"featured_media":59333,"comment_status":"open","ping_status":"closed","template":"","meta":{"_acf_changed":false},"product_brand":[],"product_cat":[2933,2701,6252,2683,6119,2707],"product_tag":[],"class_list":{"0":"post-59337","1":"product","2":"type-product","3":"status-publish","4":"has-post-thumbnail","6":"product_cat-monteil-accessoires","7":"product_cat-elixir-metamorphose-fr","8":"product_cat-lignes-de-soins-monteil","9":"product_cat-monteil-fr","10":"product_cat-monteil-skinside","11":"product_cat-monteil-professionals-fr","12":"pa_vorm-anneau-vert-exosome","13":"pa_vorm-presentoir-rempli","14":"pa_vorm-roze-ring-ceramide","16":"first","17":"instock","18":"taxable","19":"shipping-taxable","20":"product-type-variable"},"acf":[],"_links":{"self":[{"href":"https:\/\/sundar.be\/fr\/wp-json\/wp\/v2\/product\/59337","targetHints":{"allow":["GET"]}}],"collection":[{"href":"https:\/\/sundar.be\/fr\/wp-json\/wp\/v2\/product"}],"about":[{"href":"https:\/\/sundar.be\/fr\/wp-json\/wp\/v2\/types\/product"}],"replies":[{"embeddable":true,"href":"https:\/\/sundar.be\/fr\/wp-json\/wp\/v2\/comments?post=59337"}],"wp:featuredmedia":[{"embeddable":true,"href":"https:\/\/sundar.be\/fr\/wp-json\/wp\/v2\/media\/59333"}],"wp:attachment":[{"href":"https:\/\/sundar.be\/fr\/wp-json\/wp\/v2\/media?parent=59337"}],"wp:term":[{"taxonomy":"product_brand","embeddable":true,"href":"https:\/\/sundar.be\/fr\/wp-json\/wp\/v2\/product_brand?post=59337"},{"taxonomy":"product_cat","embeddable":true,"href":"https:\/\/sundar.be\/fr\/wp-json\/wp\/v2\/product_cat?post=59337"},{"taxonomy":"product_tag","embeddable":true,"href":"https:\/\/sundar.be\/fr\/wp-json\/wp\/v2\/product_tag?post=59337"}],"curies":[{"name":"wp","href":"https:\/\/api.w.org\/{rel}","templated":true}]}}