{"id":59324,"date":"2026-03-10T14:08:38","date_gmt":"2026-03-10T13:08:38","guid":{"rendered":"https:\/\/sundar.be\/product\/monteil-elixir-metamorphose-exosome-serum\/"},"modified":"2026-03-10T14:55:22","modified_gmt":"2026-03-10T13:55:22","slug":"monteil-elixir-metamorphose-exosome-serum","status":"publish","type":"product","link":"https:\/\/sundar.be\/fr\/produit\/monteil-elixir-metamorphose-exosome-serum\/","title":{"rendered":"Monteil \u00c9lixir M\u00e9tamorphose Exosome Serum"},"content":{"rendered":"<p data-start=\"64\" data-end=\"420\">Le <span style=\"color: #557e96;\"><strong data-start=\"68\" data-end=\"105\">\u00c9lixir M\u00e9tamorphose Exosome Serum<\/strong><\/span> est un s\u00e9rum avanc\u00e9 de renouvellement cutan\u00e9 d\u00e9velopp\u00e9 pour hydrater intens\u00e9ment, r\u00e9parer et revitaliser visiblement la peau. Sa formule innovante associe technologie des exosomes, peptides facteurs de croissance et acide hyaluronique afin de soutenir la structure de la peau et lui offrir une apparence plus jeune. <\/p>\n<p data-start=\"422\" data-end=\"766\">Ce s\u00e9rum puissant aide \u00e0 r\u00e9g\u00e9n\u00e9rer la peau, att\u00e9nuer les ridules et renforcer la barri\u00e8re cutan\u00e9e. Gr\u00e2ce \u00e0 diff\u00e9rentes formes d\u2019acide hyaluronique, la peau est intens\u00e9ment hydrat\u00e9e, tandis que les peptides et les ingr\u00e9dients biotechnologiques stimulent le renouvellement naturel de la peau. La peau para\u00eet ainsi plus repulp\u00e9e, plus lisse et plus lumineuse.  <\/p>\n<p data-start=\"768\" data-end=\"1095\">Le \u00c9lixir M\u00e9tamorphose Exosome Serum est id\u00e9al pour les soins professionnels d\u2019am\u00e9lioration de la peau en institut de beaut\u00e9, mais peut \u00e9galement \u00eatre parfaitement int\u00e9gr\u00e9 dans une routine de soins quotidienne. Le s\u00e9rum p\u00e9n\u00e8tre rapidement, poss\u00e8de une texture l\u00e9g\u00e8re et contribue \u00e0 une peau visiblement plus saine et plus forte. <\/p>\n","protected":false},"excerpt":{"rendered":"<p>Le <span style=\"color: #557e96;\"><strong data-start=\"1131\" data-end=\"1168\">\u00c9lixir M\u00e9tamorphose Exosome Serum<\/strong><\/span> est un s\u00e9rum intens\u00e9ment hydratant et r\u00e9g\u00e9n\u00e9rant avec exosomes, peptides et acide hyaluronique. Il aide \u00e0 am\u00e9liorer la structure de la peau, r\u00e9duire les ridules et rendre la peau visiblement plus lisse et \u00e9clatante. <\/p>\n","protected":false},"featured_media":59320,"comment_status":"open","ping_status":"closed","template":"","meta":{"_acf_changed":false},"product_brand":[],"product_cat":[2701,6252,2683,6119],"product_tag":[],"class_list":{"0":"post-59324","1":"product","2":"type-product","3":"status-publish","4":"has-post-thumbnail","6":"product_cat-elixir-metamorphose-fr","7":"product_cat-lignes-de-soins-monteil","8":"product_cat-monteil-fr","9":"product_cat-monteil-skinside","10":"pa_inhoud-cabine-200ml-fr","11":"pa_inhoud-vente-30ml","13":"first","14":"instock","15":"taxable","16":"shipping-taxable","17":"product-type-variable"},"acf":[],"_links":{"self":[{"href":"https:\/\/sundar.be\/fr\/wp-json\/wp\/v2\/product\/59324","targetHints":{"allow":["GET"]}}],"collection":[{"href":"https:\/\/sundar.be\/fr\/wp-json\/wp\/v2\/product"}],"about":[{"href":"https:\/\/sundar.be\/fr\/wp-json\/wp\/v2\/types\/product"}],"replies":[{"embeddable":true,"href":"https:\/\/sundar.be\/fr\/wp-json\/wp\/v2\/comments?post=59324"}],"wp:featuredmedia":[{"embeddable":true,"href":"https:\/\/sundar.be\/fr\/wp-json\/wp\/v2\/media\/59320"}],"wp:attachment":[{"href":"https:\/\/sundar.be\/fr\/wp-json\/wp\/v2\/media?parent=59324"}],"wp:term":[{"taxonomy":"product_brand","embeddable":true,"href":"https:\/\/sundar.be\/fr\/wp-json\/wp\/v2\/product_brand?post=59324"},{"taxonomy":"product_cat","embeddable":true,"href":"https:\/\/sundar.be\/fr\/wp-json\/wp\/v2\/product_cat?post=59324"},{"taxonomy":"product_tag","embeddable":true,"href":"https:\/\/sundar.be\/fr\/wp-json\/wp\/v2\/product_tag?post=59324"}],"curies":[{"name":"wp","href":"https:\/\/api.w.org\/{rel}","templated":true}]}}