{"id":59314,"date":"2026-03-10T13:53:15","date_gmt":"2026-03-10T12:53:15","guid":{"rendered":"https:\/\/sundar.be\/product\/monteil-coffret-dampoules-beautiful-you\/"},"modified":"2026-03-10T13:58:16","modified_gmt":"2026-03-10T12:58:16","slug":"monteil-coffret-dampoules-beautiful-you","status":"publish","type":"product","link":"https:\/\/sundar.be\/fr\/produit\/monteil-coffret-dampoules-beautiful-you\/","title":{"rendered":"Monteil Coffret d\u2019ampoules \u00ab Beautiful You \u00bb"},"content":{"rendered":"<p>Un coffret d\u2019ampoules soigneusement compos\u00e9 qui offre un v\u00e9ritable \u00e9clat \u00e0 la peau : les ampoules Face Lift, Hyaluronic et ProCGen r\u00e9unies dans un \u00e9l\u00e9gant coffret cadeau. Parfait pour la vente compl\u00e9mentaire en institut \u2013 comme cadeau pr\u00eat \u00e0 offrir ou comme produit phare dans l\u2019offre de soins autour de la F\u00eate des M\u00e8res. <\/p>\n<p><strong>Contenu:<\/strong><\/p>\n<ul>\n<li>3x Face Lift Ampoule<\/li>\n<li>2x Hyaluronic Ampoule<\/li>\n<li>2x ProCGen Ampoule<\/li>\n<\/ul>\n","protected":false},"excerpt":{"rendered":"<p>Un coffret d\u2019ampoules soigneusement compos\u00e9 qui offre un v\u00e9ritable \u00e9clat \u00e0 la peau : les ampoules Face Lift, Hyaluronic et ProCGen r\u00e9unies dans un \u00e9l\u00e9gant coffret cadeau. Parfait pour la vente compl\u00e9mentaire en institut \u2013 comme cadeau pr\u00eat \u00e0 offrir ou comme produit phare dans l\u2019offre de soins autour de la F\u00eate des M\u00e8res. Contenu: [&hellip;]<\/p>\n","protected":false},"featured_media":59310,"comment_status":"open","ping_status":"closed","template":"","meta":{"_acf_changed":false},"product_brand":[],"product_cat":[6250,2683,6119],"product_tag":[],"class_list":{"0":"post-59314","1":"product","2":"type-product","3":"status-publish","4":"has-post-thumbnail","6":"product_cat-monteil-idees-de-cadeaux","7":"product_cat-monteil-fr","8":"product_cat-monteil-skinside","10":"first","11":"instock","12":"taxable","13":"shipping-taxable","14":"product-type-simple"},"acf":[],"_links":{"self":[{"href":"https:\/\/sundar.be\/fr\/wp-json\/wp\/v2\/product\/59314","targetHints":{"allow":["GET"]}}],"collection":[{"href":"https:\/\/sundar.be\/fr\/wp-json\/wp\/v2\/product"}],"about":[{"href":"https:\/\/sundar.be\/fr\/wp-json\/wp\/v2\/types\/product"}],"replies":[{"embeddable":true,"href":"https:\/\/sundar.be\/fr\/wp-json\/wp\/v2\/comments?post=59314"}],"wp:featuredmedia":[{"embeddable":true,"href":"https:\/\/sundar.be\/fr\/wp-json\/wp\/v2\/media\/59310"}],"wp:attachment":[{"href":"https:\/\/sundar.be\/fr\/wp-json\/wp\/v2\/media?parent=59314"}],"wp:term":[{"taxonomy":"product_brand","embeddable":true,"href":"https:\/\/sundar.be\/fr\/wp-json\/wp\/v2\/product_brand?post=59314"},{"taxonomy":"product_cat","embeddable":true,"href":"https:\/\/sundar.be\/fr\/wp-json\/wp\/v2\/product_cat?post=59314"},{"taxonomy":"product_tag","embeddable":true,"href":"https:\/\/sundar.be\/fr\/wp-json\/wp\/v2\/product_tag?post=59314"}],"curies":[{"name":"wp","href":"https:\/\/api.w.org\/{rel}","templated":true}]}}