{"id":59308,"date":"2026-03-10T13:07:33","date_gmt":"2026-03-10T12:07:33","guid":{"rendered":"https:\/\/sundar.be\/product\/monteil-hydro-boosting-lip-balm-5g\/"},"modified":"2026-03-10T13:38:36","modified_gmt":"2026-03-10T12:38:36","slug":"monteil-hydro-boosting-lip-balm-5g","status":"publish","type":"product","link":"https:\/\/sundar.be\/fr\/produit\/monteil-hydro-boosting-lip-balm-5g\/","title":{"rendered":"Monteil Hydro Boosting Lip Balm, 5g"},"content":{"rendered":"<p data-start=\"54\" data-end=\"367\">Le <span style=\"color: #557e96;\"><strong data-start=\"57\" data-end=\"84\">Hydro Boosting Lip Balm<\/strong><\/span> est un baume \u00e0 l\u00e8vres intens\u00e9ment nourrissant et hydratant qui aide \u00e0 r\u00e9parer et prot\u00e9ger les l\u00e8vres s\u00e8ches et d\u00e9shydrat\u00e9es. Sa formule riche \u00e0 base d\u2019huile de jojoba, d\u2019huile d\u2019olive et de cire d\u2019abeille forme une barri\u00e8re protectrice qui pr\u00e9vient la perte d\u2019hydratation et garde les l\u00e8vres douces et souples durablement. <\/p>\n<p data-start=\"369\" data-end=\"646\">Ce baume \u00e0 l\u00e8vres soin contient \u00e9galement un complexe de peptides qui aide \u00e0 am\u00e9liorer l\u2019aspect des l\u00e8vres et \u00e0 les rendre visiblement plus lisses. L\u2019ajout d\u2019extrait de fraise et d\u2019extrait de Portulaca Pilosa soutient l\u2019hydratation et donne aux l\u00e8vres un aspect frais et sain. <\/p>\n<p data-start=\"648\" data-end=\"1011\">Gr\u00e2ce \u00e0 sa texture fondante, le baume s\u2019applique facilement et procure un confort imm\u00e9diat aux l\u00e8vres s\u00e8ches, gerc\u00e9es ou sensibles. Le Hydro Boosting Lip Balm est id\u00e9al pour un usage quotidien et constitue une \u00e9tape de soin parfaite dans toute routine de skincare ou comme soin compl\u00e9mentaire lors de traitements professionnels en institut de beaut\u00e9. <\/p>\n","protected":false},"excerpt":{"rendered":"<p>Le <span style=\"color: #557e96;\"><strong data-start=\"1046\" data-end=\"1073\">Hydro Boosting Lip Balm<\/strong><\/span> est un baume \u00e0 l\u00e8vres intens\u00e9ment hydratant qui nourrit, prot\u00e8ge et adoucit les l\u00e8vres s\u00e8ches. Gr\u00e2ce \u00e0 ses huiles nourrissantes et \u00e0 son complexe de peptides, il aide les l\u00e8vres \u00e0 para\u00eetre plus lisses, plus pulpeuses et plus confortables. <\/p>\n","protected":false},"featured_media":59304,"comment_status":"open","ping_status":"closed","template":"","meta":{"_acf_changed":false},"product_brand":[],"product_cat":[6250,2683,6119,2705],"product_tag":[],"class_list":{"0":"post-59308","1":"product","2":"type-product","3":"status-publish","4":"has-post-thumbnail","6":"product_cat-monteil-idees-de-cadeaux","7":"product_cat-monteil-fr","8":"product_cat-monteil-skinside","9":"product_cat-monteil-soins-du-corps","11":"first","12":"instock","13":"taxable","14":"shipping-taxable","15":"product-type-simple"},"acf":[],"_links":{"self":[{"href":"https:\/\/sundar.be\/fr\/wp-json\/wp\/v2\/product\/59308","targetHints":{"allow":["GET"]}}],"collection":[{"href":"https:\/\/sundar.be\/fr\/wp-json\/wp\/v2\/product"}],"about":[{"href":"https:\/\/sundar.be\/fr\/wp-json\/wp\/v2\/types\/product"}],"replies":[{"embeddable":true,"href":"https:\/\/sundar.be\/fr\/wp-json\/wp\/v2\/comments?post=59308"}],"wp:featuredmedia":[{"embeddable":true,"href":"https:\/\/sundar.be\/fr\/wp-json\/wp\/v2\/media\/59304"}],"wp:attachment":[{"href":"https:\/\/sundar.be\/fr\/wp-json\/wp\/v2\/media?parent=59308"}],"wp:term":[{"taxonomy":"product_brand","embeddable":true,"href":"https:\/\/sundar.be\/fr\/wp-json\/wp\/v2\/product_brand?post=59308"},{"taxonomy":"product_cat","embeddable":true,"href":"https:\/\/sundar.be\/fr\/wp-json\/wp\/v2\/product_cat?post=59308"},{"taxonomy":"product_tag","embeddable":true,"href":"https:\/\/sundar.be\/fr\/wp-json\/wp\/v2\/product_tag?post=59308"}],"curies":[{"name":"wp","href":"https:\/\/api.w.org\/{rel}","templated":true}]}}