{"id":59298,"date":"2026-03-10T10:38:22","date_gmt":"2026-03-10T09:38:22","guid":{"rendered":"https:\/\/sundar.be\/product\/monteil-fig-grapefruit-face-body-tonic-100ml\/"},"modified":"2026-03-10T12:36:46","modified_gmt":"2026-03-10T11:36:46","slug":"monteil-fig-grapefruit-face-body-tonic-100ml","status":"publish","type":"product","link":"https:\/\/sundar.be\/fr\/produit\/monteil-fig-grapefruit-face-body-tonic-100ml\/","title":{"rendered":"Monteil Fig &amp; Grapefruit Face &amp; Body Tonic, 100ml"},"content":{"rendered":"<p data-start=\"65\" data-end=\"538\">La <span style=\"color: #557e96;\"><strong data-start=\"68\" data-end=\"106\">Fig &amp; Grapefruit Face &amp; Body Tonic<\/strong><\/span> est une lotion tonique rafra\u00eechissante et hydratante sp\u00e9cialement d\u00e9velopp\u00e9e pour le visage et le corps. Cette formule l\u00e9g\u00e8re aide \u00e0 rafra\u00eechir, hydrater et r\u00e9\u00e9quilibrer la peau apr\u00e8s le nettoyage ou \u00e0 tout moment de la journ\u00e9e. Gr\u00e2ce \u00e0 des ingr\u00e9dients hydratants tels que la glyc\u00e9rine et l\u2019acide hyaluronique, cette tonique soutient le niveau d\u2019hydratation naturel de la peau et laisse la peau douce, souple et confortable.  <\/p>\n<p data-start=\"540\" data-end=\"853\">Cette tonique est id\u00e9ale pour une utilisation en institut de beaut\u00e9 comme touche finale rafra\u00eechissante apr\u00e8s un soin, mais elle est \u00e9galement parfaite pour un usage quotidien \u00e0 domicile. Son parfum frais de figue et de pamplemousse procure une sensation agr\u00e9able et revitalisante et offre un v\u00e9ritable moment de bien-\u00eatre pendant la routine de soin. <\/p>\n<p data-start=\"855\" data-end=\"1017\">Gr\u00e2ce \u00e0 sa formule douce, cette tonique convient \u00e0 diff\u00e9rents types de peau et peut \u00eatre utilis\u00e9e pour rafra\u00eechir, hydrater et apaiser rapidement la peau.<\/p>\n","protected":false},"excerpt":{"rendered":"<p>Une tonique hydratante et rafra\u00eechissante pour le visage et le corps qui aide la peau \u00e0 se r\u00e9\u00e9quilibrer apr\u00e8s le nettoyage. Sa formule enrichie en acide hyaluronique, glyc\u00e9rine et ingr\u00e9dients apaisants laisse la peau souple, fra\u00eeche et confortable. <\/p>\n","protected":false},"featured_media":59296,"comment_status":"open","ping_status":"closed","template":"","meta":{"_acf_changed":false},"product_brand":[],"product_cat":[6250,2683,2693,6119],"product_tag":[],"class_list":{"0":"post-59298","1":"product","2":"type-product","3":"status-publish","4":"has-post-thumbnail","6":"product_cat-monteil-idees-de-cadeaux","7":"product_cat-monteil-fr","8":"product_cat-monteil-nettoyage-exfoliation","9":"product_cat-monteil-skinside","11":"first","12":"instock","13":"taxable","14":"shipping-taxable","15":"product-type-simple"},"acf":[],"_links":{"self":[{"href":"https:\/\/sundar.be\/fr\/wp-json\/wp\/v2\/product\/59298","targetHints":{"allow":["GET"]}}],"collection":[{"href":"https:\/\/sundar.be\/fr\/wp-json\/wp\/v2\/product"}],"about":[{"href":"https:\/\/sundar.be\/fr\/wp-json\/wp\/v2\/types\/product"}],"replies":[{"embeddable":true,"href":"https:\/\/sundar.be\/fr\/wp-json\/wp\/v2\/comments?post=59298"}],"wp:featuredmedia":[{"embeddable":true,"href":"https:\/\/sundar.be\/fr\/wp-json\/wp\/v2\/media\/59296"}],"wp:attachment":[{"href":"https:\/\/sundar.be\/fr\/wp-json\/wp\/v2\/media?parent=59298"}],"wp:term":[{"taxonomy":"product_brand","embeddable":true,"href":"https:\/\/sundar.be\/fr\/wp-json\/wp\/v2\/product_brand?post=59298"},{"taxonomy":"product_cat","embeddable":true,"href":"https:\/\/sundar.be\/fr\/wp-json\/wp\/v2\/product_cat?post=59298"},{"taxonomy":"product_tag","embeddable":true,"href":"https:\/\/sundar.be\/fr\/wp-json\/wp\/v2\/product_tag?post=59298"}],"curies":[{"name":"wp","href":"https:\/\/api.w.org\/{rel}","templated":true}]}}