{"id":59295,"date":"2026-03-03T11:55:19","date_gmt":"2026-03-03T10:55:19","guid":{"rendered":"https:\/\/sundar.be\/product\/monteil-hana-face-body-dry-oil-100ml\/"},"modified":"2026-03-10T12:28:27","modified_gmt":"2026-03-10T11:28:27","slug":"monteil-hana-face-body-dry-oil-100ml","status":"publish","type":"product","link":"https:\/\/sundar.be\/fr\/produit\/monteil-hana-face-body-dry-oil-100ml\/","title":{"rendered":"Monteil Hana Face &amp; Body Dry Oil, 100ml"},"content":{"rendered":"<p><span style=\"color: #557e96;\"><strong>Hanah Face &amp; Body Dry Oil <\/strong><\/span>combine des huiles v\u00e9g\u00e9tales nourrissantes avec une texture l\u00e9g\u00e8re qui fond imm\u00e9diatement dans la peau. La formule ne laisse pas de film gras et procure un \u00e9clat subtil et naturel. Id\u00e9ale pour un usage quotidien sur le visage et le corps, surtout pour les peaux s\u00e8ches ou ternes qui ont besoin de confort et de soins suppl\u00e9mentaires.  <\/p>\n","protected":false},"excerpt":{"rendered":"<p data-start=\"226\" data-end=\"472\"><span style=\"color: #557e96;\"><strong>Hana Face &amp; Body Dry Oil<\/strong><\/span> est une huile luxueuse pour le visage et le corps, \u00e0 absorption rapide, qui nourrit intens\u00e9ment la peau sans laisser de sensation grasse. Gr\u00e2ce aux huiles de macadamia, de cam\u00e9lia et de tournesol, la peau retrouve un \u00e9clat soyeux et une hydratation durable. <\/p>\n","protected":false},"featured_media":59293,"comment_status":"open","ping_status":"closed","template":"","meta":{"_acf_changed":false},"product_brand":[],"product_cat":[6250,2683,6119,2705],"product_tag":[],"class_list":{"0":"post-59295","1":"product","2":"type-product","3":"status-publish","4":"has-post-thumbnail","6":"product_cat-monteil-idees-de-cadeaux","7":"product_cat-monteil-fr","8":"product_cat-monteil-skinside","9":"product_cat-monteil-soins-du-corps","11":"first","12":"instock","13":"taxable","14":"shipping-taxable","15":"product-type-simple"},"acf":[],"_links":{"self":[{"href":"https:\/\/sundar.be\/fr\/wp-json\/wp\/v2\/product\/59295","targetHints":{"allow":["GET"]}}],"collection":[{"href":"https:\/\/sundar.be\/fr\/wp-json\/wp\/v2\/product"}],"about":[{"href":"https:\/\/sundar.be\/fr\/wp-json\/wp\/v2\/types\/product"}],"replies":[{"embeddable":true,"href":"https:\/\/sundar.be\/fr\/wp-json\/wp\/v2\/comments?post=59295"}],"wp:featuredmedia":[{"embeddable":true,"href":"https:\/\/sundar.be\/fr\/wp-json\/wp\/v2\/media\/59293"}],"wp:attachment":[{"href":"https:\/\/sundar.be\/fr\/wp-json\/wp\/v2\/media?parent=59295"}],"wp:term":[{"taxonomy":"product_brand","embeddable":true,"href":"https:\/\/sundar.be\/fr\/wp-json\/wp\/v2\/product_brand?post=59295"},{"taxonomy":"product_cat","embeddable":true,"href":"https:\/\/sundar.be\/fr\/wp-json\/wp\/v2\/product_cat?post=59295"},{"taxonomy":"product_tag","embeddable":true,"href":"https:\/\/sundar.be\/fr\/wp-json\/wp\/v2\/product_tag?post=59295"}],"curies":[{"name":"wp","href":"https:\/\/api.w.org\/{rel}","templated":true}]}}