{"id":59281,"date":"2026-03-06T12:17:42","date_gmt":"2026-03-06T11:17:42","guid":{"rendered":"https:\/\/sundar.be\/product\/oeuf-de-paques-monteil-elixir-metamorphose\/"},"modified":"2026-03-10T12:23:17","modified_gmt":"2026-03-10T11:23:17","slug":"oeuf-de-paques-monteil-elixir-metamorphose","status":"publish","type":"product","link":"https:\/\/sundar.be\/fr\/produit\/oeuf-de-paques-monteil-elixir-metamorphose\/","title":{"rendered":"\u0152uf de P\u00e2ques Monteil \u00c9lixir M\u00e9tamorphose"},"content":{"rendered":"<p>D\u00e9couvrez nos \u0153ufs de P\u00e2ques d\u00e9coratifs en \u00e9dition limit\u00e9e. Chaque \u0153uf contient un s\u00e9rum de haute qualit\u00e9 de 10 ml. <\/p>\n<p>Choix de :<\/p>\n<ul>\n<li>\u00c9lixir M\u00e9tamorphose <span style=\"color: #557e96;\"><a style=\"color: #557e96;\" href=\"https:\/\/sundar.be\/fr\/produit\/elixir-metamorphose-collagen-boost-serum-2\/\"><strong>Collagen Boost Serum<\/strong><\/a><\/span><\/li>\n<li>\u00c9lixir M\u00e9tamorphose <span style=\"color: #557e96;\"><a style=\"color: #557e96;\" href=\"https:\/\/sundar.be\/fr\/produit\/elixir-metamorphose-vitamine-c\/\"><strong>Vitamin C Serum<\/strong><\/a><\/span><\/li>\n<li>\u00c9lixir M\u00e9tamorphose <span style=\"color: #557e96;\"><a style=\"color: #557e96;\" href=\"https:\/\/sundar.be\/fr\/produit\/elixir-metamorphose-4-way-hyaluronic-serum\/\"><strong>4-Way Hyaluronic Serum<\/strong><\/a><\/span><\/li>\n<li>\u00c9lixir M\u00e9tamorphose <span style=\"color: #557e96;\"><strong><a style=\"color: #557e96;\" href=\"https:\/\/sundar.be\/fr\/produit\/elixir-metamorphose-retinol-drops-30ml\/\">Retinol Drops<\/a><\/strong><\/span><\/li>\n<li>\u00c9lixir M\u00e9tamorphose <span style=\"color: #557e96;\"><strong><a href=\"https:\/\/sundar.be\/fr\/produit\/elixir-metamorphose-ceramide-serum\/\">Ceramide Serum<\/a><\/strong><\/span><\/li>\n<\/ul>\n","protected":false},"excerpt":{"rendered":"<p>D\u00e9couvrez nos \u0153ufs de P\u00e2ques d\u00e9coratifs en \u00e9dition limit\u00e9e. Chaque \u0153uf contient un s\u00e9rum de haute qualit\u00e9 de 10 ml. Choix de : \u00c9lixir M\u00e9tamorphose Collagen Boost Serum \u00c9lixir M\u00e9tamorphose Vitamin C Serum \u00c9lixir M\u00e9tamorphose 4-Way Hyaluronic Serum \u00c9lixir M\u00e9tamorphose Retinol Drops \u00c9lixir M\u00e9tamorphose Ceramide Serum<\/p>\n","protected":false},"featured_media":59280,"comment_status":"open","ping_status":"closed","template":"","meta":{"_acf_changed":false},"product_brand":[],"product_cat":[2701,6250,2683,6119],"product_tag":[],"class_list":{"0":"post-59281","1":"product","2":"type-product","3":"status-publish","4":"has-post-thumbnail","6":"product_cat-elixir-metamorphose-fr","7":"product_cat-monteil-idees-de-cadeaux","8":"product_cat-monteil-fr","9":"product_cat-monteil-skinside","10":"pa_vorm-ceramide","11":"pa_vorm-collagene","12":"pa_vorm-hyaluron","13":"pa_vorm-retinol","14":"pa_vorm-vitamine-c","16":"first","17":"instock","18":"taxable","19":"shipping-taxable","20":"product-type-variable"},"acf":[],"_links":{"self":[{"href":"https:\/\/sundar.be\/fr\/wp-json\/wp\/v2\/product\/59281","targetHints":{"allow":["GET"]}}],"collection":[{"href":"https:\/\/sundar.be\/fr\/wp-json\/wp\/v2\/product"}],"about":[{"href":"https:\/\/sundar.be\/fr\/wp-json\/wp\/v2\/types\/product"}],"replies":[{"embeddable":true,"href":"https:\/\/sundar.be\/fr\/wp-json\/wp\/v2\/comments?post=59281"}],"wp:featuredmedia":[{"embeddable":true,"href":"https:\/\/sundar.be\/fr\/wp-json\/wp\/v2\/media\/59280"}],"wp:attachment":[{"href":"https:\/\/sundar.be\/fr\/wp-json\/wp\/v2\/media?parent=59281"}],"wp:term":[{"taxonomy":"product_brand","embeddable":true,"href":"https:\/\/sundar.be\/fr\/wp-json\/wp\/v2\/product_brand?post=59281"},{"taxonomy":"product_cat","embeddable":true,"href":"https:\/\/sundar.be\/fr\/wp-json\/wp\/v2\/product_cat?post=59281"},{"taxonomy":"product_tag","embeddable":true,"href":"https:\/\/sundar.be\/fr\/wp-json\/wp\/v2\/product_tag?post=59281"}],"curies":[{"name":"wp","href":"https:\/\/api.w.org\/{rel}","templated":true}]}}