{"id":59181,"date":"2026-02-10T10:45:57","date_gmt":"2026-02-10T09:45:57","guid":{"rendered":"https:\/\/sundar.be\/product\/lcn-spa-sea-salt-scrub-250ml\/"},"modified":"2026-02-10T10:55:33","modified_gmt":"2026-02-10T09:55:33","slug":"lcn-spa-sea-salt-scrub-250ml","status":"publish","type":"product","link":"https:\/\/sundar.be\/fr\/produit\/lcn-spa-sea-salt-scrub-250ml\/","title":{"rendered":"LCN SPA Sea Salt Scrub, 250ml"},"content":{"rendered":"<p data-start=\"56\" data-end=\"315\"><span style=\"color: #557e96;\"><strong>SPA Sea Salt Scrub<\/strong><\/span> est un gommage corporel intens\u00e9ment exfoliant \u00e0 base de sel marin et d\u2019huiles v\u00e9g\u00e9tales nourrissantes. Il \u00e9limine efficacement les cellules mortes, stimule la microcirculation et laisse la peau lisse, renouvel\u00e9e et visiblement plus fra\u00eeche. <\/p>\n<p data-start=\"317\" data-end=\"529\">Gr\u00e2ce \u00e0 sa formule riche en huiles, la peau est imm\u00e9diatement nourrie pendant le gommage et prot\u00e9g\u00e9e contre la d\u00e9shydratation. Id\u00e9al pour les soins corporels professionnels ainsi que pour une utilisation \u00e0 domicile en tant que soin spa revitalisant. <\/p>\n","protected":false},"excerpt":{"rendered":"<p>Gommage puissant au sel marin qui exfolie intens\u00e9ment et renouvelle la peau. Rend la peau lisse, douce et rafra\u00eechie sans l\u2019ass\u00e9cher. <\/p>\n","protected":false},"featured_media":59171,"comment_status":"open","ping_status":"closed","template":"","meta":{"_acf_changed":false},"product_brand":[],"product_cat":[5055,4936,4755,5057,1568,4907,6237,5058],"product_tag":[],"class_list":{"0":"post-59181","1":"product","2":"type-product","3":"status-publish","4":"has-post-thumbnail","6":"product_cat-bains-pieds-gommage","7":"product_cat-lcn-fr","8":"product_cat-pedicure","9":"product_cat-peelings-gommages","10":"product_cat-lcn-soin-de-spa","11":"product_cat-soins","12":"product_cat-studio-lcn","13":"product_cat-webshop-fr","15":"first","16":"instock","17":"taxable","18":"shipping-taxable","19":"product-type-simple"},"acf":[],"_links":{"self":[{"href":"https:\/\/sundar.be\/fr\/wp-json\/wp\/v2\/product\/59181","targetHints":{"allow":["GET"]}}],"collection":[{"href":"https:\/\/sundar.be\/fr\/wp-json\/wp\/v2\/product"}],"about":[{"href":"https:\/\/sundar.be\/fr\/wp-json\/wp\/v2\/types\/product"}],"replies":[{"embeddable":true,"href":"https:\/\/sundar.be\/fr\/wp-json\/wp\/v2\/comments?post=59181"}],"wp:featuredmedia":[{"embeddable":true,"href":"https:\/\/sundar.be\/fr\/wp-json\/wp\/v2\/media\/59171"}],"wp:attachment":[{"href":"https:\/\/sundar.be\/fr\/wp-json\/wp\/v2\/media?parent=59181"}],"wp:term":[{"taxonomy":"product_brand","embeddable":true,"href":"https:\/\/sundar.be\/fr\/wp-json\/wp\/v2\/product_brand?post=59181"},{"taxonomy":"product_cat","embeddable":true,"href":"https:\/\/sundar.be\/fr\/wp-json\/wp\/v2\/product_cat?post=59181"},{"taxonomy":"product_tag","embeddable":true,"href":"https:\/\/sundar.be\/fr\/wp-json\/wp\/v2\/product_tag?post=59181"}],"curies":[{"name":"wp","href":"https:\/\/api.w.org\/{rel}","templated":true}]}}