{"id":59169,"date":"2026-02-10T10:13:28","date_gmt":"2026-02-10T09:13:28","guid":{"rendered":"https:\/\/sundar.be\/product\/lcn-spa-lemongrass-sugar-polish-250ml\/"},"modified":"2026-02-10T10:37:35","modified_gmt":"2026-02-10T09:37:35","slug":"lcn-spa-lemongrass-sugar-polish-250ml","status":"publish","type":"product","link":"https:\/\/sundar.be\/fr\/produit\/lcn-spa-lemongrass-sugar-polish-250ml\/","title":{"rendered":"LCN SPA Lemongrass Sugar Polish, 250ml"},"content":{"rendered":"<p data-start=\"65\" data-end=\"357\"><span style=\"color: #557e96;\"><strong>SPA Lemongrass Sugar Polish<\/strong><\/span> est un gommage corporel rafra\u00eechissant \u00e0 base de sucre et d\u2019huiles v\u00e9g\u00e9tales nourrissantes qui exfolie d\u00e9licatement la peau tout en la soignant intens\u00e9ment. Ce gommage \u00e9limine en douceur les cellules mortes, stimule le renouvellement cutan\u00e9 et laisse la peau lisse, souple et \u00e9clatante. <\/p>\n<p data-start=\"359\" data-end=\"514\">Le parfum \u00e9nergisant de citronnelle et d\u2019agrumes procure une exp\u00e9rience spa revitalisante, id\u00e9ale aussi bien pour les soins corporels professionnels que pour une utilisation \u00e0 domicile.<\/p>\n","protected":false},"excerpt":{"rendered":"<p>Gommage au sucre rafra\u00eechissant qui \u00e9limine les cellules mortes et rend la peau soyeuse. Allie exfoliation et nutrition pour une peau lisse et parfaitement soign\u00e9e. <\/p>\n","protected":false},"featured_media":59161,"comment_status":"open","ping_status":"closed","template":"","meta":{"_acf_changed":false},"product_brand":[],"product_cat":[5055,4936,4755,5057,1568,4907,6237,5058],"product_tag":[],"class_list":{"0":"post-59169","1":"product","2":"type-product","3":"status-publish","4":"has-post-thumbnail","6":"product_cat-bains-pieds-gommage","7":"product_cat-lcn-fr","8":"product_cat-pedicure","9":"product_cat-peelings-gommages","10":"product_cat-lcn-soin-de-spa","11":"product_cat-soins","12":"product_cat-studio-lcn","13":"product_cat-webshop-fr","15":"first","16":"instock","17":"taxable","18":"shipping-taxable","19":"product-type-simple"},"acf":[],"_links":{"self":[{"href":"https:\/\/sundar.be\/fr\/wp-json\/wp\/v2\/product\/59169","targetHints":{"allow":["GET"]}}],"collection":[{"href":"https:\/\/sundar.be\/fr\/wp-json\/wp\/v2\/product"}],"about":[{"href":"https:\/\/sundar.be\/fr\/wp-json\/wp\/v2\/types\/product"}],"replies":[{"embeddable":true,"href":"https:\/\/sundar.be\/fr\/wp-json\/wp\/v2\/comments?post=59169"}],"wp:featuredmedia":[{"embeddable":true,"href":"https:\/\/sundar.be\/fr\/wp-json\/wp\/v2\/media\/59161"}],"wp:attachment":[{"href":"https:\/\/sundar.be\/fr\/wp-json\/wp\/v2\/media?parent=59169"}],"wp:term":[{"taxonomy":"product_brand","embeddable":true,"href":"https:\/\/sundar.be\/fr\/wp-json\/wp\/v2\/product_brand?post=59169"},{"taxonomy":"product_cat","embeddable":true,"href":"https:\/\/sundar.be\/fr\/wp-json\/wp\/v2\/product_cat?post=59169"},{"taxonomy":"product_tag","embeddable":true,"href":"https:\/\/sundar.be\/fr\/wp-json\/wp\/v2\/product_tag?post=59169"}],"curies":[{"name":"wp","href":"https:\/\/api.w.org\/{rel}","templated":true}]}}