{"id":59155,"date":"2026-02-09T13:45:26","date_gmt":"2026-02-09T12:45:26","guid":{"rendered":"https:\/\/sundar.be\/product\/lcn-spa-yin-yang-silk-butter\/"},"modified":"2026-02-09T13:48:47","modified_gmt":"2026-02-09T12:48:47","slug":"lcn-spa-yin-yang-silk-butter","status":"publish","type":"product","link":"https:\/\/sundar.be\/fr\/produit\/lcn-spa-yin-yang-silk-butter\/","title":{"rendered":"LCN SPA Yin &amp; Yang Silk Butter"},"content":{"rendered":"<p data-start=\"64\" data-end=\"328\"><span style=\"color: #557e96;\"><strong>SPA Yin &amp; Yang Silk Butter<\/strong><\/span> est un beurre corporel luxueux et intens\u00e9ment nourrissant \u00e0 la texture soyeuse qui fond sur la peau. La riche combinaison de beurres et d\u2019huiles naturelles hydrate en profondeur, restaure la barri\u00e8re cutan\u00e9e et procure un confort durable ainsi qu\u2019une peau souple. <\/p>\n<p data-start=\"330\" data-end=\"595\">Ce silk butter est id\u00e9al pour les soins corporels apr\u00e8s un traitement, un massage ou comme soin quotidien pour les peaux s\u00e8ches \u00e0 tr\u00e8s s\u00e8ches. Son parfum chaud et harmonieux r\u00e9\u00e9quilibre le corps et l\u2019esprit et s\u2019int\u00e8gre parfaitement dans une routine spa relaxante. <\/p>\n","protected":false},"excerpt":{"rendered":"<p>Beurre corporel riche qui nourrit intens\u00e9ment la peau et la rend soyeuse. Id\u00e9al pour les peaux s\u00e8ches ayant besoin de confort, de r\u00e9paration et de soins luxueux. <\/p>\n","protected":false},"featured_media":59149,"comment_status":"open","ping_status":"closed","template":"","meta":{"_acf_changed":false},"product_brand":[],"product_cat":[4936,1568,4907,6237],"product_tag":[],"class_list":{"0":"post-59155","1":"product","2":"type-product","3":"status-publish","4":"has-post-thumbnail","6":"product_cat-lcn-fr","7":"product_cat-lcn-soin-de-spa","8":"product_cat-soins","9":"product_cat-studio-lcn","10":"pa_inhoud-250-ml-fr","11":"pa_inhoud-50-ml-fr","13":"first","14":"instock","15":"taxable","16":"shipping-taxable","17":"product-type-variable"},"acf":[],"_links":{"self":[{"href":"https:\/\/sundar.be\/fr\/wp-json\/wp\/v2\/product\/59155","targetHints":{"allow":["GET"]}}],"collection":[{"href":"https:\/\/sundar.be\/fr\/wp-json\/wp\/v2\/product"}],"about":[{"href":"https:\/\/sundar.be\/fr\/wp-json\/wp\/v2\/types\/product"}],"replies":[{"embeddable":true,"href":"https:\/\/sundar.be\/fr\/wp-json\/wp\/v2\/comments?post=59155"}],"wp:featuredmedia":[{"embeddable":true,"href":"https:\/\/sundar.be\/fr\/wp-json\/wp\/v2\/media\/59149"}],"wp:attachment":[{"href":"https:\/\/sundar.be\/fr\/wp-json\/wp\/v2\/media?parent=59155"}],"wp:term":[{"taxonomy":"product_brand","embeddable":true,"href":"https:\/\/sundar.be\/fr\/wp-json\/wp\/v2\/product_brand?post=59155"},{"taxonomy":"product_cat","embeddable":true,"href":"https:\/\/sundar.be\/fr\/wp-json\/wp\/v2\/product_cat?post=59155"},{"taxonomy":"product_tag","embeddable":true,"href":"https:\/\/sundar.be\/fr\/wp-json\/wp\/v2\/product_tag?post=59155"}],"curies":[{"name":"wp","href":"https:\/\/api.w.org\/{rel}","templated":true}]}}