{"id":59143,"date":"2026-02-09T13:32:34","date_gmt":"2026-02-09T12:32:34","guid":{"rendered":"https:\/\/sundar.be\/product\/lcn-spa-tsubaki-massage-oil-250ml\/"},"modified":"2026-02-09T13:35:32","modified_gmt":"2026-02-09T12:35:32","slug":"lcn-spa-tsubaki-massage-oil-250ml","status":"publish","type":"product","link":"https:\/\/sundar.be\/fr\/produit\/lcn-spa-tsubaki-massage-oil-250ml\/","title":{"rendered":"LCN SPA Tsubaki Massage Oil, 250ml"},"content":{"rendered":"<p data-start=\"61\" data-end=\"322\"><span style=\"color: #557e96;\"><strong>SPA Tsubaki Massage Oil<\/strong><\/span> est une huile de massage luxueuse qui nourrit intens\u00e9ment la peau et lui procure un toucher soyeux. Les huiles v\u00e9g\u00e9tales soigneusement s\u00e9lectionn\u00e9es assurent une glisse optimale pendant le massage, tout en nourrissant, prot\u00e9geant et hydratant la peau. <\/p>\n<p data-start=\"324\" data-end=\"531\">Cette huile de massage est id\u00e9ale pour les massages professionnels en institut de beaut\u00e9 ainsi que pour des moments de bien-\u00eatre relaxants \u00e0 domicile. Son parfum subtil et \u00e9l\u00e9gant transforme chaque massage en une v\u00e9ritable exp\u00e9rience spa apaisante. <\/p>\n","protected":false},"excerpt":{"rendered":"<p data-start=\"578\" data-end=\"730\">Huile de massage nourrissante \u00e0 la texture soyeuse pour un massage confortable et prolong\u00e9. Hydrate la peau et la laisse souple et parfaitement soign\u00e9e. <\/p>\n","protected":false},"featured_media":59135,"comment_status":"open","ping_status":"closed","template":"","meta":{"_acf_changed":false},"product_brand":[],"product_cat":[4227,4225,4936,4223,1568,4907,6237,5058],"product_tag":[],"class_list":{"0":"post-59143","1":"product","2":"type-product","3":"status-publish","4":"has-post-thumbnail","6":"product_cat-massage-lotions-de-massage","7":"product_cat-huiles-de-massage-lotions","8":"product_cat-lcn-fr","9":"product_cat-massage-fr-webshop-fr","10":"product_cat-lcn-soin-de-spa","11":"product_cat-soins","12":"product_cat-studio-lcn","13":"product_cat-webshop-fr","15":"first","16":"instock","17":"taxable","18":"shipping-taxable","19":"product-type-simple"},"acf":[],"_links":{"self":[{"href":"https:\/\/sundar.be\/fr\/wp-json\/wp\/v2\/product\/59143","targetHints":{"allow":["GET"]}}],"collection":[{"href":"https:\/\/sundar.be\/fr\/wp-json\/wp\/v2\/product"}],"about":[{"href":"https:\/\/sundar.be\/fr\/wp-json\/wp\/v2\/types\/product"}],"replies":[{"embeddable":true,"href":"https:\/\/sundar.be\/fr\/wp-json\/wp\/v2\/comments?post=59143"}],"wp:featuredmedia":[{"embeddable":true,"href":"https:\/\/sundar.be\/fr\/wp-json\/wp\/v2\/media\/59135"}],"wp:attachment":[{"href":"https:\/\/sundar.be\/fr\/wp-json\/wp\/v2\/media?parent=59143"}],"wp:term":[{"taxonomy":"product_brand","embeddable":true,"href":"https:\/\/sundar.be\/fr\/wp-json\/wp\/v2\/product_brand?post=59143"},{"taxonomy":"product_cat","embeddable":true,"href":"https:\/\/sundar.be\/fr\/wp-json\/wp\/v2\/product_cat?post=59143"},{"taxonomy":"product_tag","embeddable":true,"href":"https:\/\/sundar.be\/fr\/wp-json\/wp\/v2\/product_tag?post=59143"}],"curies":[{"name":"wp","href":"https:\/\/api.w.org\/{rel}","templated":true}]}}