{"id":59133,"date":"2026-02-09T13:06:34","date_gmt":"2026-02-09T12:06:34","guid":{"rendered":"https:\/\/sundar.be\/product\/lcn-spa-nail-shot-cherry-blossom-11ml\/"},"modified":"2026-02-26T11:52:18","modified_gmt":"2026-02-26T10:52:18","slug":"lcn-spa-nail-shot-cherry-blossom-11ml","status":"publish","type":"product","link":"https:\/\/sundar.be\/fr\/produit\/lcn-spa-nail-shot-cherry-blossom-11ml\/","title":{"rendered":"LCN SPA Nail Shot Cherry Blossom, 11ml"},"content":{"rendered":"<p data-start=\"66\" data-end=\"438\"><span style=\"color: #557e96;\"><strong>SPA Nail Shot Cherry Blossom<\/strong><\/span> est un s\u00e9rum ongulaire intensif sp\u00e9cialement formul\u00e9 pour hydrater et renforcer les ongles et cuticules secs, cassants et ab\u00eem\u00e9s. Sa texture l\u00e9g\u00e8re \u00e0 absorption rapide p\u00e9n\u00e8tre en profondeur et soutient la r\u00e9g\u00e9n\u00e9ration de la structure naturelle de l\u2019ongle, tandis que son d\u00e9licat parfum de fleur de cerisier offre une exp\u00e9rience spa raffin\u00e9e. <\/p>\n<p data-start=\"440\" data-end=\"597\">Ce nail shot est id\u00e9al pour les manucures et p\u00e9dicures professionnelles, mais aussi parfait pour un soin quotidien \u00e0 domicile afin d\u2019obtenir des ongles sains, forts et soign\u00e9s.<\/p>\n","protected":false},"excerpt":{"rendered":"<p>S\u00e9rum hydratant et r\u00e9parateur pour les ongles et les cuticules. Am\u00e9liore la condition des ongles et aide \u00e0 r\u00e9duire la fragilit\u00e9 et la d\u00e9shydratation. <\/p>\n","protected":false},"featured_media":59127,"comment_status":"open","ping_status":"closed","template":"","meta":{"_acf_changed":false},"product_brand":[],"product_cat":[4936,1568,4907,6237],"product_tag":[],"class_list":{"0":"post-59133","1":"product","2":"type-product","3":"status-publish","4":"has-post-thumbnail","6":"product_cat-lcn-fr","7":"product_cat-lcn-soin-de-spa","8":"product_cat-soins","9":"product_cat-studio-lcn","11":"first","12":"instock","13":"taxable","14":"shipping-taxable","15":"product-type-simple"},"acf":[],"_links":{"self":[{"href":"https:\/\/sundar.be\/fr\/wp-json\/wp\/v2\/product\/59133","targetHints":{"allow":["GET"]}}],"collection":[{"href":"https:\/\/sundar.be\/fr\/wp-json\/wp\/v2\/product"}],"about":[{"href":"https:\/\/sundar.be\/fr\/wp-json\/wp\/v2\/types\/product"}],"replies":[{"embeddable":true,"href":"https:\/\/sundar.be\/fr\/wp-json\/wp\/v2\/comments?post=59133"}],"wp:featuredmedia":[{"embeddable":true,"href":"https:\/\/sundar.be\/fr\/wp-json\/wp\/v2\/media\/59127"}],"wp:attachment":[{"href":"https:\/\/sundar.be\/fr\/wp-json\/wp\/v2\/media?parent=59133"}],"wp:term":[{"taxonomy":"product_brand","embeddable":true,"href":"https:\/\/sundar.be\/fr\/wp-json\/wp\/v2\/product_brand?post=59133"},{"taxonomy":"product_cat","embeddable":true,"href":"https:\/\/sundar.be\/fr\/wp-json\/wp\/v2\/product_cat?post=59133"},{"taxonomy":"product_tag","embeddable":true,"href":"https:\/\/sundar.be\/fr\/wp-json\/wp\/v2\/product_tag?post=59133"}],"curies":[{"name":"wp","href":"https:\/\/api.w.org\/{rel}","templated":true}]}}