{"id":59091,"date":"2026-02-06T12:20:49","date_gmt":"2026-02-06T11:20:49","guid":{"rendered":"https:\/\/sundar.be\/product\/lcn-spa-yuzu-blossom-mask\/"},"modified":"2026-02-06T12:23:48","modified_gmt":"2026-02-06T11:23:48","slug":"lcn-spa-yuzu-blossom-mask","status":"publish","type":"product","link":"https:\/\/sundar.be\/fr\/produit\/lcn-spa-yuzu-blossom-mask\/","title":{"rendered":"LCN SPA Yuzu Blossom Mask"},"content":{"rendered":"<p data-start=\"76\" data-end=\"372\">Le <span style=\"color: #557e96;\"><strong>SPA Yuzu Blossom Mask<\/strong><\/span> est un masque corporel riche et onctueux qui nourrit intens\u00e9ment la peau, l\u2019adoucit et aide \u00e0 sa r\u00e9g\u00e9n\u00e9ration. La combinaison d\u2019huiles v\u00e9g\u00e9tales nourrissantes et d\u2019antioxydants soutient la barri\u00e8re cutan\u00e9e naturelle et procure une peau visiblement plus souple, confortable et \u00e9clatante. <\/p>\n<p data-start=\"374\" data-end=\"575\">Ce masque spa luxueux est id\u00e9al aussi bien pour les soins professionnels que pour une utilisation \u00e0 domicile. Son parfum raffin\u00e9 aux notes fra\u00eeches d\u2019agrumes et florales cr\u00e9e une v\u00e9ritable exp\u00e9rience de bien-\u00eatre. <\/p>\n","protected":false},"excerpt":{"rendered":"<p>Masque nourrissant qui hydrate en profondeur et adoucit la peau. Id\u00e9al pour les peaux s\u00e8ches, ternes ou sensibles ayant besoin de confort et de soin suppl\u00e9mentaires. <\/p>\n","protected":false},"featured_media":59086,"comment_status":"open","ping_status":"closed","template":"","meta":{"_acf_changed":false},"product_brand":[],"product_cat":[4936,1568,4907,6237],"product_tag":[],"class_list":{"0":"post-59091","1":"product","2":"type-product","3":"status-publish","4":"has-post-thumbnail","6":"product_cat-lcn-fr","7":"product_cat-lcn-soin-de-spa","8":"product_cat-soins","9":"product_cat-studio-lcn","10":"pa_inhoud-250-ml-fr","11":"pa_inhoud-50-ml-fr","13":"first","14":"instock","15":"taxable","16":"shipping-taxable","17":"product-type-variable"},"acf":[],"_links":{"self":[{"href":"https:\/\/sundar.be\/fr\/wp-json\/wp\/v2\/product\/59091","targetHints":{"allow":["GET"]}}],"collection":[{"href":"https:\/\/sundar.be\/fr\/wp-json\/wp\/v2\/product"}],"about":[{"href":"https:\/\/sundar.be\/fr\/wp-json\/wp\/v2\/types\/product"}],"replies":[{"embeddable":true,"href":"https:\/\/sundar.be\/fr\/wp-json\/wp\/v2\/comments?post=59091"}],"wp:featuredmedia":[{"embeddable":true,"href":"https:\/\/sundar.be\/fr\/wp-json\/wp\/v2\/media\/59086"}],"wp:attachment":[{"href":"https:\/\/sundar.be\/fr\/wp-json\/wp\/v2\/media?parent=59091"}],"wp:term":[{"taxonomy":"product_brand","embeddable":true,"href":"https:\/\/sundar.be\/fr\/wp-json\/wp\/v2\/product_brand?post=59091"},{"taxonomy":"product_cat","embeddable":true,"href":"https:\/\/sundar.be\/fr\/wp-json\/wp\/v2\/product_cat?post=59091"},{"taxonomy":"product_tag","embeddable":true,"href":"https:\/\/sundar.be\/fr\/wp-json\/wp\/v2\/product_tag?post=59091"}],"curies":[{"name":"wp","href":"https:\/\/api.w.org\/{rel}","templated":true}]}}