{"id":58986,"date":"2026-01-23T11:13:57","date_gmt":"2026-01-23T10:13:57","guid":{"rendered":"https:\/\/sundar.be\/product\/lcn-spa-green-tea-hand-cream\/"},"modified":"2026-01-23T11:38:12","modified_gmt":"2026-01-23T10:38:12","slug":"lcn-spa-green-tea-hand-cream","status":"publish","type":"product","link":"https:\/\/sundar.be\/fr\/produit\/lcn-spa-green-tea-hand-cream\/","title":{"rendered":"LCN SPA Green Tea Hand Cream"},"content":{"rendered":"<p><span style=\"color: #557e96;\"><strong>SPA Green Tea Hand Cream<\/strong><\/span> est une cr\u00e8me pour les mains l\u00e9g\u00e8re mais nourrissante, d\u00e9velopp\u00e9e pour le soin quotidien des mains s\u00e8ches et sollicit\u00e9es. Sa formule associe les antioxydants du th\u00e9 vert \u00e0 des huiles r\u00e9paratrices et des ingr\u00e9dients qui renforcent la peau. La cr\u00e8me p\u00e9n\u00e8tre rapidement sans laisser de film gras et convient parfaitement \u00e0 une utilisation fr\u00e9quente, \u00e0 domicile comme en milieu professionnel.  <\/p>\n","protected":false},"excerpt":{"rendered":"<p><span style=\"color: #557e96;\"><strong>Attention : Disponible \u00e0 partir de \u00b1 fin f\u00e9vrier 2026<\/strong><\/span><\/p>\n<p><span style=\"color: #557e96;\"><strong>SPA Green Tea Hand Cream<\/strong><\/span> est une cr\u00e8me pour les mains nourrissante qui hydrate intens\u00e9ment la peau, la nourrit et la prot\u00e8ge contre le dess\u00e8chement. Gr\u00e2ce au th\u00e9 vert, \u00e0 la niacinamide et aux huiles v\u00e9g\u00e9tales, les mains retrouvent douceur, souplesse et confort. <\/p>\n","protected":false},"featured_media":59101,"comment_status":"open","ping_status":"closed","template":"","meta":{"_acf_changed":false},"product_brand":[],"product_cat":[4969,1442,4936,4761,1440,1568,2772,4907,6237,5058],"product_tag":[],"class_list":{"0":"post-58986","1":"product","2":"type-product","3":"status-publish","4":"has-post-thumbnail","6":"product_cat-cremes-lotions-mains","7":"product_cat-cremes-pour-les-mains","8":"product_cat-lcn-fr","9":"product_cat-pose-ongles","10":"product_cat-lcn-soin-de-mains","11":"product_cat-lcn-soin-de-spa","12":"product_cat-manucure-soin-mains","13":"product_cat-soins","14":"product_cat-studio-lcn","15":"product_cat-webshop-fr","16":"pa_inhoud-250-ml-fr","17":"pa_inhoud-50-ml-fr","19":"first","20":"instock","21":"taxable","22":"shipping-taxable","23":"product-type-variable"},"acf":[],"_links":{"self":[{"href":"https:\/\/sundar.be\/fr\/wp-json\/wp\/v2\/product\/58986","targetHints":{"allow":["GET"]}}],"collection":[{"href":"https:\/\/sundar.be\/fr\/wp-json\/wp\/v2\/product"}],"about":[{"href":"https:\/\/sundar.be\/fr\/wp-json\/wp\/v2\/types\/product"}],"replies":[{"embeddable":true,"href":"https:\/\/sundar.be\/fr\/wp-json\/wp\/v2\/comments?post=58986"}],"wp:featuredmedia":[{"embeddable":true,"href":"https:\/\/sundar.be\/fr\/wp-json\/wp\/v2\/media\/59101"}],"wp:attachment":[{"href":"https:\/\/sundar.be\/fr\/wp-json\/wp\/v2\/media?parent=58986"}],"wp:term":[{"taxonomy":"product_brand","embeddable":true,"href":"https:\/\/sundar.be\/fr\/wp-json\/wp\/v2\/product_brand?post=58986"},{"taxonomy":"product_cat","embeddable":true,"href":"https:\/\/sundar.be\/fr\/wp-json\/wp\/v2\/product_cat?post=58986"},{"taxonomy":"product_tag","embeddable":true,"href":"https:\/\/sundar.be\/fr\/wp-json\/wp\/v2\/product_tag?post=58986"}],"curies":[{"name":"wp","href":"https:\/\/api.w.org\/{rel}","templated":true}]}}