{"id":58968,"date":"2026-01-22T08:02:13","date_gmt":"2026-01-22T07:02:13","guid":{"rendered":"https:\/\/sundar.be\/product\/lcn-spa-gotu-kola-foot-balm\/"},"modified":"2026-02-06T12:38:01","modified_gmt":"2026-02-06T11:38:01","slug":"lcn-spa-gotu-kola-foot-balm","status":"publish","type":"product","link":"https:\/\/sundar.be\/fr\/produit\/lcn-spa-gotu-kola-foot-balm\/","title":{"rendered":"LCN SPA Gotu Kola Foot Balm"},"content":{"rendered":"<p>Le <span style=\"color: #557e96;\"> <strong>SPA Gotu Kola Foot Balm<\/strong> <\/span>a \u00e9t\u00e9 sp\u00e9cialement d\u00e9velopp\u00e9 pour nourrir en profondeur et revitaliser les pieds secs, fatigu\u00e9s et fortement sollicit\u00e9s. La formule associe des ingr\u00e9dients hydratants, r\u00e9parateurs et stimulants qui renforcent la barri\u00e8re cutan\u00e9e, soutiennent la circulation sanguine et procurent un effet agr\u00e9ablement chauffant et rafra\u00eechissant. Id\u00e9al pour les soins quotidiens des pieds ou comme finition relaxante d\u2019un soin p\u00e9dicure.<\/p>\n","protected":false},"excerpt":{"rendered":"<p><span style=\"color: #557e96;\"><strong>Attention : Disponible \u00e0 partir de \u00b1 fin f\u00e9vrier 2026<\/strong><\/span><\/p>\n<p><span style=\"color: #557e96;\"><strong>SPA Gotu Kola Foot Balm<\/strong><\/span> est un baume pour les pieds intens\u00e9ment nourrissant et stimulant qui hydrate et rafra\u00eechit les pieds secs et fatigu\u00e9s. Gr\u00e2ce au gotu kola, \u00e0 l\u2019ur\u00e9e et aux huiles v\u00e9g\u00e9tales nourrissantes, les pieds deviennent plus souples, plus confortables et visiblement mieux soign\u00e9s. <\/p>\n","protected":false},"featured_media":59108,"comment_status":"open","ping_status":"closed","template":"","meta":{"_acf_changed":false},"product_brand":[],"product_cat":[4998,4936,4755,1568,4907,4996,6237,5058],"product_tag":[],"class_list":{"0":"post-58968","1":"product","2":"type-product","3":"status-publish","4":"has-post-thumbnail","6":"product_cat-cremes-lotions-pieds","7":"product_cat-lcn-fr","8":"product_cat-pedicure","9":"product_cat-lcn-soin-de-spa","10":"product_cat-soins","11":"product_cat-soins-quotidiens-des-pieds","12":"product_cat-studio-lcn","13":"product_cat-webshop-fr","14":"pa_inhoud-250-ml-fr","15":"pa_inhoud-50-ml-fr","17":"first","18":"instock","19":"taxable","20":"shipping-taxable","21":"product-type-variable"},"acf":[],"_links":{"self":[{"href":"https:\/\/sundar.be\/fr\/wp-json\/wp\/v2\/product\/58968","targetHints":{"allow":["GET"]}}],"collection":[{"href":"https:\/\/sundar.be\/fr\/wp-json\/wp\/v2\/product"}],"about":[{"href":"https:\/\/sundar.be\/fr\/wp-json\/wp\/v2\/types\/product"}],"replies":[{"embeddable":true,"href":"https:\/\/sundar.be\/fr\/wp-json\/wp\/v2\/comments?post=58968"}],"wp:featuredmedia":[{"embeddable":true,"href":"https:\/\/sundar.be\/fr\/wp-json\/wp\/v2\/media\/59108"}],"wp:attachment":[{"href":"https:\/\/sundar.be\/fr\/wp-json\/wp\/v2\/media?parent=58968"}],"wp:term":[{"taxonomy":"product_brand","embeddable":true,"href":"https:\/\/sundar.be\/fr\/wp-json\/wp\/v2\/product_brand?post=58968"},{"taxonomy":"product_cat","embeddable":true,"href":"https:\/\/sundar.be\/fr\/wp-json\/wp\/v2\/product_cat?post=58968"},{"taxonomy":"product_tag","embeddable":true,"href":"https:\/\/sundar.be\/fr\/wp-json\/wp\/v2\/product_tag?post=58968"}],"curies":[{"name":"wp","href":"https:\/\/api.w.org\/{rel}","templated":true}]}}