{"id":58955,"date":"2026-01-21T11:41:40","date_gmt":"2026-01-21T10:41:40","guid":{"rendered":"https:\/\/sundar.be\/product\/lcn-spa-bamboo-cuticle-care-pen-2-1g\/"},"modified":"2026-02-06T12:42:59","modified_gmt":"2026-02-06T11:42:59","slug":"lcn-spa-bamboo-cuticle-care-pen-2-1g","status":"publish","type":"product","link":"https:\/\/sundar.be\/fr\/produit\/lcn-spa-bamboo-cuticle-care-pen-2-1g\/","title":{"rendered":"LCN SPA Bamboo Cuticle Care Pen, 2.1g"},"content":{"rendered":"<p>Le <span style=\"color: #557e96;\"><strong>SPA Bamboo Cuticle Care Pen<\/strong><\/span> a \u00e9t\u00e9 sp\u00e9cialement d\u00e9velopp\u00e9 pour l\u2019entretien quotidien des cuticules et de leur environnement. Sa formule huileuse nourrissante p\u00e9n\u00e8tre rapidement sans laisser de film gras et aide \u00e0 pr\u00e9venir les fissures, la s\u00e9cheresse et les rugosit\u00e9s. Gr\u00e2ce \u00e0 son format stylo pratique, ce produit est id\u00e9al \u00e0 emporter partout et parfait comme touche finale apr\u00e8s chaque manucure.<\/p>\n","protected":false},"excerpt":{"rendered":"<p><span style=\"color: #557e96;\"><strong>Attention : Disponible \u00e0 partir de \u00b1 fin f\u00e9vrier 2026<\/strong><\/span><\/p>\n<p>Le<span style=\"color: #557e96;\"><strong> SPA Bamboo Cuticle Care Pen<\/strong><\/span> est un stylo de soin pratique qui nourrit intens\u00e9ment et r\u00e9pare les cuticules s\u00e8ches et ab\u00eem\u00e9es. Gr\u00e2ce \u00e0 un riche m\u00e9lange d\u2019huiles v\u00e9g\u00e9tales, d\u2019extrait de bambou et de vitamines, les cuticules deviennent visiblement plus souples et plus saines.<\/p>\n","protected":false},"featured_media":59119,"comment_status":"open","ping_status":"closed","template":"","meta":{"_acf_changed":false},"product_brand":[],"product_cat":[4936,4761,1477,6223,1568,5077,1467,4907,6237,5081,5058],"product_tag":[],"class_list":{"0":"post-58955","1":"product","2":"type-product","3":"status-publish","4":"has-post-thumbnail","6":"product_cat-lcn-fr","7":"product_cat-pose-ongles","8":"product_cat-lcn-soins-ongles-regeneration","9":"product_cat-lcn-soins-des-ongles-soin-de-base","10":"product_cat-lcn-soin-de-spa","11":"product_cat-manucure-soin-des-ongles","12":"product_cat-lcn-soin-des-ongles","13":"product_cat-soins","14":"product_cat-studio-lcn","15":"product_cat-stylo-ongle","16":"product_cat-webshop-fr","18":"first","19":"instock","20":"taxable","21":"shipping-taxable","22":"product-type-simple"},"acf":[],"_links":{"self":[{"href":"https:\/\/sundar.be\/fr\/wp-json\/wp\/v2\/product\/58955","targetHints":{"allow":["GET"]}}],"collection":[{"href":"https:\/\/sundar.be\/fr\/wp-json\/wp\/v2\/product"}],"about":[{"href":"https:\/\/sundar.be\/fr\/wp-json\/wp\/v2\/types\/product"}],"replies":[{"embeddable":true,"href":"https:\/\/sundar.be\/fr\/wp-json\/wp\/v2\/comments?post=58955"}],"wp:featuredmedia":[{"embeddable":true,"href":"https:\/\/sundar.be\/fr\/wp-json\/wp\/v2\/media\/59119"}],"wp:attachment":[{"href":"https:\/\/sundar.be\/fr\/wp-json\/wp\/v2\/media?parent=58955"}],"wp:term":[{"taxonomy":"product_brand","embeddable":true,"href":"https:\/\/sundar.be\/fr\/wp-json\/wp\/v2\/product_brand?post=58955"},{"taxonomy":"product_cat","embeddable":true,"href":"https:\/\/sundar.be\/fr\/wp-json\/wp\/v2\/product_cat?post=58955"},{"taxonomy":"product_tag","embeddable":true,"href":"https:\/\/sundar.be\/fr\/wp-json\/wp\/v2\/product_tag?post=58955"}],"curies":[{"name":"wp","href":"https:\/\/api.w.org\/{rel}","templated":true}]}}