{"id":58948,"date":"2026-01-21T10:28:27","date_gmt":"2026-01-21T09:28:27","guid":{"rendered":"https:\/\/sundar.be\/product\/lcn-spa-avocado-nail-butter\/"},"modified":"2026-01-21T10:40:28","modified_gmt":"2026-01-21T09:40:28","slug":"lcn-spa-avocado-nail-butter","status":"publish","type":"product","link":"https:\/\/sundar.be\/fr\/produit\/lcn-spa-avocado-nail-butter\/","title":{"rendered":"LCN SPA Avocado Nail Butter"},"content":{"rendered":"<p>Le <span style=\"color: #557e96;\"><strong>Avocado Nail Butter <\/strong><\/span>a \u00e9t\u00e9 sp\u00e9cialement d\u00e9velopp\u00e9 pour nourrir en profondeur et prot\u00e9ger les ongles secs et les cuticules d\u00e9shydrat\u00e9es. Sa texture cr\u00e9meuse fond d\u00e9licatement sur la peau et la plaque de l\u2019ongle, offrant une hydratation, une r\u00e9paration et une \u00e9lasticit\u00e9 durables. Id\u00e9al pour un usage quotidien ou comme soin intensif apr\u00e8s les manucures.  <\/p>\n","protected":false},"excerpt":{"rendered":"<p><span style=\"color: #557e96;\"><strong>Attention : Disponible \u00e0 partir de \u00b1 fin f\u00e9vrier 2026<\/strong><\/span><\/p>\n<p><span style=\"color: #557e96;\"><strong>SPA Avocado Nail Butter <\/strong><\/span>est un beurre intens\u00e9ment nourrissant pour les ongles et les cuticules qui r\u00e9pare et renforce les ongles secs et cassants. Gr\u00e2ce \u00e0 l\u2019huile d\u2019avocat, au beurre de karit\u00e9 et aux complexes vitaminiques, les ongles et les cuticules deviennent visiblement plus sains, plus souples et plus forts. <\/p>\n","protected":false},"featured_media":59123,"comment_status":"open","ping_status":"closed","template":"","meta":{"_acf_changed":false},"product_brand":[],"product_cat":[5079,4936,4761,6223,1568,5077,1467,6237,5058],"product_tag":[],"class_list":{"0":"post-58948","1":"product","2":"type-product","3":"status-publish","4":"has-post-thumbnail","6":"product_cat-creme-ongles","7":"product_cat-lcn-fr","8":"product_cat-pose-ongles","9":"product_cat-lcn-soins-des-ongles-soin-de-base","10":"product_cat-lcn-soin-de-spa","11":"product_cat-manucure-soin-des-ongles","12":"product_cat-lcn-soin-des-ongles","13":"product_cat-studio-lcn","14":"product_cat-webshop-fr","16":"first","17":"instock","18":"taxable","19":"shipping-taxable","20":"product-type-simple"},"acf":[],"_links":{"self":[{"href":"https:\/\/sundar.be\/fr\/wp-json\/wp\/v2\/product\/58948","targetHints":{"allow":["GET"]}}],"collection":[{"href":"https:\/\/sundar.be\/fr\/wp-json\/wp\/v2\/product"}],"about":[{"href":"https:\/\/sundar.be\/fr\/wp-json\/wp\/v2\/types\/product"}],"replies":[{"embeddable":true,"href":"https:\/\/sundar.be\/fr\/wp-json\/wp\/v2\/comments?post=58948"}],"wp:featuredmedia":[{"embeddable":true,"href":"https:\/\/sundar.be\/fr\/wp-json\/wp\/v2\/media\/59123"}],"wp:attachment":[{"href":"https:\/\/sundar.be\/fr\/wp-json\/wp\/v2\/media?parent=58948"}],"wp:term":[{"taxonomy":"product_brand","embeddable":true,"href":"https:\/\/sundar.be\/fr\/wp-json\/wp\/v2\/product_brand?post=58948"},{"taxonomy":"product_cat","embeddable":true,"href":"https:\/\/sundar.be\/fr\/wp-json\/wp\/v2\/product_cat?post=58948"},{"taxonomy":"product_tag","embeddable":true,"href":"https:\/\/sundar.be\/fr\/wp-json\/wp\/v2\/product_tag?post=58948"}],"curies":[{"name":"wp","href":"https:\/\/api.w.org\/{rel}","templated":true}]}}