{"id":58922,"date":"2026-01-06T10:32:56","date_gmt":"2026-01-06T09:32:56","guid":{"rendered":"https:\/\/sundar.be\/product\/lcn-uv-gel-polish-base-top-care-10ml\/"},"modified":"2026-01-06T10:51:26","modified_gmt":"2026-01-06T09:51:26","slug":"lcn-uv-gel-polish-base-top-care-10ml","status":"publish","type":"product","link":"https:\/\/sundar.be\/fr\/produit\/lcn-uv-gel-polish-base-top-care-10ml\/","title":{"rendered":"LCN UV-Gel Polish Base &amp; Top + Care, 10ml"},"content":{"rendered":"<p><em>Enti\u00e8rement nouveau, avec un complexe soin \u00e0 base d\u2019acide hyaluronique, de k\u00e9ratine et d\u2019ur\u00e9e \u2013 renforce et prot\u00e8ge les ongles.<\/em><\/p>\n<p>Moins de produits, plus de performance : la nouvelle base &amp; top 2-en-1 avec soin est la solution intelligente pour tous ceux qui veulent gagner du temps tout en prenant soin de leurs ongles. Tout en offrant une adh\u00e9rence parfaite et une brillance \u00e9clatante, elle renforce activement l\u2019ongle naturel gr\u00e2ce \u00e0 ses pr\u00e9cieux ingr\u00e9dients. <\/p>\n<p><strong>Ingr\u00e9dients actifs soin :<\/strong><\/p>\n<ul>\n<li>Hyaluron : hydratation &amp; \u00e9lasticit\u00e9<\/li>\n<li>K\u00e9ratine : renforce &amp; revitalise<\/li>\n<li>Ur\u00e9e : nourrit &amp; adoucit<\/li>\n<\/ul>\n","protected":false},"excerpt":{"rendered":"<p><span style=\"color: #557e96;\"><strong>Attention : disponible \u00e0 partir du 15\/03\/2026<\/strong><\/span><\/p>\n","protected":false},"featured_media":58921,"comment_status":"open","ping_status":"closed","template":"","meta":{"_acf_changed":false},"product_brand":[],"product_cat":[4936,6237,4952,4953],"product_tag":[],"class_list":{"0":"post-58922","1":"product","2":"type-product","3":"status-publish","4":"has-post-thumbnail","6":"product_cat-lcn-fr","7":"product_cat-studio-lcn","8":"product_cat-lcn-systemes-de-couleur","9":"product_cat-lcn-systemes-de-couleur-uv-gel-polish","11":"first","12":"instock","13":"taxable","14":"shipping-taxable","15":"product-type-simple"},"acf":[],"_links":{"self":[{"href":"https:\/\/sundar.be\/fr\/wp-json\/wp\/v2\/product\/58922","targetHints":{"allow":["GET"]}}],"collection":[{"href":"https:\/\/sundar.be\/fr\/wp-json\/wp\/v2\/product"}],"about":[{"href":"https:\/\/sundar.be\/fr\/wp-json\/wp\/v2\/types\/product"}],"replies":[{"embeddable":true,"href":"https:\/\/sundar.be\/fr\/wp-json\/wp\/v2\/comments?post=58922"}],"wp:featuredmedia":[{"embeddable":true,"href":"https:\/\/sundar.be\/fr\/wp-json\/wp\/v2\/media\/58921"}],"wp:attachment":[{"href":"https:\/\/sundar.be\/fr\/wp-json\/wp\/v2\/media?parent=58922"}],"wp:term":[{"taxonomy":"product_brand","embeddable":true,"href":"https:\/\/sundar.be\/fr\/wp-json\/wp\/v2\/product_brand?post=58922"},{"taxonomy":"product_cat","embeddable":true,"href":"https:\/\/sundar.be\/fr\/wp-json\/wp\/v2\/product_cat?post=58922"},{"taxonomy":"product_tag","embeddable":true,"href":"https:\/\/sundar.be\/fr\/wp-json\/wp\/v2\/product_tag?post=58922"}],"curies":[{"name":"wp","href":"https:\/\/api.w.org\/{rel}","templated":true}]}}