{"id":58914,"date":"2026-01-06T09:33:01","date_gmt":"2026-01-06T08:33:01","guid":{"rendered":"https:\/\/sundar.be\/product\/lcn-bacio-spa-care-set\/"},"modified":"2026-01-06T09:34:18","modified_gmt":"2026-01-06T08:34:18","slug":"lcn-bacio-spa-care-set","status":"publish","type":"product","link":"https:\/\/sundar.be\/fr\/produit\/lcn-bacio-spa-care-set\/","title":{"rendered":"LCN Bacio Spa Care Set"},"content":{"rendered":"<p>Chouchoutez vos mains avec un pur moment de luxe ! Le coffret Bacio Spa Care offre une hydratation intense, une peau douce comme de la soie et des ongles parfaitement soign\u00e9s. Le cadeau id\u00e9al \u00e0 offrir \u2013 ou pour s\u2019offrir un coup de fra\u00eecheur printanier.  <\/p>\n<p><strong>Contenu:<\/strong><\/p>\n<ul>\n<li>SPA Green Tea Hand Cream, 50ml<\/li>\n<li>SPA Cherry Blossom Nail Shot, 11ml<\/li>\n<\/ul>\n","protected":false},"excerpt":{"rendered":"<p>Joli coffret cadeau pour la Saint-Valentin, P\u00e2ques ou la f\u00eate des M\u00e8res.<\/p>\n<p><span style=\"color: #557e96;\"><strong>Attention : disponible \u00e0 partir du 15\/02\/2026.<\/strong><\/span><\/p>\n","protected":false},"featured_media":58913,"comment_status":"open","ping_status":"closed","template":"","meta":{"_acf_changed":false},"product_brand":[],"product_cat":[6229,4936,6233,4907,6237],"product_tag":[],"class_list":{"0":"post-58914","1":"product","2":"type-product","3":"status-publish","4":"has-post-thumbnail","6":"product_cat-lcn-soins-highlights","7":"product_cat-lcn-fr","8":"product_cat-lcn-soins-highlights-sets-cadeau","9":"product_cat-soins","10":"product_cat-studio-lcn","12":"first","13":"instock","14":"taxable","15":"shipping-taxable","16":"product-type-simple"},"acf":[],"_links":{"self":[{"href":"https:\/\/sundar.be\/fr\/wp-json\/wp\/v2\/product\/58914","targetHints":{"allow":["GET"]}}],"collection":[{"href":"https:\/\/sundar.be\/fr\/wp-json\/wp\/v2\/product"}],"about":[{"href":"https:\/\/sundar.be\/fr\/wp-json\/wp\/v2\/types\/product"}],"replies":[{"embeddable":true,"href":"https:\/\/sundar.be\/fr\/wp-json\/wp\/v2\/comments?post=58914"}],"wp:featuredmedia":[{"embeddable":true,"href":"https:\/\/sundar.be\/fr\/wp-json\/wp\/v2\/media\/58913"}],"wp:attachment":[{"href":"https:\/\/sundar.be\/fr\/wp-json\/wp\/v2\/media?parent=58914"}],"wp:term":[{"taxonomy":"product_brand","embeddable":true,"href":"https:\/\/sundar.be\/fr\/wp-json\/wp\/v2\/product_brand?post=58914"},{"taxonomy":"product_cat","embeddable":true,"href":"https:\/\/sundar.be\/fr\/wp-json\/wp\/v2\/product_cat?post=58914"},{"taxonomy":"product_tag","embeddable":true,"href":"https:\/\/sundar.be\/fr\/wp-json\/wp\/v2\/product_tag?post=58914"}],"curies":[{"name":"wp","href":"https:\/\/api.w.org\/{rel}","templated":true}]}}