{"id":58910,"date":"2026-01-06T08:31:53","date_gmt":"2026-01-06T07:31:53","guid":{"rendered":"https:\/\/sundar.be\/product\/lcn-bacio-wow-gel-polish-set\/"},"modified":"2026-01-06T09:26:48","modified_gmt":"2026-01-06T08:26:48","slug":"lcn-bacio-wow-gel-polish-set","status":"publish","type":"product","link":"https:\/\/sundar.be\/fr\/produit\/lcn-bacio-wow-gel-polish-set\/","title":{"rendered":"LCN Bacio Wow Gel Polish Set"},"content":{"rendered":"<p>De beaux ongles en seulement deux \u00e9tapes \u2013 et enti\u00e8rement sans lampe UV. Le syst\u00e8me en 2 \u00e9tapes garantit une brillance \u00e9clatante et une tenue jusqu\u2019\u00e0 10 jours. 100 % v\u00e9gan, sans HEMA et se retire sans ac\u00e9tone. Un cadeau parfait pour tous ceux qui aiment une application facile et une couleur intens\u00e9ment brillante.   <\/p>\n<p><strong>Contenu:<\/strong><\/p>\n<ul>\n<li><span style=\"color: #557e96;\"><a style=\"color: #557e96;\" href=\"https:\/\/sundar.be\/fr\/produit\/lcn-wow-hybrid-gel-polish-la-dolce-vita-8ml\/\"><strong>WOW Hybrid Gel Polish<\/strong><\/a><\/span>, 8ml &#8211; Ciao Bella<\/li>\n<li><a href=\"https:\/\/sundar.be\/fr\/produit\/lcn-wow-hybrid-gel-polish-la-dolce-vita-8ml\/\"><span style=\"color: #557e96;\"><strong>WOW Hybrid Gel Polish<\/strong><\/span><\/a>, 8ml &#8211; Capri Kiss<\/li>\n<li><span style=\"color: #557e96;\"><a style=\"color: #557e96;\" href=\"https:\/\/sundar.be\/fr\/produit\/wow-hybrid-gel-top-coat-super-fast\/\"><strong>WOW Hybrid Gel Polish Top Coat<\/strong><\/a><\/span>, 8ml<\/li>\n<li><span style=\"color: #557e96;\"><strong><a href=\"https:\/\/sundar.be\/fr\/produit\/hydrating-hand-cream\/\">Hydrating Hand Cream<\/a><\/strong><\/span>, 50ml<\/li>\n<\/ul>\n","protected":false},"excerpt":{"rendered":"<p>Joli coffret cadeau pour la Saint-Valentin, P\u00e2ques ou la f\u00eate des M\u00e8res.<\/p>\n<p><span style=\"color: #557e96;\"><strong>Attention : disponible \u00e0 partir du \u00b1 01\/02\/2026.<\/strong><\/span><\/p>\n","protected":false},"featured_media":58909,"comment_status":"open","ping_status":"closed","template":"","meta":{"_acf_changed":false},"product_brand":[],"product_cat":[6229,4936,6233,4907,6237],"product_tag":[],"class_list":{"0":"post-58910","1":"product","2":"type-product","3":"status-publish","4":"has-post-thumbnail","6":"product_cat-lcn-soins-highlights","7":"product_cat-lcn-fr","8":"product_cat-lcn-soins-highlights-sets-cadeau","9":"product_cat-soins","10":"product_cat-studio-lcn","12":"first","13":"outofstock","14":"taxable","15":"shipping-taxable","16":"product-type-simple"},"acf":[],"_links":{"self":[{"href":"https:\/\/sundar.be\/fr\/wp-json\/wp\/v2\/product\/58910","targetHints":{"allow":["GET"]}}],"collection":[{"href":"https:\/\/sundar.be\/fr\/wp-json\/wp\/v2\/product"}],"about":[{"href":"https:\/\/sundar.be\/fr\/wp-json\/wp\/v2\/types\/product"}],"replies":[{"embeddable":true,"href":"https:\/\/sundar.be\/fr\/wp-json\/wp\/v2\/comments?post=58910"}],"wp:featuredmedia":[{"embeddable":true,"href":"https:\/\/sundar.be\/fr\/wp-json\/wp\/v2\/media\/58909"}],"wp:attachment":[{"href":"https:\/\/sundar.be\/fr\/wp-json\/wp\/v2\/media?parent=58910"}],"wp:term":[{"taxonomy":"product_brand","embeddable":true,"href":"https:\/\/sundar.be\/fr\/wp-json\/wp\/v2\/product_brand?post=58910"},{"taxonomy":"product_cat","embeddable":true,"href":"https:\/\/sundar.be\/fr\/wp-json\/wp\/v2\/product_cat?post=58910"},{"taxonomy":"product_tag","embeddable":true,"href":"https:\/\/sundar.be\/fr\/wp-json\/wp\/v2\/product_tag?post=58910"}],"curies":[{"name":"wp","href":"https:\/\/api.w.org\/{rel}","templated":true}]}}