{"id":58821,"date":"2026-01-05T11:48:55","date_gmt":"2026-01-05T10:48:55","guid":{"rendered":"https:\/\/sundar.be\/product\/lcn-wow-hybrid-gel-polish-la-dolce-vita-8ml\/"},"modified":"2026-02-06T08:23:42","modified_gmt":"2026-02-06T07:23:42","slug":"lcn-wow-hybrid-gel-polish-la-dolce-vita-8ml","status":"publish","type":"product","link":"https:\/\/sundar.be\/fr\/produit\/lcn-wow-hybrid-gel-polish-la-dolce-vita-8ml\/","title":{"rendered":"LCN WOW Hybrid Gel Polish \u00ab\u00a0La Dolce Vita\u00a0\u00bb, 8ml"},"content":{"rendered":"<p>D\u00e9couvrez notre tendance printani\u00e8re \u00ab <strong><span style=\"color: #557e96;\">La Dolce Vita<\/span><\/strong> \u00bb avec 6 nouvelles couleurs de WOW Hybrid Gel Polish.<\/p>\n<ul>\n<li>881 Ciao Bella<\/li>\n<li>882 Dolce Vita<\/li>\n<li>883 Capri Kiss<\/li>\n<li>884 Vintage Vespa<\/li>\n<li>885 Limoncello Love<\/li>\n<li>886 Bacio<\/li>\n<\/ul>\n<p>Souhaitez-vous acheter toutes les couleurs ? Optez alors pour le set contenant les 6 couleurs tendance + top coat + une jolie petite pochette tendance.<br \/>Si vous avez d\u00e9j\u00e0 un pr\u00e9sentoir, vous pouvez commander les couleurs individuellement en quantit\u00e9 souhait\u00e9e.<br \/>Si vous n\u2019avez pas encore de pr\u00e9sentoir, vous pouvez l\u2019acheter s\u00e9par\u00e9ment et le remplir avec les couleurs de votre choix.  <\/p>\n","protected":false},"excerpt":{"rendered":"<p>D\u00e9couvrez notre tendance printani\u00e8re \u00ab <strong><span style=\"color: #557e96;\">La Dolce Vita<\/span><\/strong> \u00bb avec 6 nouvelles couleurs de WOW Hybrid Gel Polish.<\/p>\n","protected":false},"featured_media":58816,"comment_status":"open","ping_status":"closed","template":"","meta":{"_acf_changed":false},"product_brand":[],"product_cat":[4936,6237,4952,4958],"product_tag":[],"class_list":{"0":"post-58821","1":"product","2":"type-product","3":"status-publish","4":"has-post-thumbnail","6":"product_cat-lcn-fr","7":"product_cat-studio-lcn","8":"product_cat-lcn-systemes-de-couleur","9":"product_cat-lcn-systemes-de-couleur-wow","10":"pa_kleur-881-ciao-bella","11":"pa_kleur-882-dolce-vita","12":"pa_kleur-883-capri-kiss","13":"pa_kleur-884-vintage-vespa","14":"pa_kleur-885-limoncello-love","15":"pa_kleur-886-bacio","16":"pa_kleur-lege-display","17":"pa_kleur-set-met-6-kleuren","19":"first","20":"instock","21":"taxable","22":"shipping-taxable","23":"product-type-variable"},"acf":[],"_links":{"self":[{"href":"https:\/\/sundar.be\/fr\/wp-json\/wp\/v2\/product\/58821","targetHints":{"allow":["GET"]}}],"collection":[{"href":"https:\/\/sundar.be\/fr\/wp-json\/wp\/v2\/product"}],"about":[{"href":"https:\/\/sundar.be\/fr\/wp-json\/wp\/v2\/types\/product"}],"replies":[{"embeddable":true,"href":"https:\/\/sundar.be\/fr\/wp-json\/wp\/v2\/comments?post=58821"}],"wp:featuredmedia":[{"embeddable":true,"href":"https:\/\/sundar.be\/fr\/wp-json\/wp\/v2\/media\/58816"}],"wp:attachment":[{"href":"https:\/\/sundar.be\/fr\/wp-json\/wp\/v2\/media?parent=58821"}],"wp:term":[{"taxonomy":"product_brand","embeddable":true,"href":"https:\/\/sundar.be\/fr\/wp-json\/wp\/v2\/product_brand?post=58821"},{"taxonomy":"product_cat","embeddable":true,"href":"https:\/\/sundar.be\/fr\/wp-json\/wp\/v2\/product_cat?post=58821"},{"taxonomy":"product_tag","embeddable":true,"href":"https:\/\/sundar.be\/fr\/wp-json\/wp\/v2\/product_tag?post=58821"}],"curies":[{"name":"wp","href":"https:\/\/api.w.org\/{rel}","templated":true}]}}