{"id":58664,"date":"2025-12-19T08:13:34","date_gmt":"2025-12-19T07:13:34","guid":{"rendered":"https:\/\/sundar.be\/product\/lcn-sac-rose\/"},"modified":"2025-12-19T08:14:17","modified_gmt":"2025-12-19T07:14:17","slug":"lcn-sac-rose","status":"publish","type":"product","link":"https:\/\/sundar.be\/fr\/produit\/lcn-sac-rose\/","title":{"rendered":"LCN Sac Rose"},"content":{"rendered":"<p data-start=\"0\" data-end=\"246\">Ce petit sac de transport LCN rose offre suffisamment de place pour les articles de vente de l\u2019assortiment de votre institut. Les deux poign\u00e9es assurent un transport confortable et le n\u0153ud au centre transforme le sac en un emballage cadeau de haute qualit\u00e9. <\/p>\n<p data-start=\"248\" data-end=\"276\" data-is-last-node=\"\" data-is-only-node=\"\"><span style=\"color: #557e96;\"><strong data-start=\"248\" data-end=\"263\">Dimensions:<\/strong> <\/span>220 \u00d7 145 mm<\/p>\n","protected":false},"excerpt":{"rendered":"<p>Ce petit sac de transport LCN rose offre suffisamment de place pour les articles de vente de l\u2019assortiment de votre institut. Les deux poign\u00e9es assurent un transport confortable et le n\u0153ud au centre transforme le sac en un emballage cadeau de haute qualit\u00e9. Dimensions: 220 \u00d7 145 mm<\/p>\n","protected":false},"featured_media":58663,"comment_status":"open","ping_status":"closed","template":"","meta":{"_acf_changed":false},"product_brand":[],"product_cat":[4945,4936,6263,1574,6308,1573,5058],"product_tag":[],"class_list":{"0":"post-58664","1":"product","2":"type-product","3":"status-publish","4":"has-post-thumbnail","6":"product_cat-amenagement-institut-webshop-fr","7":"product_cat-lcn-fr","8":"product_cat-lcn-marketing-merchandise","9":"product_cat-sacs","10":"product_cat-lcn-merch-sacs","11":"product_cat-salon-marketing-tools-fr","12":"product_cat-webshop-fr","14":"first","15":"instock","16":"taxable","17":"shipping-taxable","18":"product-type-simple"},"acf":[],"_links":{"self":[{"href":"https:\/\/sundar.be\/fr\/wp-json\/wp\/v2\/product\/58664","targetHints":{"allow":["GET"]}}],"collection":[{"href":"https:\/\/sundar.be\/fr\/wp-json\/wp\/v2\/product"}],"about":[{"href":"https:\/\/sundar.be\/fr\/wp-json\/wp\/v2\/types\/product"}],"replies":[{"embeddable":true,"href":"https:\/\/sundar.be\/fr\/wp-json\/wp\/v2\/comments?post=58664"}],"wp:featuredmedia":[{"embeddable":true,"href":"https:\/\/sundar.be\/fr\/wp-json\/wp\/v2\/media\/58663"}],"wp:attachment":[{"href":"https:\/\/sundar.be\/fr\/wp-json\/wp\/v2\/media?parent=58664"}],"wp:term":[{"taxonomy":"product_brand","embeddable":true,"href":"https:\/\/sundar.be\/fr\/wp-json\/wp\/v2\/product_brand?post=58664"},{"taxonomy":"product_cat","embeddable":true,"href":"https:\/\/sundar.be\/fr\/wp-json\/wp\/v2\/product_cat?post=58664"},{"taxonomy":"product_tag","embeddable":true,"href":"https:\/\/sundar.be\/fr\/wp-json\/wp\/v2\/product_tag?post=58664"}],"curies":[{"name":"wp","href":"https:\/\/api.w.org\/{rel}","templated":true}]}}