{"id":58660,"date":"2025-12-19T08:09:27","date_gmt":"2025-12-19T07:09:27","guid":{"rendered":"https:\/\/sundar.be\/product\/lcn-kit-de-demarrage-all-in-one-avec-lampe\/"},"modified":"2026-01-05T10:54:13","modified_gmt":"2026-01-05T09:54:13","slug":"lcn-kit-de-demarrage-all-in-one-avec-lampe","status":"publish","type":"product","link":"https:\/\/sundar.be\/fr\/produit\/lcn-kit-de-demarrage-all-in-one-avec-lampe\/","title":{"rendered":"LCN Kit de d\u00e9marrage All-in-One avec lampe"},"content":{"rendered":"<p>Avec le Starter Set Gel de LCN, vous b\u00e9n\u00e9ficiez d\u2019un kit complet et sans souci pour d\u00e9buter le modelage des ongles !<\/p>\n<p><strong>Contenu du set :<\/strong><\/p>\n<ul>\n<li>7093000 <a href=\"https:\/\/sundar.be\/fr\/produit\/uv-gel-primer-sans-acide-10ml\/\"><span style=\"color: #557e96;\"><strong>Acid free Primer<\/strong><\/span><\/a>, 10 ml<\/li>\n<li>7093004 <a href=\"https:\/\/sundar.be\/fr\/produit\/uv-gel-all-in-one-20ml\/\"><span style=\"color: #557e96;\"><strong>All in One nude<\/strong><\/span><\/a>, 20 ml<\/li>\n<li>7093023 <a href=\"https:\/\/sundar.be\/fr\/produit\/uv-gel-top-coat-10ml\/\"><span style=\"color: #557e96;\"><strong>Top Coat clear<\/strong><\/span><\/a>, 10 ml (sans couche de dispersion)<\/li>\n<li>7030001 <a href=\"https:\/\/sundar.be\/fr\/produit\/cleaner\/\"><strong><span style=\"color: #557e96;\">Cleaner<\/span><\/strong><\/a>, 100 ml<\/li>\n<li>7092042 <a href=\"https:\/\/sundar.be\/fr\/produit\/protech-1-gel-brush-size-8-black\/\"><span style=\"color: #557e96;\"><strong>Pinceau<\/strong><\/span><\/a> <\/li>\n<li>7092404 <a href=\"https:\/\/sundar.be\/fr\/produit\/super-light-unit\/\"><span style=\"color: #557e96;\"><strong>Super Light Unit <\/strong><\/span><\/a> <\/li>\n<li>7036273 <strong><a href=\"https:\/\/sundar.be\/fr\/produit\/lime-pastel\/\"><span style=\"color: #557e96;\">Pastel Line File<\/span><\/a><\/strong><\/li>\n<\/ul>\n","protected":false},"excerpt":{"rendered":"<p>Avec le Starter Set Gel de LCN, vous b\u00e9n\u00e9ficiez d\u2019un kit complet et sans souci pour d\u00e9buter le modelage des ongles ! Contenu du set : 7093000 Acid free Primer, 10 ml 7093004 All in One nude, 20 ml 7093023 Top Coat clear, 10 ml (sans couche de dispersion) 7030001 Cleaner, 100 ml 7092042 Pinceau [&hellip;]<\/p>\n","protected":false},"featured_media":58659,"comment_status":"open","ping_status":"closed","template":"","meta":{"_acf_changed":false},"product_brand":[],"product_cat":[6210,4950,4936,4949],"product_tag":[],"class_list":{"0":"post-58660","1":"product","2":"type-product","3":"status-publish","4":"has-post-thumbnail","6":"product_cat-lcn-ongles-artificielles-uv-gels-basic-gels-de-construction","7":"product_cat-lcn-ongles-artificiels-gels-uv-basic","8":"product_cat-lcn-fr","9":"product_cat-lcn-ongles-artificiels","11":"first","12":"instock","13":"taxable","14":"shipping-taxable","15":"product-type-simple"},"acf":[],"_links":{"self":[{"href":"https:\/\/sundar.be\/fr\/wp-json\/wp\/v2\/product\/58660","targetHints":{"allow":["GET"]}}],"collection":[{"href":"https:\/\/sundar.be\/fr\/wp-json\/wp\/v2\/product"}],"about":[{"href":"https:\/\/sundar.be\/fr\/wp-json\/wp\/v2\/types\/product"}],"replies":[{"embeddable":true,"href":"https:\/\/sundar.be\/fr\/wp-json\/wp\/v2\/comments?post=58660"}],"wp:featuredmedia":[{"embeddable":true,"href":"https:\/\/sundar.be\/fr\/wp-json\/wp\/v2\/media\/58659"}],"wp:attachment":[{"href":"https:\/\/sundar.be\/fr\/wp-json\/wp\/v2\/media?parent=58660"}],"wp:term":[{"taxonomy":"product_brand","embeddable":true,"href":"https:\/\/sundar.be\/fr\/wp-json\/wp\/v2\/product_brand?post=58660"},{"taxonomy":"product_cat","embeddable":true,"href":"https:\/\/sundar.be\/fr\/wp-json\/wp\/v2\/product_cat?post=58660"},{"taxonomy":"product_tag","embeddable":true,"href":"https:\/\/sundar.be\/fr\/wp-json\/wp\/v2\/product_tag?post=58660"}],"curies":[{"name":"wp","href":"https:\/\/api.w.org\/{rel}","templated":true}]}}