{"id":58654,"date":"2025-12-18T14:59:43","date_gmt":"2025-12-18T13:59:43","guid":{"rendered":"https:\/\/sundar.be\/product\/lcn-appareil-de-fraisage-mobile-sans-fil\/"},"modified":"2025-12-19T08:02:08","modified_gmt":"2025-12-19T07:02:08","slug":"lcn-appareil-de-fraisage-mobile-sans-fil","status":"publish","type":"product","link":"https:\/\/sundar.be\/fr\/produit\/lcn-appareil-de-fraisage-mobile-sans-fil\/","title":{"rendered":"LCN Appareil de fraisage mobile (sans fil)"},"content":{"rendered":"<p>Que vous travailliez en institut ou en d\u00e9placement, notre ponceuse \u00e9lectrique est le compl\u00e9ment id\u00e9al de votre studio. Cette ponceuse mobile et pratique garantit un travail confortable et constitue \u00e9galement l\u2019outil parfait pour les d\u00e9butants, permettant un travail rapide et minutieux. <\/p>\n<p><strong>Specifications:<\/strong><\/p>\n<ul>\n<li>Jusqu\u2019\u00e0 30 000 tr\/min<\/li>\n<li>Capacit\u00e9 de la batterie : 2500 mAh<\/li>\n<li>Puissance : 42 W<\/li>\n<\/ul>\n","protected":false},"excerpt":{"rendered":"<p>Que vous travailliez en institut ou en d\u00e9placement, notre ponceuse \u00e9lectrique est le compl\u00e9ment id\u00e9al de votre studio. Cette ponceuse mobile et pratique garantit un travail confortable et constitue \u00e9galement l\u2019outil parfait pour les d\u00e9butants, permettant un travail rapide et minutieux. Specifications: Jusqu\u2019\u00e0 30 000 tr\/min Capacit\u00e9 de la batterie : 2500 mAh Puissance : [&hellip;]<\/p>\n","protected":false},"featured_media":58641,"comment_status":"open","ping_status":"closed","template":"","meta":{"_acf_changed":false},"product_brand":[],"product_cat":[6311,4945,4769,4785,6156,6313,4936,5058],"product_tag":[],"class_list":{"0":"post-58654","1":"product","2":"type-product","3":"status-publish","4":"has-post-thumbnail","6":"product_cat-lcn-accessoires","7":"product_cat-amenagement-institut-webshop-fr","8":"product_cat-amenagement-appareils","9":"product_cat-appareils-fraisage-moteurs-pedicure","10":"product_cat-fraises-sans-aspiration","11":"product_cat-lcn-accessoires-lampes-fraises","12":"product_cat-lcn-fr","13":"product_cat-webshop-fr","15":"first","16":"instock","17":"taxable","18":"shipping-taxable","19":"product-type-simple"},"acf":[],"_links":{"self":[{"href":"https:\/\/sundar.be\/fr\/wp-json\/wp\/v2\/product\/58654","targetHints":{"allow":["GET"]}}],"collection":[{"href":"https:\/\/sundar.be\/fr\/wp-json\/wp\/v2\/product"}],"about":[{"href":"https:\/\/sundar.be\/fr\/wp-json\/wp\/v2\/types\/product"}],"replies":[{"embeddable":true,"href":"https:\/\/sundar.be\/fr\/wp-json\/wp\/v2\/comments?post=58654"}],"wp:featuredmedia":[{"embeddable":true,"href":"https:\/\/sundar.be\/fr\/wp-json\/wp\/v2\/media\/58641"}],"wp:attachment":[{"href":"https:\/\/sundar.be\/fr\/wp-json\/wp\/v2\/media?parent=58654"}],"wp:term":[{"taxonomy":"product_brand","embeddable":true,"href":"https:\/\/sundar.be\/fr\/wp-json\/wp\/v2\/product_brand?post=58654"},{"taxonomy":"product_cat","embeddable":true,"href":"https:\/\/sundar.be\/fr\/wp-json\/wp\/v2\/product_cat?post=58654"},{"taxonomy":"product_tag","embeddable":true,"href":"https:\/\/sundar.be\/fr\/wp-json\/wp\/v2\/product_tag?post=58654"}],"curies":[{"name":"wp","href":"https:\/\/api.w.org\/{rel}","templated":true}]}}