{"id":58638,"date":"2025-12-18T14:56:11","date_gmt":"2025-12-18T13:56:11","guid":{"rendered":"https:\/\/sundar.be\/product\/lcn-mini-light-unit\/"},"modified":"2025-12-18T14:57:20","modified_gmt":"2025-12-18T13:57:20","slug":"lcn-mini-light-unit","status":"publish","type":"product","link":"https:\/\/sundar.be\/fr\/produit\/lcn-mini-light-unit\/","title":{"rendered":"LCN Mini Light Unit"},"content":{"rendered":"<p><span style=\"color: #557e96;\"><strong>LCN Mini Light Unit<\/strong><\/span> est une lampe de manucure UV\/LED compacte avec connexion USB. Gr\u00e2ce \u00e0 notre Mini Light Unit, vous pouvez r\u00e9aliser des manucures en gel de qualit\u00e9 salon \u00e0 la maison ou en d\u00e9placement. <\/p>\n<p><strong>Dimensions <\/strong>\u2013 environ 11 \u00d7 8 cm.<\/p>\n","protected":false},"excerpt":{"rendered":"<p>LCN Mini Light Unit est une lampe de manucure UV\/LED compacte avec connexion USB. Gr\u00e2ce \u00e0 notre Mini Light Unit, vous pouvez r\u00e9aliser des manucures en gel de qualit\u00e9 salon \u00e0 la maison ou en d\u00e9placement. Dimensions \u2013 environ 11 \u00d7 8 cm.<\/p>\n","protected":false},"featured_media":58765,"comment_status":"open","ping_status":"closed","template":"","meta":{"_acf_changed":false},"product_brand":[],"product_cat":[6311,4945,4769,6313,1629,4936,5058],"product_tag":[],"class_list":{"0":"post-58638","1":"product","2":"type-product","3":"status-publish","4":"has-post-thumbnail","6":"product_cat-lcn-accessoires","7":"product_cat-amenagement-institut-webshop-fr","8":"product_cat-amenagement-appareils","9":"product_cat-lcn-accessoires-lampes-fraises","10":"product_cat-lampes-led","11":"product_cat-lcn-fr","12":"product_cat-webshop-fr","14":"first","15":"instock","16":"taxable","17":"shipping-taxable","18":"product-type-simple"},"acf":[],"_links":{"self":[{"href":"https:\/\/sundar.be\/fr\/wp-json\/wp\/v2\/product\/58638","targetHints":{"allow":["GET"]}}],"collection":[{"href":"https:\/\/sundar.be\/fr\/wp-json\/wp\/v2\/product"}],"about":[{"href":"https:\/\/sundar.be\/fr\/wp-json\/wp\/v2\/types\/product"}],"replies":[{"embeddable":true,"href":"https:\/\/sundar.be\/fr\/wp-json\/wp\/v2\/comments?post=58638"}],"wp:featuredmedia":[{"embeddable":true,"href":"https:\/\/sundar.be\/fr\/wp-json\/wp\/v2\/media\/58765"}],"wp:attachment":[{"href":"https:\/\/sundar.be\/fr\/wp-json\/wp\/v2\/media?parent=58638"}],"wp:term":[{"taxonomy":"product_brand","embeddable":true,"href":"https:\/\/sundar.be\/fr\/wp-json\/wp\/v2\/product_brand?post=58638"},{"taxonomy":"product_cat","embeddable":true,"href":"https:\/\/sundar.be\/fr\/wp-json\/wp\/v2\/product_cat?post=58638"},{"taxonomy":"product_tag","embeddable":true,"href":"https:\/\/sundar.be\/fr\/wp-json\/wp\/v2\/product_tag?post=58638"}],"curies":[{"name":"wp","href":"https:\/\/api.w.org\/{rel}","templated":true}]}}