{"id":58636,"date":"2025-12-18T14:50:44","date_gmt":"2025-12-18T13:50:44","guid":{"rendered":"https:\/\/sundar.be\/product\/lcn-clean-shine-100ml\/"},"modified":"2025-12-18T14:54:21","modified_gmt":"2025-12-18T13:54:21","slug":"lcn-clean-shine-100ml","status":"publish","type":"product","link":"https:\/\/sundar.be\/fr\/produit\/lcn-clean-shine-100ml\/","title":{"rendered":"LCN Clean &amp; Shine, 100ml"},"content":{"rendered":"<p data-start=\"56\" data-end=\"365\"><span style=\"color: #557e96;\"><strong>LCN Clean &amp; Shine<\/strong><\/span> est un cleanser professionnel destin\u00e9 au nettoyage et au d\u00e9graissage de l\u2019ongle naturel ainsi qu\u2019\u00e0 l\u2019\u00e9limination de la couche de dispersion apr\u00e8s les soins au gel ou \u00e0 l\u2019acrylique. Sa formule \u00e0 base d\u2019alcool assure un nettoyage en profondeur et laisse l\u2019ongle propre, frais et parfaitement pr\u00e9par\u00e9. <\/p>\n<p data-start=\"367\" data-end=\"521\">Ce produit est indispensable dans les instituts de manucure et les studios d\u2019onglerie professionnels et contribue \u00e0 une adh\u00e9rence optimale ainsi qu\u2019\u00e0 une finition brillante des ongles.<\/p>\n","protected":false},"excerpt":{"rendered":"<p data-start=\"556\" data-end=\"736\">Un cleanser professionnel pour ongles permettant de nettoyer et d\u00e9graisser l\u2019ongle naturel et d\u2019\u00e9liminer la couche de dispersion. Offre un r\u00e9sultat propre, frais et brillant. <\/p>\n","protected":false},"featured_media":58634,"comment_status":"open","ping_status":"closed","template":"","meta":{"_acf_changed":false},"product_brand":[],"product_cat":[4936,1539,1532,4949],"product_tag":[],"class_list":{"0":"post-58636","1":"product","2":"type-product","3":"status-publish","4":"has-post-thumbnail","6":"product_cat-lcn-fr","7":"product_cat-liquides-accessoires-fr","8":"product_cat-materiels","9":"product_cat-lcn-ongles-artificiels","11":"first","12":"instock","13":"taxable","14":"shipping-taxable","15":"product-type-simple"},"acf":[],"_links":{"self":[{"href":"https:\/\/sundar.be\/fr\/wp-json\/wp\/v2\/product\/58636","targetHints":{"allow":["GET"]}}],"collection":[{"href":"https:\/\/sundar.be\/fr\/wp-json\/wp\/v2\/product"}],"about":[{"href":"https:\/\/sundar.be\/fr\/wp-json\/wp\/v2\/types\/product"}],"replies":[{"embeddable":true,"href":"https:\/\/sundar.be\/fr\/wp-json\/wp\/v2\/comments?post=58636"}],"wp:featuredmedia":[{"embeddable":true,"href":"https:\/\/sundar.be\/fr\/wp-json\/wp\/v2\/media\/58634"}],"wp:attachment":[{"href":"https:\/\/sundar.be\/fr\/wp-json\/wp\/v2\/media?parent=58636"}],"wp:term":[{"taxonomy":"product_brand","embeddable":true,"href":"https:\/\/sundar.be\/fr\/wp-json\/wp\/v2\/product_brand?post=58636"},{"taxonomy":"product_cat","embeddable":true,"href":"https:\/\/sundar.be\/fr\/wp-json\/wp\/v2\/product_cat?post=58636"},{"taxonomy":"product_tag","embeddable":true,"href":"https:\/\/sundar.be\/fr\/wp-json\/wp\/v2\/product_tag?post=58636"}],"curies":[{"name":"wp","href":"https:\/\/api.w.org\/{rel}","templated":true}]}}