{"id":58558,"date":"2025-12-17T12:05:13","date_gmt":"2025-12-17T11:05:13","guid":{"rendered":"https:\/\/sundar.be\/product\/camillen-60-baume-pieds-fraicheur\/"},"modified":"2025-12-18T07:40:08","modified_gmt":"2025-12-18T06:40:08","slug":"camillen-60-baume-pieds-fraicheur","status":"publish","type":"product","link":"https:\/\/sundar.be\/fr\/produit\/camillen-60-baume-pieds-fraicheur\/","title":{"rendered":"Camillen 60 Baume Pieds Fra\u00eecheur"},"content":{"rendered":"<p data-start=\"66\" data-end=\"364\"><span style=\"color: #557e96;\"><strong>Camillen 60 Baume Pieds Fra\u00eecheur<\/strong><\/span> est un baume pour les pieds l\u00e9ger, nourrissant et rafra\u00eechissant, qui procure imm\u00e9diatement une sensation de fra\u00eecheur agr\u00e9able. La formule hydrate la peau, aide \u00e0 r\u00e9duire les odeurs de pieds et offre un effet rafra\u00eechissant, id\u00e9al par temps chaud ou en cas de pieds rapidement fatigu\u00e9s. <\/p>\n<p data-start=\"366\" data-end=\"589\">Gr\u00e2ce \u00e0 la combinaison d\u2019ingr\u00e9dients apaisants, nourrissants et d\u00e9sodorisants, ce baume pour les pieds est parfait pour un usage quotidien et particuli\u00e8rement adapt\u00e9 comme finition rafra\u00eechissante lors des soins professionnels de p\u00e9dicurie.<\/p>\n","protected":false},"excerpt":{"rendered":"<p data-start=\"624\" data-end=\"769\">Un baume pour les pieds l\u00e9ger et rafra\u00eechissant qui hydrate, rafra\u00eechit et aide \u00e0 r\u00e9duire les odeurs de pieds. Id\u00e9al pour un usage quotidien et les pieds fatigu\u00e9s. <\/p>\n","protected":false},"featured_media":58555,"comment_status":"open","ping_status":"closed","template":"","meta":{"_acf_changed":false},"product_brand":[],"product_cat":[4988,5606,5053,5257,4972,4755,4999,5796,4996,5058],"product_tag":[],"class_list":{"0":"post-58558","1":"product","2":"type-product","3":"status-publish","4":"has-post-thumbnail","6":"product_cat-camillen-60-fr","7":"product_cat-camillen-60-soins-pieds","8":"product_cat-cremes-rafraichissantes","9":"product_cat-jambes-pieds-fatigues","10":"product_cat-nos-marques","11":"product_cat-pedicure","12":"product_cat-soins-specifique-pieds","13":"product_cat-soins-pieds-marque","14":"product_cat-soins-quotidiens-des-pieds","15":"product_cat-webshop-fr","16":"pa_inhoud-100-ml-fr","17":"pa_inhoud-500-ml-fr","19":"first","20":"instock","21":"taxable","22":"shipping-taxable","23":"product-type-variable"},"acf":[],"_links":{"self":[{"href":"https:\/\/sundar.be\/fr\/wp-json\/wp\/v2\/product\/58558","targetHints":{"allow":["GET"]}}],"collection":[{"href":"https:\/\/sundar.be\/fr\/wp-json\/wp\/v2\/product"}],"about":[{"href":"https:\/\/sundar.be\/fr\/wp-json\/wp\/v2\/types\/product"}],"replies":[{"embeddable":true,"href":"https:\/\/sundar.be\/fr\/wp-json\/wp\/v2\/comments?post=58558"}],"wp:featuredmedia":[{"embeddable":true,"href":"https:\/\/sundar.be\/fr\/wp-json\/wp\/v2\/media\/58555"}],"wp:attachment":[{"href":"https:\/\/sundar.be\/fr\/wp-json\/wp\/v2\/media?parent=58558"}],"wp:term":[{"taxonomy":"product_brand","embeddable":true,"href":"https:\/\/sundar.be\/fr\/wp-json\/wp\/v2\/product_brand?post=58558"},{"taxonomy":"product_cat","embeddable":true,"href":"https:\/\/sundar.be\/fr\/wp-json\/wp\/v2\/product_cat?post=58558"},{"taxonomy":"product_tag","embeddable":true,"href":"https:\/\/sundar.be\/fr\/wp-json\/wp\/v2\/product_tag?post=58558"}],"curies":[{"name":"wp","href":"https:\/\/api.w.org\/{rel}","templated":true}]}}