{"id":58546,"date":"2025-12-17T11:56:31","date_gmt":"2025-12-17T10:56:31","guid":{"rendered":"https:\/\/sundar.be\/product\/camillen-60-baume-pour-les-pieds-actif\/"},"modified":"2025-12-17T12:00:18","modified_gmt":"2025-12-17T11:00:18","slug":"camillen-60-baume-pour-les-pieds-actif","status":"publish","type":"product","link":"https:\/\/sundar.be\/fr\/produit\/camillen-60-baume-pour-les-pieds-actif\/","title":{"rendered":"Camillen 60 Baume pour les Pieds Actif"},"content":{"rendered":"<p data-start=\"68\" data-end=\"384\"><span style=\"color: #557e96;\"><strong>Camillen 60 Baume pour les Pieds Actif<\/strong><\/span> est un baume pour les pieds intensivement nourrissant et stimulant, sp\u00e9cialement d\u00e9velopp\u00e9 pour les pieds fatigu\u00e9s, sollicit\u00e9s et sensibles. Le baume nourrit la peau, soutient la circulation sanguine et procure un agr\u00e9able effet rafra\u00eechissant, id\u00e9al apr\u00e8s une longue journ\u00e9e ou une forte sollicitation. <\/p>\n<p data-start=\"386\" data-end=\"644\">Gr\u00e2ce \u00e0 la combinaison d\u2019ingr\u00e9dients nourrissants et stimulants, ce baume aide \u00e0 maintenir la souplesse de la peau et \u00e0 am\u00e9liorer le confort des pieds. Parfait pour un usage quotidien et indispensable dans les soins professionnels de p\u00e9dicurie. <\/p>\n","protected":false},"excerpt":{"rendered":"<p data-start=\"679\" data-end=\"821\">Un baume pour les pieds stimulant qui soigne, rafra\u00eechit et soutient les pieds fatigu\u00e9s. Id\u00e9al pour le soin quotidien et l\u2019usage professionnel. <\/p>\n","protected":false},"featured_media":58544,"comment_status":"open","ping_status":"closed","template":"","meta":{"_acf_changed":false},"product_brand":[],"product_cat":[4988,5606,5257,4972,4755,4999,5796,5058],"product_tag":[],"class_list":{"0":"post-58546","1":"product","2":"type-product","3":"status-publish","4":"has-post-thumbnail","6":"product_cat-camillen-60-fr","7":"product_cat-camillen-60-soins-pieds","8":"product_cat-jambes-pieds-fatigues","9":"product_cat-nos-marques","10":"product_cat-pedicure","11":"product_cat-soins-specifique-pieds","12":"product_cat-soins-pieds-marque","13":"product_cat-webshop-fr","14":"pa_inhoud-100-ml-fr","15":"pa_inhoud-500-ml-fr","17":"first","18":"instock","19":"taxable","20":"shipping-taxable","21":"product-type-variable"},"acf":[],"_links":{"self":[{"href":"https:\/\/sundar.be\/fr\/wp-json\/wp\/v2\/product\/58546","targetHints":{"allow":["GET"]}}],"collection":[{"href":"https:\/\/sundar.be\/fr\/wp-json\/wp\/v2\/product"}],"about":[{"href":"https:\/\/sundar.be\/fr\/wp-json\/wp\/v2\/types\/product"}],"replies":[{"embeddable":true,"href":"https:\/\/sundar.be\/fr\/wp-json\/wp\/v2\/comments?post=58546"}],"wp:featuredmedia":[{"embeddable":true,"href":"https:\/\/sundar.be\/fr\/wp-json\/wp\/v2\/media\/58544"}],"wp:attachment":[{"href":"https:\/\/sundar.be\/fr\/wp-json\/wp\/v2\/media?parent=58546"}],"wp:term":[{"taxonomy":"product_brand","embeddable":true,"href":"https:\/\/sundar.be\/fr\/wp-json\/wp\/v2\/product_brand?post=58546"},{"taxonomy":"product_cat","embeddable":true,"href":"https:\/\/sundar.be\/fr\/wp-json\/wp\/v2\/product_cat?post=58546"},{"taxonomy":"product_tag","embeddable":true,"href":"https:\/\/sundar.be\/fr\/wp-json\/wp\/v2\/product_tag?post=58546"}],"curies":[{"name":"wp","href":"https:\/\/api.w.org\/{rel}","templated":true}]}}