{"id":58528,"date":"2025-12-17T11:44:52","date_gmt":"2025-12-17T10:44:52","guid":{"rendered":"https:\/\/sundar.be\/product\/camillen-60-masque-hydratant-aloe-olive-500ml\/"},"modified":"2025-12-17T11:47:52","modified_gmt":"2025-12-17T10:47:52","slug":"camillen-60-masque-hydratant-aloe-olive-500ml","status":"publish","type":"product","link":"https:\/\/sundar.be\/fr\/produit\/camillen-60-masque-hydratant-aloe-olive-500ml\/","title":{"rendered":"Camillen 60 Masque Hydratant Aloe-Olive 500ml"},"content":{"rendered":"<p data-start=\"73\" data-end=\"351\">Le <span style=\"color: #557e96;\"><strong>Masque Hydratant Aloe-Olive Camillen 60<\/strong><\/span> est un masque intens\u00e9ment hydratant et nourrissant pour les peaux s\u00e8ches, sensibles et d\u00e9shydrat\u00e9es. Sa formule riche soutient la restauration de la barri\u00e8re cutan\u00e9e, apaise imm\u00e9diatement et aide la peau \u00e0 retrouver souplesse et confort. <\/p>\n<p data-start=\"353\" data-end=\"598\">Gr\u00e2ce \u00e0 des huiles et beurres nourrissants combin\u00e9s \u00e0 des ingr\u00e9dients apaisants, ce masque est id\u00e9al comme soin intensif pendant ou apr\u00e8s des traitements de p\u00e9dicurie et d\u2019esth\u00e9tique. Parfait pour un usage professionnel ainsi que pour les soins \u00e0 domicile. <\/p>\n","protected":false},"excerpt":{"rendered":"<p data-start=\"633\" data-end=\"773\">Un masque hydratant riche qui hydrate intens\u00e9ment, nourrit et apaise la peau. Id\u00e9al pour les peaux s\u00e8ches et sensibles n\u00e9cessitant un soin suppl\u00e9mentaire. <\/p>\n","protected":false},"featured_media":58525,"comment_status":"open","ping_status":"closed","template":"","meta":{"_acf_changed":false},"product_brand":[],"product_cat":[4988,5606,4998,4972,4755,5796,4996,5058],"product_tag":[],"class_list":{"0":"post-58528","1":"product","2":"type-product","3":"status-publish","4":"has-post-thumbnail","6":"product_cat-camillen-60-fr","7":"product_cat-camillen-60-soins-pieds","8":"product_cat-cremes-lotions-pieds","9":"product_cat-nos-marques","10":"product_cat-pedicure","11":"product_cat-soins-pieds-marque","12":"product_cat-soins-quotidiens-des-pieds","13":"product_cat-webshop-fr","15":"first","16":"instock","17":"taxable","18":"shipping-taxable","19":"product-type-simple"},"acf":[],"_links":{"self":[{"href":"https:\/\/sundar.be\/fr\/wp-json\/wp\/v2\/product\/58528","targetHints":{"allow":["GET"]}}],"collection":[{"href":"https:\/\/sundar.be\/fr\/wp-json\/wp\/v2\/product"}],"about":[{"href":"https:\/\/sundar.be\/fr\/wp-json\/wp\/v2\/types\/product"}],"replies":[{"embeddable":true,"href":"https:\/\/sundar.be\/fr\/wp-json\/wp\/v2\/comments?post=58528"}],"wp:featuredmedia":[{"embeddable":true,"href":"https:\/\/sundar.be\/fr\/wp-json\/wp\/v2\/media\/58525"}],"wp:attachment":[{"href":"https:\/\/sundar.be\/fr\/wp-json\/wp\/v2\/media?parent=58528"}],"wp:term":[{"taxonomy":"product_brand","embeddable":true,"href":"https:\/\/sundar.be\/fr\/wp-json\/wp\/v2\/product_brand?post=58528"},{"taxonomy":"product_cat","embeddable":true,"href":"https:\/\/sundar.be\/fr\/wp-json\/wp\/v2\/product_cat?post=58528"},{"taxonomy":"product_tag","embeddable":true,"href":"https:\/\/sundar.be\/fr\/wp-json\/wp\/v2\/product_tag?post=58528"}],"curies":[{"name":"wp","href":"https:\/\/api.w.org\/{rel}","templated":true}]}}