{"id":58519,"date":"2025-12-17T11:02:43","date_gmt":"2025-12-17T10:02:43","guid":{"rendered":"https:\/\/sundar.be\/product\/camillen-60-gel-peeling-aloe-olive\/"},"modified":"2025-12-17T11:41:12","modified_gmt":"2025-12-17T10:41:12","slug":"camillen-60-gel-peeling-aloe-olive","status":"publish","type":"product","link":"https:\/\/sundar.be\/fr\/produit\/camillen-60-gel-peeling-aloe-olive\/","title":{"rendered":"Camillen 60 Gel Peeling Aloe-Olive"},"content":{"rendered":"<p data-start=\"73\" data-end=\"368\"><span style=\"color: #557e96;\"><strong>Camillen 60 Gel Peeling Aloe-Olive<\/strong><\/span> est un gel exfoliant doux mais efficace qui \u00e9limine les cellules mortes et affine la structure de la peau. Gr\u00e2ce \u00e0 des particules exfoliantes naturelles associ\u00e9es \u00e0 des ingr\u00e9dients nourrissants, la peau est exfoli\u00e9e en profondeur sans \u00eatre dess\u00e9ch\u00e9e ni irrit\u00e9e. <\/p>\n<p data-start=\"370\" data-end=\"606\">La formule est id\u00e9ale pour une utilisation sur les pieds, les jambes et le corps et constitue une pr\u00e9paration parfaite avant un massage ou l\u2019application d\u2019une cr\u00e8me de soin. Convient aussi bien \u00e0 un usage professionnel en institut de p\u00e9dicurie et de beaut\u00e9 qu\u2019\u00e0 un usage \u00e0 domicile. <\/p>\n","protected":false},"excerpt":{"rendered":"<p data-start=\"641\" data-end=\"777\">Un gel peeling doux contenant des particules exfoliantes naturelles qui affine et soigne la peau. Id\u00e9al comme pr\u00e9paration aux soins ult\u00e9rieurs de la peau. <\/p>\n","protected":false},"featured_media":58517,"comment_status":"open","ping_status":"closed","template":"","meta":{"_acf_changed":false},"product_brand":[],"product_cat":[5055,4988,5606,4972,4755,5057,5796,5058],"product_tag":[],"class_list":{"0":"post-58519","1":"product","2":"type-product","3":"status-publish","4":"has-post-thumbnail","6":"product_cat-bains-pieds-gommage","7":"product_cat-camillen-60-fr","8":"product_cat-camillen-60-soins-pieds","9":"product_cat-nos-marques","10":"product_cat-pedicure","11":"product_cat-peelings-gommages","12":"product_cat-soins-pieds-marque","13":"product_cat-webshop-fr","14":"pa_inhoud-100-ml-fr","15":"pa_inhoud-500-ml-fr","17":"first","18":"instock","19":"taxable","20":"shipping-taxable","21":"product-type-variable"},"acf":[],"_links":{"self":[{"href":"https:\/\/sundar.be\/fr\/wp-json\/wp\/v2\/product\/58519","targetHints":{"allow":["GET"]}}],"collection":[{"href":"https:\/\/sundar.be\/fr\/wp-json\/wp\/v2\/product"}],"about":[{"href":"https:\/\/sundar.be\/fr\/wp-json\/wp\/v2\/types\/product"}],"replies":[{"embeddable":true,"href":"https:\/\/sundar.be\/fr\/wp-json\/wp\/v2\/comments?post=58519"}],"wp:featuredmedia":[{"embeddable":true,"href":"https:\/\/sundar.be\/fr\/wp-json\/wp\/v2\/media\/58517"}],"wp:attachment":[{"href":"https:\/\/sundar.be\/fr\/wp-json\/wp\/v2\/media?parent=58519"}],"wp:term":[{"taxonomy":"product_brand","embeddable":true,"href":"https:\/\/sundar.be\/fr\/wp-json\/wp\/v2\/product_brand?post=58519"},{"taxonomy":"product_cat","embeddable":true,"href":"https:\/\/sundar.be\/fr\/wp-json\/wp\/v2\/product_cat?post=58519"},{"taxonomy":"product_tag","embeddable":true,"href":"https:\/\/sundar.be\/fr\/wp-json\/wp\/v2\/product_tag?post=58519"}],"curies":[{"name":"wp","href":"https:\/\/api.w.org\/{rel}","templated":true}]}}