{"id":58511,"date":"2025-12-17T10:29:28","date_gmt":"2025-12-17T09:29:28","guid":{"rendered":"https:\/\/sundar.be\/product\/camillen-60-baume-de-massage-aloe-olive-500ml\/"},"modified":"2025-12-17T10:44:27","modified_gmt":"2025-12-17T09:44:27","slug":"camillen-60-baume-de-massage-aloe-olive-500ml","status":"publish","type":"product","link":"https:\/\/sundar.be\/fr\/produit\/camillen-60-baume-de-massage-aloe-olive-500ml\/","title":{"rendered":"Camillen 60 Baume de Massage Aloe-Olive, 500ml"},"content":{"rendered":"<p data-start=\"75\" data-end=\"377\"><span style=\"color: #557e96;\"><strong>Camillen 60 Baume de Massage Aloe-Olive<\/strong><\/span> est un baume riche et nourrissant pour des massages relaxants et prolong\u00e9s des pieds, des jambes et du corps. Le baume combine une excellente glisse avec un soin intensif de la peau et convient particuli\u00e8rement aux peaux s\u00e8ches, sensibles ou facilement irrit\u00e9es. <\/p>\n<p data-start=\"379\" data-end=\"663\">Gr\u00e2ce \u00e0 la combinaison d\u2019huile d\u2019olive, d\u2019aloe vera et de beurres nourrissants, ce baume de massage soutient la r\u00e9g\u00e9n\u00e9ration cutan\u00e9e et procure une sensation de peau souple, confortable et soign\u00e9e. Id\u00e9al pour un usage professionnel en institut de p\u00e9dicurie et de beaut\u00e9 ainsi que pour un soin luxueux \u00e0 domicile. <\/p>\n","protected":false},"excerpt":{"rendered":"<p data-start=\"698\" data-end=\"840\">Un baume de massage riche \u00e0 l\u2019huile d\u2019olive et \u00e0 l\u2019aloe vera qui nourrit, adoucit et prot\u00e8ge la peau. Id\u00e9al pour des massages relaxants et nourrissants. <\/p>\n","protected":false},"featured_media":58510,"comment_status":"open","ping_status":"closed","template":"","meta":{"_acf_changed":false},"product_brand":[],"product_cat":[4767,4988,4227,4225,4223,4972,5058],"product_tag":[],"class_list":{"0":"post-58511","1":"product","2":"type-product","3":"status-publish","4":"has-post-thumbnail","6":"product_cat-beaute","7":"product_cat-camillen-60-fr","8":"product_cat-massage-lotions-de-massage","9":"product_cat-huiles-de-massage-lotions","10":"product_cat-massage-fr-webshop-fr","11":"product_cat-nos-marques","12":"product_cat-webshop-fr","14":"first","15":"instock","16":"taxable","17":"shipping-taxable","18":"product-type-simple"},"acf":[],"_links":{"self":[{"href":"https:\/\/sundar.be\/fr\/wp-json\/wp\/v2\/product\/58511","targetHints":{"allow":["GET"]}}],"collection":[{"href":"https:\/\/sundar.be\/fr\/wp-json\/wp\/v2\/product"}],"about":[{"href":"https:\/\/sundar.be\/fr\/wp-json\/wp\/v2\/types\/product"}],"replies":[{"embeddable":true,"href":"https:\/\/sundar.be\/fr\/wp-json\/wp\/v2\/comments?post=58511"}],"wp:featuredmedia":[{"embeddable":true,"href":"https:\/\/sundar.be\/fr\/wp-json\/wp\/v2\/media\/58510"}],"wp:attachment":[{"href":"https:\/\/sundar.be\/fr\/wp-json\/wp\/v2\/media?parent=58511"}],"wp:term":[{"taxonomy":"product_brand","embeddable":true,"href":"https:\/\/sundar.be\/fr\/wp-json\/wp\/v2\/product_brand?post=58511"},{"taxonomy":"product_cat","embeddable":true,"href":"https:\/\/sundar.be\/fr\/wp-json\/wp\/v2\/product_cat?post=58511"},{"taxonomy":"product_tag","embeddable":true,"href":"https:\/\/sundar.be\/fr\/wp-json\/wp\/v2\/product_tag?post=58511"}],"curies":[{"name":"wp","href":"https:\/\/api.w.org\/{rel}","templated":true}]}}