{"id":58504,"date":"2025-12-17T10:21:37","date_gmt":"2025-12-17T09:21:37","guid":{"rendered":"https:\/\/sundar.be\/product\/camillen-60-spray-deodorant-pour-pieds\/"},"modified":"2025-12-17T10:23:33","modified_gmt":"2025-12-17T09:23:33","slug":"camillen-60-spray-deodorant-pour-pieds","status":"publish","type":"product","link":"https:\/\/sundar.be\/fr\/produit\/camillen-60-spray-deodorant-pour-pieds\/","title":{"rendered":"Camillen 60 Spray D\u00e9odorant pour Pieds"},"content":{"rendered":"<p data-start=\"64\" data-end=\"345\"><span style=\"color: #557e96;\"><strong>Camillen 60 Spray D\u00e9odorant pour Pieds<\/strong><\/span> est un spray efficace et rafra\u00eechissant qui aide \u00e0 pr\u00e9venir les odeurs de pieds et la transpiration excessive. La formule agit de mani\u00e8re d\u00e9odorante, rafra\u00eechit imm\u00e9diatement les pieds et soutient une condition cutan\u00e9e hygi\u00e9nique, id\u00e9ale pour un usage quotidien. <\/p>\n<p data-start=\"347\" data-end=\"577\">Gr\u00e2ce \u00e0 la combinaison d\u2019ingr\u00e9dients neutralisant les odeurs et apaisants, ce spray d\u00e9odorant pour pieds est particuli\u00e8rement adapt\u00e9 aux pieds moites et aux pieds enferm\u00e9s longtemps dans des chaussures ferm\u00e9es. Parfait pour un usage professionnel et \u00e0 domicile. <\/p>\n","protected":false},"excerpt":{"rendered":"<p data-start=\"612\" data-end=\"750\">Un spray d\u00e9odorant rafra\u00eechissant pour les pieds qui aide \u00e0 pr\u00e9venir les odeurs et maintient les pieds frais durablement. Id\u00e9al en cas de pieds moites et pour un usage quotidien. <\/p>\n","protected":false},"featured_media":58503,"comment_status":"open","ping_status":"closed","template":"","meta":{"_acf_changed":false},"product_brand":[],"product_cat":[4997,4988,5606,4972,4755,5796,4996,5058],"product_tag":[],"class_list":{"0":"post-58504","1":"product","2":"type-product","3":"status-publish","4":"has-post-thumbnail","6":"product_cat-anti-transpirants","7":"product_cat-camillen-60-fr","8":"product_cat-camillen-60-soins-pieds","9":"product_cat-nos-marques","10":"product_cat-pedicure","11":"product_cat-soins-pieds-marque","12":"product_cat-soins-quotidiens-des-pieds","13":"product_cat-webshop-fr","14":"pa_inhoud-125ml-fr","15":"pa_inhoud-500-ml-fr","17":"first","18":"instock","19":"taxable","20":"shipping-taxable","21":"product-type-variable"},"acf":[],"_links":{"self":[{"href":"https:\/\/sundar.be\/fr\/wp-json\/wp\/v2\/product\/58504","targetHints":{"allow":["GET"]}}],"collection":[{"href":"https:\/\/sundar.be\/fr\/wp-json\/wp\/v2\/product"}],"about":[{"href":"https:\/\/sundar.be\/fr\/wp-json\/wp\/v2\/types\/product"}],"replies":[{"embeddable":true,"href":"https:\/\/sundar.be\/fr\/wp-json\/wp\/v2\/comments?post=58504"}],"wp:featuredmedia":[{"embeddable":true,"href":"https:\/\/sundar.be\/fr\/wp-json\/wp\/v2\/media\/58503"}],"wp:attachment":[{"href":"https:\/\/sundar.be\/fr\/wp-json\/wp\/v2\/media?parent=58504"}],"wp:term":[{"taxonomy":"product_brand","embeddable":true,"href":"https:\/\/sundar.be\/fr\/wp-json\/wp\/v2\/product_brand?post=58504"},{"taxonomy":"product_cat","embeddable":true,"href":"https:\/\/sundar.be\/fr\/wp-json\/wp\/v2\/product_cat?post=58504"},{"taxonomy":"product_tag","embeddable":true,"href":"https:\/\/sundar.be\/fr\/wp-json\/wp\/v2\/product_tag?post=58504"}],"curies":[{"name":"wp","href":"https:\/\/api.w.org\/{rel}","templated":true}]}}