{"id":58494,"date":"2025-12-17T10:13:49","date_gmt":"2025-12-17T09:13:49","guid":{"rendered":"https:\/\/sundar.be\/product\/camillen-60-huile-de-massage-menthe\/"},"modified":"2025-12-17T10:16:16","modified_gmt":"2025-12-17T09:16:16","slug":"camillen-60-huile-de-massage-menthe","status":"publish","type":"product","link":"https:\/\/sundar.be\/fr\/produit\/camillen-60-huile-de-massage-menthe\/","title":{"rendered":"Camillen 60 Huile de Massage Menthe"},"content":{"rendered":"<p data-start=\"67\" data-end=\"383\"><span style=\"color: #557e96;\"><strong>Camillen 60 Huile de Massage Menthe<\/strong><\/span> est une huile de massage nourrissante et rafra\u00eechissante, sp\u00e9cialement d\u00e9velopp\u00e9e pour les massages relaxants et stimulants des pieds, des jambes et du corps. La combinaison d\u2019huiles v\u00e9g\u00e9tales de haute qualit\u00e9 assure une excellente glisse, tandis que la peau est intens\u00e9ment nourrie et reste souple. <\/p>\n<p data-start=\"385\" data-end=\"620\">Gr\u00e2ce \u00e0 l\u2019ajout d\u2019huile de menthe, cette huile de massage procure un agr\u00e9able effet rafra\u00eechissant et tonifiant. Id\u00e9ale pour un usage professionnel dans les instituts de p\u00e9dicurie et de beaut\u00e9 et parfaite comme soin final apr\u00e8s un traitement. <\/p>\n","protected":false},"excerpt":{"rendered":"<p data-start=\"655\" data-end=\"792\">Une huile de massage rafra\u00eechissante \u00e0 la menthe qui nourrit la peau et procure un effet rafra\u00eechissant. Id\u00e9ale pour des massages relaxants et stimulants. <\/p>\n","protected":false},"featured_media":58493,"comment_status":"open","ping_status":"closed","template":"","meta":{"_acf_changed":false},"product_brand":[],"product_cat":[4988,4227,4225,4223,4972,5058],"product_tag":[],"class_list":{"0":"post-58494","1":"product","2":"type-product","3":"status-publish","4":"has-post-thumbnail","6":"product_cat-camillen-60-fr","7":"product_cat-massage-lotions-de-massage","8":"product_cat-huiles-de-massage-lotions","9":"product_cat-massage-fr-webshop-fr","10":"product_cat-nos-marques","11":"product_cat-webshop-fr","12":"pa_inhoud-125ml-fr","13":"pa_inhoud-500-ml-fr","15":"first","16":"instock","17":"taxable","18":"shipping-taxable","19":"product-type-variable"},"acf":[],"_links":{"self":[{"href":"https:\/\/sundar.be\/fr\/wp-json\/wp\/v2\/product\/58494","targetHints":{"allow":["GET"]}}],"collection":[{"href":"https:\/\/sundar.be\/fr\/wp-json\/wp\/v2\/product"}],"about":[{"href":"https:\/\/sundar.be\/fr\/wp-json\/wp\/v2\/types\/product"}],"replies":[{"embeddable":true,"href":"https:\/\/sundar.be\/fr\/wp-json\/wp\/v2\/comments?post=58494"}],"wp:featuredmedia":[{"embeddable":true,"href":"https:\/\/sundar.be\/fr\/wp-json\/wp\/v2\/media\/58493"}],"wp:attachment":[{"href":"https:\/\/sundar.be\/fr\/wp-json\/wp\/v2\/media?parent=58494"}],"wp:term":[{"taxonomy":"product_brand","embeddable":true,"href":"https:\/\/sundar.be\/fr\/wp-json\/wp\/v2\/product_brand?post=58494"},{"taxonomy":"product_cat","embeddable":true,"href":"https:\/\/sundar.be\/fr\/wp-json\/wp\/v2\/product_cat?post=58494"},{"taxonomy":"product_tag","embeddable":true,"href":"https:\/\/sundar.be\/fr\/wp-json\/wp\/v2\/product_tag?post=58494"}],"curies":[{"name":"wp","href":"https:\/\/api.w.org\/{rel}","templated":true}]}}