{"id":58487,"date":"2025-12-17T09:55:09","date_gmt":"2025-12-17T08:55:09","guid":{"rendered":"https:\/\/sundar.be\/product\/camillen-60-assouplissant-pour-ongles-20ml\/"},"modified":"2025-12-17T09:57:23","modified_gmt":"2025-12-17T08:57:23","slug":"camillen-60-assouplissant-pour-ongles-20ml","status":"publish","type":"product","link":"https:\/\/sundar.be\/fr\/produit\/camillen-60-assouplissant-pour-ongles-20ml\/","title":{"rendered":"Camillen 60 Assouplissant pour Ongles, 20ml"},"content":{"rendered":"<p data-start=\"66\" data-end=\"398\"><span style=\"color: #557e96;\"><strong>Camillen 60 Assouplissant pour Ongles<\/strong><\/span> est un liquide professionnel efficace sp\u00e9cialement d\u00e9velopp\u00e9 pour assouplir les ongles et les cuticules afin de rendre les traitements plus efficaces et confortables. La formule rend les bords d\u2019ongles et les cuticules durcis plus souples, ce qui facilite un traitement pr\u00e9cis et soign\u00e9. <\/p>\n<p data-start=\"400\" data-end=\"597\">Gr\u00e2ce \u00e0 des ingr\u00e9dients hydratants et apaisants, cet assouplissant soutient le confort de la peau pendant les soins de manucure et de p\u00e9dicure. Id\u00e9al pour un usage professionnel comme \u00e9tape pr\u00e9paratoire. <\/p>\n","protected":false},"excerpt":{"rendered":"<p data-start=\"632\" data-end=\"790\">Un assouplissant professionnel pour ongles qui rend les ongles et les cuticules souples et facilite le traitement. Id\u00e9al comme pr\u00e9paration en manucure et p\u00e9dicure. <\/p>\n","protected":false},"featured_media":58486,"comment_status":"open","ping_status":"closed","template":"","meta":{"_acf_changed":false},"product_brand":[],"product_cat":[4988,4972,4761,5085,5077,5087,5058],"product_tag":[],"class_list":{"0":"post-58487","1":"product","2":"type-product","3":"status-publish","4":"has-post-thumbnail","6":"product_cat-camillen-60-fr","7":"product_cat-nos-marques","8":"product_cat-pose-ongles","9":"product_cat-manucure-serum-ongles","10":"product_cat-manucure-soin-des-ongles","11":"product_cat-soins-ciblees","12":"product_cat-webshop-fr","14":"first","15":"instock","16":"taxable","17":"shipping-taxable","18":"product-type-simple"},"acf":[],"_links":{"self":[{"href":"https:\/\/sundar.be\/fr\/wp-json\/wp\/v2\/product\/58487","targetHints":{"allow":["GET"]}}],"collection":[{"href":"https:\/\/sundar.be\/fr\/wp-json\/wp\/v2\/product"}],"about":[{"href":"https:\/\/sundar.be\/fr\/wp-json\/wp\/v2\/types\/product"}],"replies":[{"embeddable":true,"href":"https:\/\/sundar.be\/fr\/wp-json\/wp\/v2\/comments?post=58487"}],"wp:featuredmedia":[{"embeddable":true,"href":"https:\/\/sundar.be\/fr\/wp-json\/wp\/v2\/media\/58486"}],"wp:attachment":[{"href":"https:\/\/sundar.be\/fr\/wp-json\/wp\/v2\/media?parent=58487"}],"wp:term":[{"taxonomy":"product_brand","embeddable":true,"href":"https:\/\/sundar.be\/fr\/wp-json\/wp\/v2\/product_brand?post=58487"},{"taxonomy":"product_cat","embeddable":true,"href":"https:\/\/sundar.be\/fr\/wp-json\/wp\/v2\/product_cat?post=58487"},{"taxonomy":"product_tag","embeddable":true,"href":"https:\/\/sundar.be\/fr\/wp-json\/wp\/v2\/product_tag?post=58487"}],"curies":[{"name":"wp","href":"https:\/\/api.w.org\/{rel}","templated":true}]}}