{"id":58483,"date":"2025-12-17T09:49:45","date_gmt":"2025-12-17T08:49:45","guid":{"rendered":"https:\/\/sundar.be\/product\/camillen-60-creme-pour-cuticules-30ml\/"},"modified":"2025-12-17T09:51:41","modified_gmt":"2025-12-17T08:51:41","slug":"camillen-60-creme-pour-cuticules-30ml","status":"publish","type":"product","link":"https:\/\/sundar.be\/fr\/produit\/camillen-60-creme-pour-cuticules-30ml\/","title":{"rendered":"Camillen 60 Cr\u00e8me pour Cuticules, 30ml"},"content":{"rendered":"<p data-start=\"65\" data-end=\"339\"><span style=\"color: #557e96;\"><strong>Camillen 60 Cr\u00e8me pour Cuticules<\/strong><\/span> est une cr\u00e8me de soin intensif sp\u00e9cialement d\u00e9velopp\u00e9e pour les cuticules s\u00e8ches, rugueuses et sensibles. Sa formule hydrate, adoucit et soutient le processus naturel de r\u00e9paration de la peau autour des ongles, afin que les cuticules restent souples et bien soign\u00e9es. <\/p>\n<p data-start=\"341\" data-end=\"547\">Gr\u00e2ce \u00e0 une combinaison d\u2019ingr\u00e9dients hydratants, apaisants et r\u00e9parateurs, cette cr\u00e8me est id\u00e9ale pour un usage quotidien et particuli\u00e8rement adapt\u00e9e aux traitements professionnels de manucure et de p\u00e9dicure.<\/p>\n","protected":false},"excerpt":{"rendered":"<p data-start=\"582\" data-end=\"744\">Une cr\u00e8me de soin pour cuticules qui hydrate, adoucit et soutient la r\u00e9paration des cuticules s\u00e8ches. Id\u00e9ale pour un usage quotidien et professionnel. <\/p>\n","protected":false},"featured_media":58482,"comment_status":"open","ping_status":"closed","template":"","meta":{"_acf_changed":false},"product_brand":[],"product_cat":[4988,5079,4972,4761,5077,5058],"product_tag":[],"class_list":{"0":"post-58483","1":"product","2":"type-product","3":"status-publish","4":"has-post-thumbnail","6":"product_cat-camillen-60-fr","7":"product_cat-creme-ongles","8":"product_cat-nos-marques","9":"product_cat-pose-ongles","10":"product_cat-manucure-soin-des-ongles","11":"product_cat-webshop-fr","13":"first","14":"instock","15":"taxable","16":"shipping-taxable","17":"product-type-simple"},"acf":[],"_links":{"self":[{"href":"https:\/\/sundar.be\/fr\/wp-json\/wp\/v2\/product\/58483","targetHints":{"allow":["GET"]}}],"collection":[{"href":"https:\/\/sundar.be\/fr\/wp-json\/wp\/v2\/product"}],"about":[{"href":"https:\/\/sundar.be\/fr\/wp-json\/wp\/v2\/types\/product"}],"replies":[{"embeddable":true,"href":"https:\/\/sundar.be\/fr\/wp-json\/wp\/v2\/comments?post=58483"}],"wp:featuredmedia":[{"embeddable":true,"href":"https:\/\/sundar.be\/fr\/wp-json\/wp\/v2\/media\/58482"}],"wp:attachment":[{"href":"https:\/\/sundar.be\/fr\/wp-json\/wp\/v2\/media?parent=58483"}],"wp:term":[{"taxonomy":"product_brand","embeddable":true,"href":"https:\/\/sundar.be\/fr\/wp-json\/wp\/v2\/product_brand?post=58483"},{"taxonomy":"product_cat","embeddable":true,"href":"https:\/\/sundar.be\/fr\/wp-json\/wp\/v2\/product_cat?post=58483"},{"taxonomy":"product_tag","embeddable":true,"href":"https:\/\/sundar.be\/fr\/wp-json\/wp\/v2\/product_tag?post=58483"}],"curies":[{"name":"wp","href":"https:\/\/api.w.org\/{rel}","templated":true}]}}