{"id":58475,"date":"2025-12-17T09:38:33","date_gmt":"2025-12-17T08:38:33","guid":{"rendered":"https:\/\/sundar.be\/product\/camillen-60-poudre-pour-les-pieds-100g\/"},"modified":"2025-12-17T09:40:40","modified_gmt":"2025-12-17T08:40:40","slug":"camillen-60-poudre-pour-les-pieds-100g","status":"publish","type":"product","link":"https:\/\/sundar.be\/fr\/produit\/camillen-60-poudre-pour-les-pieds-100g\/","title":{"rendered":"Camillen 60 Poudre pour les Pieds, 100g"},"content":{"rendered":"<p data-start=\"61\" data-end=\"335\"><span style=\"color: #557e96;\"><strong>Camillen 60 Poudre pour les Pieds<\/strong><\/span> est une poudre de soin et de protection qui aide \u00e0 r\u00e9guler la transpiration et \u00e0 pr\u00e9venir les odeurs d\u00e9sagr\u00e9ables des pieds. Sa formule l\u00e9g\u00e8re absorbe l\u2019exc\u00e8s d\u2019humidit\u00e9, maintient les pieds au sec et favorise une sensation de peau fra\u00eeche et confortable. <\/p>\n<p data-start=\"337\" data-end=\"596\">Gr\u00e2ce \u00e0 des ingr\u00e9dients apaisants et soignants, cette poudre pour les pieds est id\u00e9ale pour un usage quotidien et particuli\u00e8rement adapt\u00e9e aux pieds sujets \u00e0 une transpiration excessive ou restant longtemps dans des chaussures ferm\u00e9es. Parfaite pour un usage professionnel ainsi que comme soin compl\u00e9mentaire \u00e0 domicile. <\/p>\n","protected":false},"excerpt":{"rendered":"<p data-start=\"631\" data-end=\"763\">Une poudre de soin pour les pieds qui absorbe l\u2019exc\u00e8s d\u2019humidit\u00e9 et aide \u00e0 r\u00e9duire les odeurs. Maintient les pieds secs, frais et confortables. <\/p>\n","protected":false},"featured_media":58474,"comment_status":"open","ping_status":"closed","template":"","meta":{"_acf_changed":false},"product_brand":[],"product_cat":[4997,4988,5606,4972,4755,5796,4996,5058],"product_tag":[],"class_list":{"0":"post-58475","1":"product","2":"type-product","3":"status-publish","4":"has-post-thumbnail","6":"product_cat-anti-transpirants","7":"product_cat-camillen-60-fr","8":"product_cat-camillen-60-soins-pieds","9":"product_cat-nos-marques","10":"product_cat-pedicure","11":"product_cat-soins-pieds-marque","12":"product_cat-soins-quotidiens-des-pieds","13":"product_cat-webshop-fr","15":"first","16":"instock","17":"taxable","18":"shipping-taxable","19":"product-type-simple"},"acf":[],"_links":{"self":[{"href":"https:\/\/sundar.be\/fr\/wp-json\/wp\/v2\/product\/58475","targetHints":{"allow":["GET"]}}],"collection":[{"href":"https:\/\/sundar.be\/fr\/wp-json\/wp\/v2\/product"}],"about":[{"href":"https:\/\/sundar.be\/fr\/wp-json\/wp\/v2\/types\/product"}],"replies":[{"embeddable":true,"href":"https:\/\/sundar.be\/fr\/wp-json\/wp\/v2\/comments?post=58475"}],"wp:featuredmedia":[{"embeddable":true,"href":"https:\/\/sundar.be\/fr\/wp-json\/wp\/v2\/media\/58474"}],"wp:attachment":[{"href":"https:\/\/sundar.be\/fr\/wp-json\/wp\/v2\/media?parent=58475"}],"wp:term":[{"taxonomy":"product_brand","embeddable":true,"href":"https:\/\/sundar.be\/fr\/wp-json\/wp\/v2\/product_brand?post=58475"},{"taxonomy":"product_cat","embeddable":true,"href":"https:\/\/sundar.be\/fr\/wp-json\/wp\/v2\/product_cat?post=58475"},{"taxonomy":"product_tag","embeddable":true,"href":"https:\/\/sundar.be\/fr\/wp-json\/wp\/v2\/product_tag?post=58475"}],"curies":[{"name":"wp","href":"https:\/\/api.w.org\/{rel}","templated":true}]}}