{"id":58452,"date":"2025-12-17T08:43:50","date_gmt":"2025-12-17T07:43:50","guid":{"rendered":"https:\/\/sundar.be\/product\/camillen-60-sel-de-bain-40g\/"},"modified":"2025-12-17T11:56:43","modified_gmt":"2025-12-17T10:56:43","slug":"camillen-60-sel-de-bain-40g","status":"publish","type":"product","link":"https:\/\/sundar.be\/fr\/produit\/camillen-60-sel-de-bain-40g\/","title":{"rendered":"Camillen 60 Badzout"},"content":{"rendered":"<p>Sel de bain pour les pieds aux extraits de fruits m\u00fbris au soleil et de plantes m\u00e9dicinales. Nettoie et soigne la peau des pieds.<br \/>Un sel de bain pour les pieds d\u00e9licieusement parfum\u00e9 \u00e0 l\u2019aloe vera et \u00e0 l\u2019olive de Camillen 60. Le m\u00e9lange est enrichi en extraits de fruits m\u00fbris au soleil et de plantes m\u00e9dicinales. Ce sel de bain nettoie et adoucit la peau des pieds. Il est id\u00e9al pour les pieds et les jambes stress\u00e9s et fatigu\u00e9s. Un produit relaxant, rafra\u00eechissant et soignant pour une hygi\u00e8ne parfaite des pieds !      <\/p>\n","protected":false},"excerpt":{"rendered":"<p>Sel de bain pour les pieds aux extraits de fruits m\u00fbris au soleil et de plantes m\u00e9dicinales. Nettoie et soigne la peau des pieds.Un sel de bain pour les pieds d\u00e9licieusement parfum\u00e9 \u00e0 l\u2019aloe vera et \u00e0 l\u2019olive de Camillen 60. Le m\u00e9lange est enrichi en extraits de fruits m\u00fbris au soleil et de plantes [&hellip;]<\/p>\n","protected":false},"featured_media":58537,"comment_status":"open","ping_status":"closed","template":"","meta":{"_acf_changed":false},"product_brand":[],"product_cat":[5055,4988,5606,4972,4755,5056,5796,5058],"product_tag":[],"class_list":{"0":"post-58452","1":"product","2":"type-product","3":"status-publish","4":"has-post-thumbnail","6":"product_cat-bains-pieds-gommage","7":"product_cat-camillen-60-fr","8":"product_cat-camillen-60-soins-pieds","9":"product_cat-nos-marques","10":"product_cat-pedicure","11":"product_cat-produits-bain-pieds","12":"product_cat-soins-pieds-marque","13":"product_cat-webshop-fr","14":"pa_inhoud-1350-g","15":"pa_inhoud-350-g","16":"pa_inhoud-40-g","18":"first","19":"instock","20":"taxable","21":"shipping-taxable","22":"product-type-variable"},"acf":[],"_links":{"self":[{"href":"https:\/\/sundar.be\/fr\/wp-json\/wp\/v2\/product\/58452","targetHints":{"allow":["GET"]}}],"collection":[{"href":"https:\/\/sundar.be\/fr\/wp-json\/wp\/v2\/product"}],"about":[{"href":"https:\/\/sundar.be\/fr\/wp-json\/wp\/v2\/types\/product"}],"replies":[{"embeddable":true,"href":"https:\/\/sundar.be\/fr\/wp-json\/wp\/v2\/comments?post=58452"}],"wp:featuredmedia":[{"embeddable":true,"href":"https:\/\/sundar.be\/fr\/wp-json\/wp\/v2\/media\/58537"}],"wp:attachment":[{"href":"https:\/\/sundar.be\/fr\/wp-json\/wp\/v2\/media?parent=58452"}],"wp:term":[{"taxonomy":"product_brand","embeddable":true,"href":"https:\/\/sundar.be\/fr\/wp-json\/wp\/v2\/product_brand?post=58452"},{"taxonomy":"product_cat","embeddable":true,"href":"https:\/\/sundar.be\/fr\/wp-json\/wp\/v2\/product_cat?post=58452"},{"taxonomy":"product_tag","embeddable":true,"href":"https:\/\/sundar.be\/fr\/wp-json\/wp\/v2\/product_tag?post=58452"}],"curies":[{"name":"wp","href":"https:\/\/api.w.org\/{rel}","templated":true}]}}