{"id":58448,"date":"2025-12-17T08:24:53","date_gmt":"2025-12-17T07:24:53","guid":{"rendered":"https:\/\/sundar.be\/product\/refectocil-precision-brow-tweezer\/"},"modified":"2025-12-17T08:27:46","modified_gmt":"2025-12-17T07:27:46","slug":"refectocil-precision-brow-tweezer","status":"publish","type":"product","link":"https:\/\/sundar.be\/fr\/produit\/refectocil-precision-brow-tweezer\/","title":{"rendered":"RefectoCil Precision Brow Tweezer"},"content":{"rendered":"<p>La \u00ab Precision Brow Tweezer by RefectoCil \u00bb est un instrument professionnel de haute qualit\u00e9, adapt\u00e9 \u00e0 la mise en forme des sourcils. Elle est fabriqu\u00e9e en acier inoxydable et poss\u00e8de une forme ergonomique parfaitement \u00e9tudi\u00e9e. Gr\u00e2ce \u00e0 sa pointe biseaut\u00e9e, m\u00eame les poils tr\u00e8s courts ou fins peuvent \u00eatre saisis et retir\u00e9s facilement.  <\/p>\n<p>De plus : pour des normes d\u2019hygi\u00e8ne optimales, le produit peut \u00eatre st\u00e9rilis\u00e9.<br \/>\nPour ce produit, RefectoCil a collabor\u00e9 avec canal\u00ae, une entreprise familiale autrichienne r\u00e9put\u00e9e pour ses instruments professionnels de haute qualit\u00e9 destin\u00e9s \u00e0 la manucure, la p\u00e9dicure et l\u2019hygi\u00e8ne bucco-dentaire.<\/p>\n","protected":false},"excerpt":{"rendered":"<p>Pour la mise en forme des sourcils.<\/p>\n","protected":false},"featured_media":58446,"comment_status":"open","ping_status":"closed","template":"","meta":{"_acf_changed":false},"product_brand":[],"product_cat":[4767,4446,5791,4448,5058],"product_tag":[],"class_list":{"0":"post-58448","1":"product","2":"type-product","3":"status-publish","4":"has-post-thumbnail","6":"product_cat-beaute","7":"product_cat-cils-sourcils","8":"product_cat-cils-pinces","9":"product_cat-beaute-refectocil","10":"product_cat-webshop-fr","12":"first","13":"instock","14":"taxable","15":"shipping-taxable","16":"product-type-simple"},"acf":[],"_links":{"self":[{"href":"https:\/\/sundar.be\/fr\/wp-json\/wp\/v2\/product\/58448","targetHints":{"allow":["GET"]}}],"collection":[{"href":"https:\/\/sundar.be\/fr\/wp-json\/wp\/v2\/product"}],"about":[{"href":"https:\/\/sundar.be\/fr\/wp-json\/wp\/v2\/types\/product"}],"replies":[{"embeddable":true,"href":"https:\/\/sundar.be\/fr\/wp-json\/wp\/v2\/comments?post=58448"}],"wp:featuredmedia":[{"embeddable":true,"href":"https:\/\/sundar.be\/fr\/wp-json\/wp\/v2\/media\/58446"}],"wp:attachment":[{"href":"https:\/\/sundar.be\/fr\/wp-json\/wp\/v2\/media?parent=58448"}],"wp:term":[{"taxonomy":"product_brand","embeddable":true,"href":"https:\/\/sundar.be\/fr\/wp-json\/wp\/v2\/product_brand?post=58448"},{"taxonomy":"product_cat","embeddable":true,"href":"https:\/\/sundar.be\/fr\/wp-json\/wp\/v2\/product_cat?post=58448"},{"taxonomy":"product_tag","embeddable":true,"href":"https:\/\/sundar.be\/fr\/wp-json\/wp\/v2\/product_tag?post=58448"}],"curies":[{"name":"wp","href":"https:\/\/api.w.org\/{rel}","templated":true}]}}