{"id":58439,"date":"2025-12-17T08:19:16","date_gmt":"2025-12-17T07:19:16","guid":{"rendered":"https:\/\/sundar.be\/product\/refectocil-brow-brushanizer\/"},"modified":"2025-12-17T08:20:37","modified_gmt":"2025-12-17T07:20:37","slug":"refectocil-brow-brushanizer","status":"publish","type":"product","link":"https:\/\/sundar.be\/fr\/produit\/refectocil-brow-brushanizer\/","title":{"rendered":"RefectoCil Brow Brushanizer"},"content":{"rendered":"<p>Le tout dernier indispensable pour les professionnels des sourcils et des cils : le Brushanizer.<br \/>Les surfaces de travail sales et la recherche d\u2019un endroit pour poser vos outils pour sourcils et cils appartiennent d\u00e9sormais au pass\u00e9 !<br \/>\nLe Brushanizer est une solution pratique et hygi\u00e9nique qui peut \u00eatre utilis\u00e9e pour des pinceaux courts ou longs.<br \/>\nDe plus, le Brushanizer fait office d\u2019\u00e9l\u00e9ment d\u00e9coratif dans chaque salon de stylisme des sourcils et des cils !<\/p>\n","protected":false},"excerpt":{"rendered":"<p>Le tout dernier indispensable pour les professionnels des sourcils et des cils : le Brushanizer.Les surfaces de travail sales et la recherche d\u2019un endroit pour poser vos outils pour sourcils et cils appartiennent d\u00e9sormais au pass\u00e9 ! Le Brushanizer est une solution pratique et hygi\u00e9nique qui peut \u00eatre utilis\u00e9e pour des pinceaux courts ou longs. [&hellip;]<\/p>\n","protected":false},"featured_media":58438,"comment_status":"open","ping_status":"closed","template":"","meta":{"_acf_changed":false},"product_brand":[],"product_cat":[4767,4456,4446,4448,5058],"product_tag":[],"class_list":{"0":"post-58439","1":"product","2":"type-product","3":"status-publish","4":"has-post-thumbnail","6":"product_cat-beaute","7":"product_cat-borsses-cils-accessoires","8":"product_cat-cils-sourcils","9":"product_cat-beaute-refectocil","10":"product_cat-webshop-fr","12":"first","13":"instock","14":"taxable","15":"shipping-taxable","16":"product-type-simple"},"acf":[],"_links":{"self":[{"href":"https:\/\/sundar.be\/fr\/wp-json\/wp\/v2\/product\/58439","targetHints":{"allow":["GET"]}}],"collection":[{"href":"https:\/\/sundar.be\/fr\/wp-json\/wp\/v2\/product"}],"about":[{"href":"https:\/\/sundar.be\/fr\/wp-json\/wp\/v2\/types\/product"}],"replies":[{"embeddable":true,"href":"https:\/\/sundar.be\/fr\/wp-json\/wp\/v2\/comments?post=58439"}],"wp:featuredmedia":[{"embeddable":true,"href":"https:\/\/sundar.be\/fr\/wp-json\/wp\/v2\/media\/58438"}],"wp:attachment":[{"href":"https:\/\/sundar.be\/fr\/wp-json\/wp\/v2\/media?parent=58439"}],"wp:term":[{"taxonomy":"product_brand","embeddable":true,"href":"https:\/\/sundar.be\/fr\/wp-json\/wp\/v2\/product_brand?post=58439"},{"taxonomy":"product_cat","embeddable":true,"href":"https:\/\/sundar.be\/fr\/wp-json\/wp\/v2\/product_cat?post=58439"},{"taxonomy":"product_tag","embeddable":true,"href":"https:\/\/sundar.be\/fr\/wp-json\/wp\/v2\/product_tag?post=58439"}],"curies":[{"name":"wp","href":"https:\/\/api.w.org\/{rel}","templated":true}]}}