{"id":58435,"date":"2025-12-17T08:02:44","date_gmt":"2025-12-17T07:02:44","guid":{"rendered":"https:\/\/sundar.be\/product\/table-dinstruments-tania-avec-support-pour-lampe-loupe\/"},"modified":"2025-12-17T08:03:35","modified_gmt":"2025-12-17T07:03:35","slug":"table-dinstruments-tania-avec-support-pour-lampe-loupe","status":"publish","type":"product","link":"https:\/\/sundar.be\/fr\/produit\/table-dinstruments-tania-avec-support-pour-lampe-loupe\/","title":{"rendered":"Table d\u2019instruments Tania avec support pour lampe-loupe"},"content":{"rendered":"<p>Table de travail en m\u00e9tal et verre tremp\u00e9, \u00e9quip\u00e9e d\u2019un support pour lampe-loupe.<\/p>\n<p><strong>Dimensions:<\/strong> H 81 x B 58,8 x D 43 cm<\/p>\n","protected":false},"excerpt":{"rendered":"<p>Table de travail en m\u00e9tal et verre tremp\u00e9, \u00e9quip\u00e9e d\u2019un support pour lampe-loupe. Dimensions: H 81 x B 58,8 x D 43 cm<\/p>\n","protected":false},"featured_media":58434,"comment_status":"open","ping_status":"closed","template":"","meta":{"_acf_changed":false},"product_brand":[],"product_cat":[4945,4788,4784,5058],"product_tag":[],"class_list":{"0":"post-58435","1":"product","2":"type-product","3":"status-publish","4":"has-post-thumbnail","6":"product_cat-amenagement-institut-webshop-fr","7":"product_cat-meubles-de-travail","8":"product_cat-amenagement-mobilier","9":"product_cat-webshop-fr","11":"first","12":"instock","13":"taxable","14":"shipping-taxable","15":"product-type-simple"},"acf":[],"_links":{"self":[{"href":"https:\/\/sundar.be\/fr\/wp-json\/wp\/v2\/product\/58435","targetHints":{"allow":["GET"]}}],"collection":[{"href":"https:\/\/sundar.be\/fr\/wp-json\/wp\/v2\/product"}],"about":[{"href":"https:\/\/sundar.be\/fr\/wp-json\/wp\/v2\/types\/product"}],"replies":[{"embeddable":true,"href":"https:\/\/sundar.be\/fr\/wp-json\/wp\/v2\/comments?post=58435"}],"wp:featuredmedia":[{"embeddable":true,"href":"https:\/\/sundar.be\/fr\/wp-json\/wp\/v2\/media\/58434"}],"wp:attachment":[{"href":"https:\/\/sundar.be\/fr\/wp-json\/wp\/v2\/media?parent=58435"}],"wp:term":[{"taxonomy":"product_brand","embeddable":true,"href":"https:\/\/sundar.be\/fr\/wp-json\/wp\/v2\/product_brand?post=58435"},{"taxonomy":"product_cat","embeddable":true,"href":"https:\/\/sundar.be\/fr\/wp-json\/wp\/v2\/product_cat?post=58435"},{"taxonomy":"product_tag","embeddable":true,"href":"https:\/\/sundar.be\/fr\/wp-json\/wp\/v2\/product_tag?post=58435"}],"curies":[{"name":"wp","href":"https:\/\/api.w.org\/{rel}","templated":true}]}}