{"id":58432,"date":"2025-12-17T08:00:39","date_gmt":"2025-12-17T07:00:39","guid":{"rendered":"https:\/\/sundar.be\/product\/table-dinstruments-viola\/"},"modified":"2025-12-17T08:01:23","modified_gmt":"2025-12-17T07:01:23","slug":"table-dinstruments-viola","status":"publish","type":"product","link":"https:\/\/sundar.be\/fr\/produit\/table-dinstruments-viola\/","title":{"rendered":"Table d\u2019instruments Viola"},"content":{"rendered":"<p>La table de travail Viola avec trois plateaux ouverts est id\u00e9ale pour le rangement du mat\u00e9riel de beaut\u00e9. Le petit tiroir situ\u00e9 en haut permet de ranger, entre autres, des accessoires. Cette table de travail est compos\u00e9e de verre d\u00e9poli et d\u2019un cadre m\u00e9tallique blanc, \u00e9quip\u00e9 de roulettes.  <\/p>\n<p><strong>Dimensions:<\/strong> 50 x 32 x 85 cm<\/p>\n","protected":false},"excerpt":{"rendered":"<p>La table de travail Viola avec trois plateaux ouverts est id\u00e9ale pour le rangement du mat\u00e9riel de beaut\u00e9. Le petit tiroir situ\u00e9 en haut permet de ranger, entre autres, des accessoires. Cette table de travail est compos\u00e9e de verre d\u00e9poli et d\u2019un cadre m\u00e9tallique blanc, \u00e9quip\u00e9 de roulettes. Dimensions: 50 x 32 x 85 cm<\/p>\n","protected":false},"featured_media":58430,"comment_status":"open","ping_status":"closed","template":"","meta":{"_acf_changed":false},"product_brand":[],"product_cat":[4945,4788,4784,5058],"product_tag":[],"class_list":{"0":"post-58432","1":"product","2":"type-product","3":"status-publish","4":"has-post-thumbnail","6":"product_cat-amenagement-institut-webshop-fr","7":"product_cat-meubles-de-travail","8":"product_cat-amenagement-mobilier","9":"product_cat-webshop-fr","11":"first","12":"instock","13":"taxable","14":"shipping-taxable","15":"product-type-simple"},"acf":[],"_links":{"self":[{"href":"https:\/\/sundar.be\/fr\/wp-json\/wp\/v2\/product\/58432","targetHints":{"allow":["GET"]}}],"collection":[{"href":"https:\/\/sundar.be\/fr\/wp-json\/wp\/v2\/product"}],"about":[{"href":"https:\/\/sundar.be\/fr\/wp-json\/wp\/v2\/types\/product"}],"replies":[{"embeddable":true,"href":"https:\/\/sundar.be\/fr\/wp-json\/wp\/v2\/comments?post=58432"}],"wp:featuredmedia":[{"embeddable":true,"href":"https:\/\/sundar.be\/fr\/wp-json\/wp\/v2\/media\/58430"}],"wp:attachment":[{"href":"https:\/\/sundar.be\/fr\/wp-json\/wp\/v2\/media?parent=58432"}],"wp:term":[{"taxonomy":"product_brand","embeddable":true,"href":"https:\/\/sundar.be\/fr\/wp-json\/wp\/v2\/product_brand?post=58432"},{"taxonomy":"product_cat","embeddable":true,"href":"https:\/\/sundar.be\/fr\/wp-json\/wp\/v2\/product_cat?post=58432"},{"taxonomy":"product_tag","embeddable":true,"href":"https:\/\/sundar.be\/fr\/wp-json\/wp\/v2\/product_tag?post=58432"}],"curies":[{"name":"wp","href":"https:\/\/api.w.org\/{rel}","templated":true}]}}