{"id":58416,"date":"2025-12-17T07:54:40","date_gmt":"2025-12-17T06:54:40","guid":{"rendered":"https:\/\/sundar.be\/product\/table-dinstruments-beauty-luxe\/"},"modified":"2025-12-17T07:55:20","modified_gmt":"2025-12-17T06:55:20","slug":"table-dinstruments-beauty-luxe","status":"publish","type":"product","link":"https:\/\/sundar.be\/fr\/produit\/table-dinstruments-beauty-luxe\/","title":{"rendered":"Table d\u2019instruments Beauty Luxe"},"content":{"rendered":"<p>Chariot solide et esth\u00e9tique. Id\u00e9al pour le rangement du mat\u00e9riel de beaut\u00e9. Finition haut de gamme et luxueuse.  <\/p>\n<p><strong>Dimensions <\/strong>: 50 x 35 x 86 cm<\/p>\n<p><strong>Couleur : <\/strong>blanc<\/p>\n","protected":false},"excerpt":{"rendered":"<p>Chariot solide et esth\u00e9tique. Id\u00e9al pour le rangement du mat\u00e9riel de beaut\u00e9. Finition haut de gamme et luxueuse. Dimensions : 50 x 35 x 86 cm Couleur : blanc<\/p>\n","protected":false},"featured_media":58414,"comment_status":"open","ping_status":"closed","template":"","meta":{"_acf_changed":false},"product_brand":[],"product_cat":[4945,4788,4784,5058],"product_tag":[],"class_list":{"0":"post-58416","1":"product","2":"type-product","3":"status-publish","4":"has-post-thumbnail","6":"product_cat-amenagement-institut-webshop-fr","7":"product_cat-meubles-de-travail","8":"product_cat-amenagement-mobilier","9":"product_cat-webshop-fr","11":"first","12":"instock","13":"taxable","14":"shipping-taxable","15":"product-type-simple"},"acf":[],"_links":{"self":[{"href":"https:\/\/sundar.be\/fr\/wp-json\/wp\/v2\/product\/58416","targetHints":{"allow":["GET"]}}],"collection":[{"href":"https:\/\/sundar.be\/fr\/wp-json\/wp\/v2\/product"}],"about":[{"href":"https:\/\/sundar.be\/fr\/wp-json\/wp\/v2\/types\/product"}],"replies":[{"embeddable":true,"href":"https:\/\/sundar.be\/fr\/wp-json\/wp\/v2\/comments?post=58416"}],"wp:featuredmedia":[{"embeddable":true,"href":"https:\/\/sundar.be\/fr\/wp-json\/wp\/v2\/media\/58414"}],"wp:attachment":[{"href":"https:\/\/sundar.be\/fr\/wp-json\/wp\/v2\/media?parent=58416"}],"wp:term":[{"taxonomy":"product_brand","embeddable":true,"href":"https:\/\/sundar.be\/fr\/wp-json\/wp\/v2\/product_brand?post=58416"},{"taxonomy":"product_cat","embeddable":true,"href":"https:\/\/sundar.be\/fr\/wp-json\/wp\/v2\/product_cat?post=58416"},{"taxonomy":"product_tag","embeddable":true,"href":"https:\/\/sundar.be\/fr\/wp-json\/wp\/v2\/product_tag?post=58416"}],"curies":[{"name":"wp","href":"https:\/\/api.w.org\/{rel}","templated":true}]}}