{"id":58409,"date":"2025-12-17T07:52:39","date_gmt":"2025-12-17T06:52:39","guid":{"rendered":"https:\/\/sundar.be\/product\/chariot-de-travail-cirea\/"},"modified":"2025-12-17T07:53:15","modified_gmt":"2025-12-17T06:53:15","slug":"chariot-de-travail-cirea","status":"publish","type":"product","link":"https:\/\/sundar.be\/fr\/produit\/chariot-de-travail-cirea\/","title":{"rendered":"Chariot de travail Cirea"},"content":{"rendered":"<p>La jolie table d\u2019instruments Cirea en plastique offre de nombreuses possibilit\u00e9s de rangement et peut \u00eatre utilis\u00e9e sur ses quatre c\u00f4t\u00e9s. Les compartiments de rangement pratiques et les tiroirs permettent de garder votre mat\u00e9riel organis\u00e9 et hors de vue. La table d\u2019instruments Cirea est r\u00e9alis\u00e9e dans un blanc \u00e0 l\u2019aspect frais.  <\/p>\n<p>Dimensions : hauteur 90 cm x largeur 42 cm x profondeur 37 cm.<\/p>\n<p>Les dimensions int\u00e9rieures du plateau sup\u00e9rieur sont de 19,5 cm de largeur x 31 cm de profondeur.<\/p>\n","protected":false},"excerpt":{"rendered":"<p>La jolie table d\u2019instruments Cirea en plastique offre de nombreuses possibilit\u00e9s de rangement et peut \u00eatre utilis\u00e9e sur ses quatre c\u00f4t\u00e9s. Les compartiments de rangement pratiques et les tiroirs permettent de garder votre mat\u00e9riel organis\u00e9 et hors de vue. La table d\u2019instruments Cirea est r\u00e9alis\u00e9e dans un blanc \u00e0 l\u2019aspect frais. Dimensions : hauteur 90 [&hellip;]<\/p>\n","protected":false},"featured_media":58408,"comment_status":"open","ping_status":"closed","template":"","meta":{"_acf_changed":false},"product_brand":[],"product_cat":[4945,4788,4784,5058],"product_tag":[],"class_list":{"0":"post-58409","1":"product","2":"type-product","3":"status-publish","4":"has-post-thumbnail","6":"product_cat-amenagement-institut-webshop-fr","7":"product_cat-meubles-de-travail","8":"product_cat-amenagement-mobilier","9":"product_cat-webshop-fr","11":"first","12":"instock","13":"taxable","14":"shipping-taxable","15":"product-type-simple"},"acf":[],"_links":{"self":[{"href":"https:\/\/sundar.be\/fr\/wp-json\/wp\/v2\/product\/58409","targetHints":{"allow":["GET"]}}],"collection":[{"href":"https:\/\/sundar.be\/fr\/wp-json\/wp\/v2\/product"}],"about":[{"href":"https:\/\/sundar.be\/fr\/wp-json\/wp\/v2\/types\/product"}],"replies":[{"embeddable":true,"href":"https:\/\/sundar.be\/fr\/wp-json\/wp\/v2\/comments?post=58409"}],"wp:featuredmedia":[{"embeddable":true,"href":"https:\/\/sundar.be\/fr\/wp-json\/wp\/v2\/media\/58408"}],"wp:attachment":[{"href":"https:\/\/sundar.be\/fr\/wp-json\/wp\/v2\/media?parent=58409"}],"wp:term":[{"taxonomy":"product_brand","embeddable":true,"href":"https:\/\/sundar.be\/fr\/wp-json\/wp\/v2\/product_brand?post=58409"},{"taxonomy":"product_cat","embeddable":true,"href":"https:\/\/sundar.be\/fr\/wp-json\/wp\/v2\/product_cat?post=58409"},{"taxonomy":"product_tag","embeddable":true,"href":"https:\/\/sundar.be\/fr\/wp-json\/wp\/v2\/product_tag?post=58409"}],"curies":[{"name":"wp","href":"https:\/\/api.w.org\/{rel}","templated":true}]}}