{"id":58405,"date":"2025-12-17T07:46:04","date_gmt":"2025-12-17T06:46:04","guid":{"rendered":"https:\/\/sundar.be\/product\/table-dinstruments-salon-trolley-erney\/"},"modified":"2025-12-17T07:51:02","modified_gmt":"2025-12-17T06:51:02","slug":"table-dinstruments-salon-trolley-erney","status":"publish","type":"product","link":"https:\/\/sundar.be\/fr\/produit\/table-dinstruments-salon-trolley-erney\/","title":{"rendered":"Table d\u2019instruments Salon Trolley Erney"},"content":{"rendered":"<p>La table de travail Erney de P Clinic respire en un mot le \u00ab luxe \u00bb et la robustesse.<\/p>\n<ul>\n<li>Ce chariot Erney est tr\u00e8s solide et est \u00e9quip\u00e9 de 2 plateaux et de 1 tiroir.<\/li>\n<li>Les deux c\u00f4t\u00e9s sont pourvus de supports permettant de fixer une lampe-loupe.<\/li>\n<li>Ce chariot est id\u00e9al comme chariot pour appareils, par exemple pour un moteur de p\u00e9dicure, ou comme chariot \u00e0 cire pour un bain de paraffine ou du mat\u00e9riel d\u2019\u00e9pilation.<\/li>\n<\/ul>\n<p><strong>Dimensions :<\/strong> H 80 x L 48 x P 32 cm<\/p>\n<p>CETTE TABLE DE TRAVAIL EST LIVR\u00c9E ENTI\u00c8REMENT MONT\u00c9E DANS L\u2019EMBALLAGE.<\/p>\n","protected":false},"excerpt":{"rendered":"<p>La table de travail Erney de P Clinic respire en un mot le \u00ab luxe \u00bb et la robustesse. Ce chariot Erney est tr\u00e8s solide et est \u00e9quip\u00e9 de 2 plateaux et de 1 tiroir. Les deux c\u00f4t\u00e9s sont pourvus de supports permettant de fixer une lampe-loupe. Ce chariot est id\u00e9al comme chariot pour appareils, [&hellip;]<\/p>\n","protected":false},"featured_media":58404,"comment_status":"open","ping_status":"closed","template":"","meta":{"_acf_changed":false},"product_brand":[],"product_cat":[4945,4788,4784,5058],"product_tag":[],"class_list":{"0":"post-58405","1":"product","2":"type-product","3":"status-publish","4":"has-post-thumbnail","6":"product_cat-amenagement-institut-webshop-fr","7":"product_cat-meubles-de-travail","8":"product_cat-amenagement-mobilier","9":"product_cat-webshop-fr","11":"first","12":"instock","13":"taxable","14":"shipping-taxable","15":"product-type-simple"},"acf":[],"_links":{"self":[{"href":"https:\/\/sundar.be\/fr\/wp-json\/wp\/v2\/product\/58405","targetHints":{"allow":["GET"]}}],"collection":[{"href":"https:\/\/sundar.be\/fr\/wp-json\/wp\/v2\/product"}],"about":[{"href":"https:\/\/sundar.be\/fr\/wp-json\/wp\/v2\/types\/product"}],"replies":[{"embeddable":true,"href":"https:\/\/sundar.be\/fr\/wp-json\/wp\/v2\/comments?post=58405"}],"wp:featuredmedia":[{"embeddable":true,"href":"https:\/\/sundar.be\/fr\/wp-json\/wp\/v2\/media\/58404"}],"wp:attachment":[{"href":"https:\/\/sundar.be\/fr\/wp-json\/wp\/v2\/media?parent=58405"}],"wp:term":[{"taxonomy":"product_brand","embeddable":true,"href":"https:\/\/sundar.be\/fr\/wp-json\/wp\/v2\/product_brand?post=58405"},{"taxonomy":"product_cat","embeddable":true,"href":"https:\/\/sundar.be\/fr\/wp-json\/wp\/v2\/product_cat?post=58405"},{"taxonomy":"product_tag","embeddable":true,"href":"https:\/\/sundar.be\/fr\/wp-json\/wp\/v2\/product_tag?post=58405"}],"curies":[{"name":"wp","href":"https:\/\/api.w.org\/{rel}","templated":true}]}}